{"id":9467,"date":"2023-08-25T19:38:56","date_gmt":"2023-08-25T16:08:56","guid":{"rendered":"https:\/\/karinapolymer.com\/ueber-uns\/"},"modified":"2025-03-25T09:40:46","modified_gmt":"2025-03-25T10:40:46","slug":"ueber-uns","status":"publish","type":"page","link":"https:\/\/karinapolymer.com\/de\/ueber-uns\/","title":{"rendered":"\u00dcber uns"},"content":{"rendered":"\t\t<div data-elementor-type=\"wp-page\" data-elementor-id=\"9467\" class=\"elementor elementor-9467 elementor-2174\" data-elementor-post-type=\"page\">\n\t\t\t\t\t\t<section class=\"elementor-section elementor-top-section elementor-element elementor-element-6be98fe9 elementor-section-boxed elementor-section-height-default elementor-section-height-default\" data-id=\"6be98fe9\" data-element_type=\"section\" data-e-type=\"section\">\n\t\t\t\t\t\t<div class=\"elementor-container elementor-column-gap-default\">\n\t\t\t\t\t<div class=\"elementor-column elementor-col-100 elementor-top-column elementor-element elementor-element-148fec3b\" data-id=\"148fec3b\" data-element_type=\"column\" data-e-type=\"column\">\n\t\t\t<div class=\"elementor-widget-wrap elementor-element-populated\">\n\t\t\t\t\t\t<div class=\"elementor-element elementor-element-53607e13 color-scheme-inherit text-left elementor-widget elementor-widget-text-editor\" data-id=\"53607e13\" data-element_type=\"widget\" data-e-type=\"widget\" data-widget_type=\"text-editor.default\">\n\t\t\t\t\t\t\t\t\t<p style=\"text-align: right;\">Eine Nachricht vom Management der Karina Polymer Company<\/p>\n<h3 style=\"text-align: right;\">Sehr geehrter Herr Nikfar<\/h3>\n\t\t\t\t\t\t\t\t<\/div>\n\t\t\t\t\t<\/div>\n\t\t<\/div>\n\t\t\t\t\t<\/div>\n\t\t<\/section>\n\t\t\t\t<section class=\"elementor-section elementor-top-section elementor-element elementor-element-0f5d8e6 elementor-section-boxed elementor-section-height-default elementor-section-height-default\" data-id=\"0f5d8e6\" data-element_type=\"section\" data-e-type=\"section\">\n\t\t\t\t\t\t<div class=\"elementor-container elementor-column-gap-default\">\n\t\t\t\t\t<div class=\"elementor-column elementor-col-50 elementor-top-column elementor-element elementor-element-fb7aeec\" data-id=\"fb7aeec\" data-element_type=\"column\" data-e-type=\"column\">\n\t\t\t<div class=\"elementor-widget-wrap elementor-element-populated\">\n\t\t\t\t\t\t<div class=\"elementor-element elementor-element-94754c5 elementor-widget elementor-widget-wd_text_block\" data-id=\"94754c5\" data-element_type=\"widget\" data-e-type=\"widget\" data-widget_type=\"wd_text_block.default\">\n\t\t\t\t<div class=\"elementor-widget-container\">\n\t\t\t\t\t\t\t<div class=\"wd-text-block reset-last-child text-left\">\n\t\t\t\n\t\t\t<p style=\"text-align: justify;\">Wir sind Hersteller von technischen <a href=\"https:\/\/karinapolymer.com\/home-group\/\">Polymerverbindungen<\/a> in den Bereichen Haushaltsger\u00e4te, Sicherheit, Bau, Stra\u00dfenbau und Verkehr sowie Automobil.<br>Unser Unternehmen ist mit der Herstellung technischer Polymerverbindungen in die Fertigungst\u00e4tigkeit eingestiegen. Von Anfang an hatten wir das Ziel, spezielle Rezepturen f\u00fcr Unternehmen zu entwickeln, die haupts\u00e4chlich spezielle Rohstoffe in der Haushaltsger\u00e4te-, Automobil- und Krankenhausindustrie verwenden. Es ist uns gelungen, die Rohstoffimporte in verschiedenen Sektoren zu reduzieren. Unser Schwerpunkt liegt auf der Herstellung von Polycarbonat-, ABS-, Polypropylen- und schweren Polyethylenverbindungen. Dieses Jahr haben wir auf der Messe ein Produkt vorgestellt, das ABS ersetzen kann. Das hei\u00dft, wir haben eine Verbindung hergestellt, die nicht auf ABS basiert, aber dessen Eigenschaften besitzt und in Bezug auf Hitzebest\u00e4ndigkeit, Einf\u00e4rbbarkeit und Schlagfestigkeit in einigen F\u00e4llen in Standardlabortests besser abgeschnitten hat als ABS.<\/p>\n\t\t\t\t\t<\/div>\n\t\t\t\t\t\t<\/div>\n\t\t\t\t<\/div>\n\t\t\t\t<div class=\"elementor-element elementor-element-46a658a color-scheme-inherit text-left elementor-widget elementor-widget-text-editor\" data-id=\"46a658a\" data-element_type=\"widget\" data-e-type=\"widget\" data-widget_type=\"text-editor.default\">\n\t\t\t\t\t\t\t\t\t<p style=\"text-align: justify;\">Karina Polymer ist Mitglied der iranischen Vereinigung der Hersteller von Masterbatches und Polymermischungen. Klicken Sie unten, um die Informationen anzuzeigen.<\/p>\n\t\t\t\t\t\t\t\t<\/div>\n\t\t\t\t<div class=\"elementor-element elementor-element-55f0e64 elementor-align-center elementor-widget elementor-widget-button\" data-id=\"55f0e64\" data-element_type=\"widget\" data-e-type=\"widget\" data-widget_type=\"button.default\">\n\t\t\t\t\t\t\t\t\t\t<a class=\"elementor-button elementor-button-link elementor-size-sm\" href=\"http:\/\/.\">\n\t\t\t\t\t\t<span class=\"elementor-button-content-wrapper\">\n\t\t\t\t\t\t\t\t\t<span class=\"elementor-button-text\">.<\/span>\n\t\t\t\t\t<\/span>\n\t\t\t\t\t<\/a>\n\t\t\t\t\t\t\t\t<\/div>\n\t\t\t\t\t<\/div>\n\t\t<\/div>\n\t\t\t\t<div class=\"elementor-column elementor-col-50 elementor-top-column elementor-element elementor-element-61bfe60\" data-id=\"61bfe60\" data-element_type=\"column\" data-e-type=\"column\">\n\t\t\t<div class=\"elementor-widget-wrap elementor-element-populated\">\n\t\t\t\t\t\t<div class=\"elementor-element elementor-element-ba4e99a elementor-widget elementor-widget-wd_image_or_svg\" data-id=\"ba4e99a\" data-element_type=\"widget\" data-e-type=\"widget\" data-widget_type=\"wd_image_or_svg.default\">\n\t\t\t\t<div class=\"elementor-widget-container\">\n\t\t\t\t\t\n\t\t<div class=\"wd-image text-left\">\n\t\t\t\t\t\t\t\t<img loading=\"lazy\" decoding=\"async\" width=\"965\" height=\"616\" src=\"https:\/\/karinapolymer.com\/wp-content\/uploads\/2023\/08\/photokarina.jpg\" class=\"attachment-full size-full\" alt=\"\" srcset=\"https:\/\/karinapolymer.com\/wp-content\/uploads\/2023\/08\/photokarina.jpg 965w, https:\/\/karinapolymer.com\/wp-content\/uploads\/2023\/08\/photokarina-300x192.jpg 300w, https:\/\/karinapolymer.com\/wp-content\/uploads\/2023\/08\/photokarina-768x490.jpg 768w, https:\/\/karinapolymer.com\/wp-content\/uploads\/2023\/08\/photokarina-150x96.jpg 150w\" sizes=\"auto, (max-width: 965px) 100vw, 965px\" \/>\t\t\t\t\t<\/div>\n\n\t\t\t\t\t\t<\/div>\n\t\t\t\t<\/div>\n\t\t\t\t<div class=\"elementor-element elementor-element-3a65ba9 elementor-align-center elementor-widget elementor-widget-button\" data-id=\"3a65ba9\" data-element_type=\"widget\" data-e-type=\"widget\" data-widget_type=\"button.default\">\n\t\t\t\t\t\t\t\t\t\t<a class=\"elementor-button elementor-button-link elementor-size-sm\" href=\"http:\/\/.\">\n\t\t\t\t\t\t<span class=\"elementor-button-content-wrapper\">\n\t\t\t\t\t\t\t\t\t<span class=\"elementor-button-text\">.<\/span>\n\t\t\t\t\t<\/span>\n\t\t\t\t\t<\/a>\n\t\t\t\t\t\t\t\t<\/div>\n\t\t\t\t<div class=\"elementor-element elementor-element-2c4dc01 elementor-align-center elementor-widget elementor-widget-button\" data-id=\"2c4dc01\" data-element_type=\"widget\" data-e-type=\"widget\" data-widget_type=\"button.default\">\n\t\t\t\t\t\t\t\t\t\t<a class=\"elementor-button elementor-button-link elementor-size-sm\" href=\"https:\/\/karinapolymer.com\/%d8%a2%d9%82%d8%a7%db%8c-%d8%b3%db%8c%d8%a7%d9%88%d8%b4-%d9%86%db%8c%da%a9%d9%81%d8%b1-%d9%85%d8%af%db%8c%d8%b1%db%8c%d8%aa-%d8%b4%d8%b1%da%a9%d8%aa\/\">\n\t\t\t\t\t\t<span class=\"elementor-button-content-wrapper\">\n\t\t\t\t\t\t\t\t\t<span class=\"elementor-button-text\">Einf\u00fchrung in das Management<\/span>\n\t\t\t\t\t<\/span>\n\t\t\t\t\t<\/a>\n\t\t\t\t\t\t\t\t<\/div>\n\t\t\t\t\t<\/div>\n\t\t<\/div>\n\t\t\t\t\t<\/div>\n\t\t<\/section>\n\t\t\t\t<section class=\"elementor-section elementor-top-section elementor-element elementor-element-e5470c4 elementor-section-boxed elementor-section-height-default elementor-section-height-default\" data-id=\"e5470c4\" data-element_type=\"section\" data-e-type=\"section\">\n\t\t\t\t\t\t<div class=\"elementor-container elementor-column-gap-default\">\n\t\t\t\t\t<div class=\"elementor-column elementor-col-50 elementor-top-column elementor-element elementor-element-b9db3c5\" data-id=\"b9db3c5\" data-element_type=\"column\" data-e-type=\"column\">\n\t\t\t<div class=\"elementor-widget-wrap elementor-element-populated\">\n\t\t\t\t\t\t<div class=\"elementor-element elementor-element-c190fbc color-scheme-inherit text-left elementor-widget elementor-widget-text-editor\" data-id=\"c190fbc\" data-element_type=\"widget\" data-e-type=\"widget\" data-widget_type=\"text-editor.default\">\n\t\t\t\t\t\t\t\t\t<p style=\"text-align: justify;\"><strong>Alle von der Karina Polymer Company hergestellten Produkte entsprechen dem internationalen Exportstandard SGS und werden in einem kundenspezifischen Datenblatt entsprechend den bestellten Produkten hergestellt, was den Inlandsmarkt zufriedenstellt und auch auf dem Auslandsmarkt Anklang findet und in wichtige L\u00e4nder wie Russland, die T\u00fcrkei usw. <a href=\"https:\/\/karinapolymer.com\/portfolio\/\">exportiert <\/a>wird, deren M\u00e4rkte \u00e4u\u00dferst wettbewerbsintensiv sind.<\/strong><\/p>\n\t\t\t\t\t\t\t\t<\/div>\n\t\t\t\t\t<\/div>\n\t\t<\/div>\n\t\t\t\t<div class=\"elementor-column elementor-col-50 elementor-top-column elementor-element elementor-element-be93878\" data-id=\"be93878\" data-element_type=\"column\" data-e-type=\"column\">\n\t\t\t<div class=\"elementor-widget-wrap elementor-element-populated\">\n\t\t\t\t\t\t<div class=\"elementor-element elementor-element-8ea9403 elementor-widget elementor-widget-image\" data-id=\"8ea9403\" data-element_type=\"widget\" data-e-type=\"widget\" data-widget_type=\"image.default\">\n\t\t\t\t\t\t\t\t\t\t\t\t\t\t\t<img loading=\"lazy\" decoding=\"async\" width=\"540\" height=\"540\" src=\"https:\/\/karinapolymer.com\/wp-content\/uploads\/2024\/07\/karinasgs.jpg\" class=\"attachment-full size-full wp-image-6468\" alt=\"\" srcset=\"https:\/\/karinapolymer.com\/wp-content\/uploads\/2024\/07\/karinasgs.jpg 540w, https:\/\/karinapolymer.com\/wp-content\/uploads\/2024\/07\/karinasgs-300x300.jpg 300w, https:\/\/karinapolymer.com\/wp-content\/uploads\/2024\/07\/karinasgs-150x150.jpg 150w\" sizes=\"auto, (max-width: 540px) 100vw, 540px\" \/>\t\t\t\t\t\t\t\t\t\t\t\t\t\t\t<\/div>\n\t\t\t\t\t<\/div>\n\t\t<\/div>\n\t\t\t\t\t<\/div>\n\t\t<\/section>\n\t\t\t\t<section class=\"elementor-section elementor-top-section elementor-element elementor-element-7d764c7 elementor-section-boxed elementor-section-height-default elementor-section-height-default\" data-id=\"7d764c7\" data-element_type=\"section\" data-e-type=\"section\">\n\t\t\t\t\t\t<div class=\"elementor-container elementor-column-gap-default\">\n\t\t\t\t\t<div class=\"elementor-column elementor-col-100 elementor-top-column elementor-element elementor-element-38638f4\" data-id=\"38638f4\" data-element_type=\"column\" data-e-type=\"column\">\n\t\t\t<div class=\"elementor-widget-wrap elementor-element-populated\">\n\t\t\t\t\t\t<div class=\"elementor-element elementor-element-b427ba1 elementor-widget elementor-widget-wd_text_block\" data-id=\"b427ba1\" data-element_type=\"widget\" data-e-type=\"widget\" data-widget_type=\"wd_text_block.default\">\n\t\t\t\t<div class=\"elementor-widget-container\">\n\t\t\t\t\t\t\t<div class=\"wd-text-block reset-last-child text-left\">\n\t\t\t\n\t\t\t<h4 style=\"text-align: center;\">Internationale Zertifizierung<\/h4>\n\t\t\t\t\t<\/div>\n\t\t\t\t\t\t<\/div>\n\t\t\t\t<\/div>\n\t\t\t\t<div class=\"elementor-element elementor-element-df157df elementor-widget elementor-widget-theme-post-featured-image elementor-widget-image\" data-id=\"df157df\" data-element_type=\"widget\" data-e-type=\"widget\" data-widget_type=\"theme-post-featured-image.default\">\n\t\t\t\t\t\t\t\t\t\t\t\t\t\t\t<img loading=\"lazy\" decoding=\"async\" width=\"522\" height=\"500\" src=\"https:\/\/karinapolymer.com\/wp-content\/uploads\/2023\/12\/certificate-frame.jpg\" class=\"attachment-large size-large wp-image-4140\" alt=\"\u06af\u0648\u0627\u0647\u06cc\u0646\u0627\u0645\u0647 \u0639\u0636\u0648\u06cc\u062a \u0627\u0646\u062c\u0645\u0646 \u06a9\u0627\u0645\u067e\u0627\u0646\u062f \u0648 \u0645\u0633\u062a\u0631\u0628\u0686\" srcset=\"https:\/\/karinapolymer.com\/wp-content\/uploads\/2023\/12\/certificate-frame.jpg 522w, https:\/\/karinapolymer.com\/wp-content\/uploads\/2023\/12\/certificate-frame-300x287.jpg 300w, https:\/\/karinapolymer.com\/wp-content\/uploads\/2023\/12\/certificate-frame-150x144.jpg 150w\" sizes=\"auto, (max-width: 522px) 100vw, 522px\" \/>\t\t\t\t\t\t\t\t\t\t\t\t\t\t\t<\/div>\n\t\t\t\t\t<\/div>\n\t\t<\/div>\n\t\t\t\t\t<\/div>\n\t\t<\/section>\n\t\t\t\t<section class=\"elementor-section elementor-top-section elementor-element elementor-element-9182070 elementor-section-boxed elementor-section-height-default elementor-section-height-default\" data-id=\"9182070\" data-element_type=\"section\" data-e-type=\"section\">\n\t\t\t\t\t\t<div class=\"elementor-container elementor-column-gap-default\">\n\t\t\t\t\t<div class=\"elementor-column elementor-col-50 elementor-top-column elementor-element elementor-element-2a64e93\" data-id=\"2a64e93\" data-element_type=\"column\" data-e-type=\"column\">\n\t\t\t<div class=\"elementor-widget-wrap elementor-element-populated\">\n\t\t\t\t\t\t<div class=\"elementor-element elementor-element-6865b49 elementor-widget elementor-widget-theme-post-featured-image elementor-widget-image\" data-id=\"6865b49\" data-element_type=\"widget\" data-e-type=\"widget\" data-widget_type=\"theme-post-featured-image.default\">\n\t\t\t\t\t\t\t\t\t\t\t\t\t\t\t<img loading=\"lazy\" decoding=\"async\" width=\"522\" height=\"500\" src=\"https:\/\/karinapolymer.com\/wp-content\/uploads\/2023\/12\/certificate-frame3.jpg\" class=\"attachment-large size-large wp-image-4170\" alt=\"\" srcset=\"https:\/\/karinapolymer.com\/wp-content\/uploads\/2023\/12\/certificate-frame3.jpg 522w, https:\/\/karinapolymer.com\/wp-content\/uploads\/2023\/12\/certificate-frame3-300x287.jpg 300w, https:\/\/karinapolymer.com\/wp-content\/uploads\/2023\/12\/certificate-frame3-150x144.jpg 150w\" sizes=\"auto, (max-width: 522px) 100vw, 522px\" \/>\t\t\t\t\t\t\t\t\t\t\t\t\t\t\t<\/div>\n\t\t\t\t\t<\/div>\n\t\t<\/div>\n\t\t\t\t<div class=\"elementor-column elementor-col-50 elementor-top-column elementor-element elementor-element-9d20d0f\" data-id=\"9d20d0f\" data-element_type=\"column\" data-e-type=\"column\">\n\t\t\t<div class=\"elementor-widget-wrap elementor-element-populated\">\n\t\t\t\t\t\t<div class=\"elementor-element elementor-element-a78feae elementor-widget elementor-widget-theme-post-featured-image elementor-widget-image\" data-id=\"a78feae\" data-element_type=\"widget\" data-e-type=\"widget\" data-widget_type=\"theme-post-featured-image.default\">\n\t\t\t\t\t\t\t\t\t\t\t\t\t\t\t<img loading=\"lazy\" decoding=\"async\" width=\"522\" height=\"500\" src=\"https:\/\/karinapolymer.com\/wp-content\/uploads\/2023\/12\/certificate-frame1.jpg\" class=\"attachment-large size-large wp-image-4162\" alt=\"\" srcset=\"https:\/\/karinapolymer.com\/wp-content\/uploads\/2023\/12\/certificate-frame1.jpg 522w, https:\/\/karinapolymer.com\/wp-content\/uploads\/2023\/12\/certificate-frame1-300x287.jpg 300w, https:\/\/karinapolymer.com\/wp-content\/uploads\/2023\/12\/certificate-frame1-150x144.jpg 150w\" sizes=\"auto, (max-width: 522px) 100vw, 522px\" \/>\t\t\t\t\t\t\t\t\t\t\t\t\t\t\t<\/div>\n\t\t\t\t\t<\/div>\n\t\t<\/div>\n\t\t\t\t\t<\/div>\n\t\t<\/section>\n\t\t\t\t<section class=\"elementor-section elementor-top-section elementor-element elementor-element-dcba080 elementor-section-boxed elementor-section-height-default elementor-section-height-default\" data-id=\"dcba080\" data-element_type=\"section\" data-e-type=\"section\">\n\t\t\t\t\t\t<div class=\"elementor-container elementor-column-gap-default\">\n\t\t\t\t\t<div class=\"elementor-column elementor-col-100 elementor-top-column elementor-element elementor-element-0e345bc\" data-id=\"0e345bc\" data-element_type=\"column\" data-e-type=\"column\">\n\t\t\t<div class=\"elementor-widget-wrap elementor-element-populated\">\n\t\t\t\t\t\t<div class=\"elementor-element elementor-element-b92a06b elementor-widget elementor-widget-wd_text_block\" data-id=\"b92a06b\" data-element_type=\"widget\" data-e-type=\"widget\" data-widget_type=\"wd_text_block.default\">\n\t\t\t\t<div class=\"elementor-widget-container\">\n\t\t\t\t\t\t\t<div class=\"wd-text-block reset-last-child text-left\">\n\t\t\t\n\t\t\t<h4 style=\"text-align: center;\">Katalog der Karina Polymer Manufacturing Company<\/h4>\n\t\t\t\t\t<\/div>\n\t\t\t\t\t\t<\/div>\n\t\t\t\t<\/div>\n\t\t\t\t<div class=\"elementor-element elementor-element-3d97614 elementor-widget elementor-widget-shortcode\" data-id=\"3d97614\" data-element_type=\"widget\" data-e-type=\"widget\" data-widget_type=\"shortcode.default\">\n\t\t\t\t\t\t\t<div class=\"elementor-shortcode\">\r\n<!--change the width and height value as you want.--> \r\n<!-- Do change \"index.htm\" to your real html name of the flippingbook--> \r\n<iframe  style=\"width:100%;height:450px\"  src=\"https:\/\/karinapolymer.com\/wp-content\/uploads\/flipbook\/2\/book.html\"  seamless=\"seamless\" scrolling=\"no\" frameborder=\"0\" allowtransparency=\"true\" allowfullscreen mozallowfullscreen  webkitallowfullscreen ><\/iframe>\r\n<\/div>\n\t\t\t\t\t\t<\/div>\n\t\t\t\t<div class=\"elementor-element elementor-element-69c5f89 elementor-align-center elementor-widget elementor-widget-button\" data-id=\"69c5f89\" data-element_type=\"widget\" data-e-type=\"widget\" data-widget_type=\"button.default\">\n\t\t\t\t\t\t\t\t\t\t<a class=\"elementor-button elementor-button-link elementor-size-sm\" href=\"https:\/\/karinapolymer.com\/wp-content\/uploads\/2024\/03\/karinapolymer-catalouge.pdf\">\n\t\t\t\t\t\t<span class=\"elementor-button-content-wrapper\">\n\t\t\t\t\t\t\t\t\t<span class=\"elementor-button-text\">Katalog herunterladen<\/span>\n\t\t\t\t\t<\/span>\n\t\t\t\t\t<\/a>\n\t\t\t\t\t\t\t\t<\/div>\n\t\t\t\t\t<\/div>\n\t\t<\/div>\n\t\t\t\t\t<\/div>\n\t\t<\/section>\n\t\t\t\t<section class=\"elementor-section elementor-top-section elementor-element elementor-element-259ce02 elementor-section-boxed elementor-section-height-default elementor-section-height-default\" data-id=\"259ce02\" data-element_type=\"section\" data-e-type=\"section\">\n\t\t\t\t\t\t<div class=\"elementor-container elementor-column-gap-default\">\n\t\t\t\t\t<div class=\"elementor-column elementor-col-16 elementor-top-column elementor-element elementor-element-2bda7e1\" data-id=\"2bda7e1\" data-element_type=\"column\" data-e-type=\"column\">\n\t\t\t<div class=\"elementor-widget-wrap\">\n\t\t\t\t\t\t\t<\/div>\n\t\t<\/div>\n\t\t\t\t<div class=\"elementor-column elementor-col-66 elementor-top-column elementor-element elementor-element-cdf3618\" data-id=\"cdf3618\" data-element_type=\"column\" data-e-type=\"column\">\n\t\t\t<div class=\"elementor-widget-wrap elementor-element-populated\">\n\t\t\t\t\t\t<div class=\"elementor-element elementor-element-2deea79 elementor-widget elementor-widget-video\" data-id=\"2deea79\" data-element_type=\"widget\" data-e-type=\"widget\" data-settings=\"{&quot;video_type&quot;:&quot;hosted&quot;,&quot;controls&quot;:&quot;yes&quot;}\" data-widget_type=\"video.default\">\n\t\t\t\t\t\t\t<div class=\"e-hosted-video elementor-wrapper elementor-open-inline\">\n\t\t\t\t\t<video class=\"elementor-video\" src=\"https:\/\/karinapolymer.com\/wp-content\/uploads\/2025\/01\/karinapolymercom-1-1-1-1.mp4\" controls=\"\" preload=\"metadata\" controlsList=\"nodownload\" poster=\"https:\/\/karinapolymer.com\/wp-content\/uploads\/2023\/09\/photo_203.jpg\"><\/video>\n\t\t\t\t<\/div>\n\t\t\t\t\t\t<\/div>\n\t\t\t\t\t<\/div>\n\t\t<\/div>\n\t\t\t\t<div class=\"elementor-column elementor-col-16 elementor-top-column elementor-element elementor-element-e0f2140\" data-id=\"e0f2140\" data-element_type=\"column\" data-e-type=\"column\">\n\t\t\t<div class=\"elementor-widget-wrap\">\n\t\t\t\t\t\t\t<\/div>\n\t\t<\/div>\n\t\t\t\t\t<\/div>\n\t\t<\/section>\n\t\t\t\t<section class=\"elementor-section elementor-top-section elementor-element elementor-element-eafbe91 elementor-section-boxed elementor-section-height-default elementor-section-height-default\" data-id=\"eafbe91\" data-element_type=\"section\" data-e-type=\"section\">\n\t\t\t\t\t\t<div class=\"elementor-container elementor-column-gap-default\">\n\t\t\t\t\t<div class=\"elementor-column elementor-col-16 elementor-top-column elementor-element elementor-element-954511f\" data-id=\"954511f\" data-element_type=\"column\" data-e-type=\"column\">\n\t\t\t<div class=\"elementor-widget-wrap\">\n\t\t\t\t\t\t\t<\/div>\n\t\t<\/div>\n\t\t\t\t<div class=\"elementor-column elementor-col-66 elementor-top-column elementor-element elementor-element-b06fe19\" data-id=\"b06fe19\" data-element_type=\"column\" data-e-type=\"column\">\n\t\t\t<div class=\"elementor-widget-wrap elementor-element-populated\">\n\t\t\t\t\t\t<div class=\"elementor-element elementor-element-badeb53 elementor-widget elementor-widget-video\" data-id=\"badeb53\" data-element_type=\"widget\" data-e-type=\"widget\" data-settings=\"{&quot;video_type&quot;:&quot;hosted&quot;,&quot;controls&quot;:&quot;yes&quot;}\" data-widget_type=\"video.default\">\n\t\t\t\t\t\t\t<div class=\"e-hosted-video elementor-wrapper elementor-open-inline\">\n\t\t\t\t\t<video class=\"elementor-video\" src=\"https:\/\/karinapolymer.com\/wp-content\/uploads\/2025\/01\/karina-1.mp4\" controls=\"\" preload=\"metadata\" controlsList=\"nodownload\" poster=\"https:\/\/karinapolymer.com\/wp-content\/uploads\/2025\/01\/karina4-1.jpg\"><\/video>\n\t\t\t\t<\/div>\n\t\t\t\t\t\t<\/div>\n\t\t\t\t\t<\/div>\n\t\t<\/div>\n\t\t\t\t<div class=\"elementor-column elementor-col-16 elementor-top-column elementor-element elementor-element-cfe1038\" data-id=\"cfe1038\" data-element_type=\"column\" data-e-type=\"column\">\n\t\t\t<div class=\"elementor-widget-wrap\">\n\t\t\t\t\t\t\t<\/div>\n\t\t<\/div>\n\t\t\t\t\t<\/div>\n\t\t<\/section>\n\t\t\t\t<section class=\"elementor-section elementor-top-section elementor-element elementor-element-c0e44c8 elementor-section-boxed elementor-section-height-default elementor-section-height-default\" data-id=\"c0e44c8\" data-element_type=\"section\" data-e-type=\"section\">\n\t\t\t\t\t\t<div class=\"elementor-container elementor-column-gap-default\">\n\t\t\t\t\t<div class=\"elementor-column elementor-col-50 elementor-top-column elementor-element elementor-element-8b7ee51\" data-id=\"8b7ee51\" data-element_type=\"column\" data-e-type=\"column\">\n\t\t\t<div class=\"elementor-widget-wrap elementor-element-populated\">\n\t\t\t\t\t\t<div class=\"elementor-element elementor-element-30f30cf elementor-align-right elementor-widget__width-auto elementor-fixed elementor-widget elementor-widget-button\" data-id=\"30f30cf\" data-element_type=\"widget\" data-e-type=\"widget\" data-settings=\"{&quot;_position&quot;:&quot;fixed&quot;}\" data-widget_type=\"button.default\">\n\t\t\t\t\t\t\t\t\t\t<a class=\"elementor-button elementor-button-link elementor-size-lg\" href=\"tel:+989129619645\">\n\t\t\t\t\t\t<span class=\"elementor-button-content-wrapper\">\n\t\t\t\t\t\t<span class=\"elementor-button-icon\">\n\t\t\t\t<i aria-hidden=\"true\" class=\"fas fa-phone\"><\/i>\t\t\t<\/span>\n\t\t\t\t\t\t\t\t<\/span>\n\t\t\t\t\t<\/a>\n\t\t\t\t\t\t\t\t<\/div>\n\t\t\t\t\t<\/div>\n\t\t<\/div>\n\t\t\t\t<div class=\"elementor-column elementor-col-50 elementor-top-column elementor-element elementor-element-84fb3e7\" data-id=\"84fb3e7\" data-element_type=\"column\" data-e-type=\"column\">\n\t\t\t<div class=\"elementor-widget-wrap elementor-element-populated\">\n\t\t\t\t\t\t<div class=\"elementor-element elementor-element-cf592ef elementor-align-left elementor-widget__width-auto elementor-fixed elementor-widget elementor-widget-button\" data-id=\"cf592ef\" data-element_type=\"widget\" data-e-type=\"widget\" data-settings=\"{&quot;_position&quot;:&quot;fixed&quot;}\" data-widget_type=\"button.default\">\n\t\t\t\t\t\t\t\t\t\t<a class=\"elementor-button elementor-button-link elementor-size-xl\" href=\"https:\/\/wa.me\/989129619645\" target=\"_blank\" rel=\"noopener\">\n\t\t\t\t\t\t<span class=\"elementor-button-content-wrapper\">\n\t\t\t\t\t\t<span class=\"elementor-button-icon\">\n\t\t\t\t<i aria-hidden=\"true\" class=\"fab fa-whatsapp\"><\/i>\t\t\t<\/span>\n\t\t\t\t\t\t\t\t<\/span>\n\t\t\t\t\t<\/a>\n\t\t\t\t\t\t\t\t<\/div>\n\t\t\t\t\t<\/div>\n\t\t<\/div>\n\t\t\t\t\t<\/div>\n\t\t<\/section>\n\t\t\t\t<\/div>\n\t\t","protected":false},"excerpt":{"rendered":"<p>Eine Nachricht vom Management der Karina Polymer Company Sehr geehrter Herr Nikfar Wir sind Hersteller von technischen Polymerverbindungen in den<\/p>\n","protected":false},"author":1,"featured_media":0,"parent":0,"menu_order":0,"comment_status":"closed","ping_status":"closed","template":"","meta":{"footnotes":""},"class_list":["post-9467","page","type-page","status-publish","hentry"],"_links":{"self":[{"href":"https:\/\/karinapolymer.com\/de\/wp-json\/wp\/v2\/pages\/9467","targetHints":{"allow":["GET"]}}],"collection":[{"href":"https:\/\/karinapolymer.com\/de\/wp-json\/wp\/v2\/pages"}],"about":[{"href":"https:\/\/karinapolymer.com\/de\/wp-json\/wp\/v2\/types\/page"}],"author":[{"embeddable":true,"href":"https:\/\/karinapolymer.com\/de\/wp-json\/wp\/v2\/users\/1"}],"replies":[{"embeddable":true,"href":"https:\/\/karinapolymer.com\/de\/wp-json\/wp\/v2\/comments?post=9467"}],"version-history":[{"count":0,"href":"https:\/\/karinapolymer.com\/de\/wp-json\/wp\/v2\/pages\/9467\/revisions"}],"wp:attachment":[{"href":"https:\/\/karinapolymer.com\/de\/wp-json\/wp\/v2\/media?parent=9467"}],"curies":[{"name":"wp","href":"https:\/\/api.w.org\/{rel}","templated":true}]}}