{"id":9504,"date":"2025-03-12T04:45:24","date_gmt":"2025-03-12T05:45:24","guid":{"rendered":"https:\/\/karinapolymer.com\/product\/transparente-thermoplastische-elastomermischung-tpe\/"},"modified":"2025-03-31T17:18:08","modified_gmt":"2025-03-31T17:18:08","slug":"transparente-thermoplastische-elastomermischung-tpe","status":"publish","type":"product","link":"https:\/\/karinapolymer.com\/de\/produkt\/transparente-thermoplastische-elastomermischung-tpe\/","title":{"rendered":"Transparente thermoplastische TPE-Elastomermischung in Deutschland"},"content":{"rendered":"\t\t<div data-elementor-type=\"product-post\" data-elementor-id=\"9504\" class=\"elementor elementor-9504 elementor-9305\" data-elementor-post-type=\"product\">\n\t\t\t\t\t\t<section class=\"elementor-section elementor-top-section elementor-element elementor-element-3706514 elementor-section-content-top elementor-section-boxed elementor-section-height-default elementor-section-height-default\" data-id=\"3706514\" data-element_type=\"section\" data-e-type=\"section\">\n\t\t\t\t\t\t<div class=\"elementor-container elementor-column-gap-default\">\n\t\t\t\t\t<div class=\"elementor-column elementor-col-50 elementor-top-column elementor-element elementor-element-9530970\" data-id=\"9530970\" data-element_type=\"column\" data-e-type=\"column\">\n\t\t\t<div class=\"elementor-widget-wrap elementor-element-populated\">\n\t\t\t\t\t\t<div class=\"elementor-element elementor-element-8721110 wd-width-100 elementor-widget elementor-widget-wd_title\" data-id=\"8721110\" data-element_type=\"widget\" data-e-type=\"widget\" data-widget_type=\"wd_title.default\">\n\t\t\t\t<div class=\"elementor-widget-container\">\n\t\t\t\t\t\t\t<div class=\"title-wrapper wd-set-mb reset-last-child wd-title-color-default wd-title-style-default wd-title-size-default text-right\">\n\n\t\t\t\n\t\t\t<div class=\"liner-continer\">\n\t\t\t\t<h4 class=\"woodmart-title-container title wd-fontsize-l\">Anwendung der transparenten thermoplastischen Elastomermischung TPE<\/h4> \n\t\t\t\t\t\t\t<\/div>\n\n\t\t\t\t\t<\/div>\n\t\t\t\t\t\t<\/div>\n\t\t\t\t<\/div>\n\t\t\t\t<div class=\"elementor-element elementor-element-5311416 color-scheme-inherit text-left elementor-widget elementor-widget-text-editor\" data-id=\"5311416\" data-element_type=\"widget\" data-e-type=\"widget\" data-widget_type=\"text-editor.default\">\n\t\t\t\t\t\t\t\t\t<p style=\"text-align: justify;\"><span style=\"color: #000000;\">Transparente thermoplastische Elastomerverbindungen (TPE) k\u00f6nnen aufgrund der vorteilhaften Eigenschaften der Kombination aus Thermoplasten und Elastomeren in der TPE-Produktformulierung verschiedene n\u00fctzliche Anwendungen haben.<\/span><\/p>\n<p style=\"text-align: justify;\"><span style=\"color: #000000;\">Die TPE-Verbindung ist beim Erhitzen weich und flexibel und kehrt nach dem Abk\u00fchlen in ihren urspr\u00fcnglichen Zustand zur\u00fcck. Es ist au\u00dferdem elastisch und widerstandsf\u00e4hig. Diese beiden wichtigen Gr\u00fcnde begr\u00fcnden seine Verwendung in zahlreichen Branchen, in denen es Anwendungen gibt, die auf seinen Eigenschaften beruhen.<\/span><\/p>\n<p style=\"text-align: justify;\"><span style=\"color: #000000;\">Im Wesentlichen ist die einzigartige Eigenschaft der transparenten thermoplastischen Elastomerverbindung TPE ihre Elastizit\u00e4t und Wiedererweichung beim Schmelzen sowie ihre Elastizit\u00e4t und Dehnbarkeit.<\/span><\/p>\n<p style=\"text-align: justify;\"><span style=\"color: #000000;\">Wichtige Anwendungen transparenter thermoplastischer Elastomerverbindungen (TPE) sind:<\/span><\/p>\n<ul>\n<li style=\"text-align: right;\">\n<div><span style=\"color: #000000;\"><strong>Automobilindustrie<\/strong><\/span><\/div>\n<\/li>\n<\/ul>\n<p style=\"text-align: justify;\"><span style=\"color: #000000;\">Transparentes thermoplastisches Elastomer (TPE) kann bei der Herstellung von Autoinnenteilen wie Schaltkn\u00e4ufen, Lenkradbez\u00fcgen und Armaturenbrettern verwendet werden.<br \/><\/span><span style=\"color: #000000;\">Dar\u00fcber <strong>hinaus kommen<\/strong> auch <strong>Gummi<\/strong><strong>dichtungen<\/strong>, <strong>Aufh\u00e4ngungssystemteile<\/strong> und <strong>Sto\u00dfd\u00e4mpfer zum<\/strong> Einsatz.<\/span><\/p>\n<ul>\n<li style=\"text-align: right;\"><span style=\"color: #000000;\"><strong>Produktion von medizinischen und medizinischen Artikeln<\/strong><\/span><\/li>\n<\/ul>\n<p style=\"text-align: justify;\"><span style=\"color: #000000;\">Bei der Herstellung medizinischer Ger\u00e4te werden transparente thermoplastische Elastomerverbindungen (TPE) verwendet, beispielsweise:<\/span><\/p>\n<p style=\"text-align: justify;\"><span style=\"color: #000000;\">Spritzen und Injektionszubeh\u00f6r<br \/>Medizinische Schl\u00e4uche und Armaturen<br \/>Rutschfeste Griffe f\u00fcr chirurgische Instrumente<br \/>Abdeckung f\u00fcr medizinische Instrumente<br \/><\/span><\/p>\n<ul>\n<li style=\"text-align: right;\"><span style=\"color: #000000;\"><strong>Compound in der Verpackungsindustrie<\/strong><\/span><\/li>\n<\/ul>\n<p style=\"text-align: justify;\"><span style=\"color: #000000;\">Die transparente thermoplastische Elastomerverbindung TPE wird zur Herstellung <strong>weicher Flaschen<\/strong>&#8211; und Beh\u00e4lterverschl\u00fcsse sowie <strong>flexibler Verpackungsfolien<\/strong> und schlie\u00dflich <strong>Dichtungsdichtungen <\/strong>verwendet.<\/span><\/p>\n<ul>\n<li style=\"text-align: right;\"><span style=\"color: #000000;\"><strong>Thermoplastische Elastomermischung f\u00fcr die Elektro- und Elektronikindustrie<\/strong><\/span><\/li>\n<\/ul>\n<p style=\"text-align: justify;\"><span style=\"color: #000000;\">Thermoplastische Elastomerverbindungen werden zur Herstellung spezieller elektronischer <strong>Komponenten wie Draht- und Kabelummantelungen<\/strong>, <strong>sto\u00dffester Schutzvorrichtungen<\/strong> f\u00fcr elektronische Ger\u00e4te und <strong>rutschfester Teile<\/strong> in elektronischen Ger\u00e4ten verwendet.<\/span><\/p>\n\t\t\t\t\t\t\t\t<\/div>\n\t\t\t\t\t<\/div>\n\t\t<\/div>\n\t\t\t\t<div class=\"elementor-column elementor-col-50 elementor-top-column elementor-element elementor-element-3895673\" data-id=\"3895673\" data-element_type=\"column\" data-e-type=\"column\">\n\t\t\t<div class=\"elementor-widget-wrap elementor-element-populated\">\n\t\t\t\t\t\t<div class=\"elementor-element elementor-element-2771311 elementor-widget elementor-widget-image\" data-id=\"2771311\" data-element_type=\"widget\" data-e-type=\"widget\" data-widget_type=\"image.default\">\n\t\t\t\t\t\t\t\t\t\t\t\t\t\t\t<img loading=\"lazy\" decoding=\"async\" width=\"500\" height=\"500\" src=\"https:\/\/karinapolymer.com\/wp-content\/uploads\/2025\/03\/polystyrene-compound-1540-3.jpg\" class=\"attachment-full size-full wp-image-9507\" alt=\"\" srcset=\"https:\/\/karinapolymer.com\/wp-content\/uploads\/2025\/03\/polystyrene-compound-1540-3.jpg 500w, https:\/\/karinapolymer.com\/wp-content\/uploads\/2025\/03\/polystyrene-compound-1540-3-300x300.jpg 300w, https:\/\/karinapolymer.com\/wp-content\/uploads\/2025\/03\/polystyrene-compound-1540-3-150x150.jpg 150w\" sizes=\"auto, (max-width: 500px) 100vw, 500px\" \/>\t\t\t\t\t\t\t\t\t\t\t\t\t\t\t<\/div>\n\t\t\t\t<div class=\"elementor-element elementor-element-4157924 color-scheme-inherit text-left elementor-widget elementor-widget-text-editor\" data-id=\"4157924\" data-element_type=\"widget\" data-e-type=\"widget\" data-widget_type=\"text-editor.default\">\n\t\t\t\t\t\t\t\t\t<ul>\n<li style=\"text-align: justify;\"><span style=\"color: #000000;\"><strong>Thermoplastische Elastomermischung zur Herstellung von Haushalts- und Konsumprodukten<\/strong><\/span><\/li>\n<\/ul>\n<p style=\"text-align: justify;\"><span style=\"color: #000000;\">Die transparente thermoplastische Elastomerverbindung TPE wird bei der Herstellung von Haushaltsprodukten verwendet, die eine besondere Festigkeit und Elastizit\u00e4t erfordern und gleichzeitig weich sein m\u00fcssen, wie etwa <strong>Werkzeuggriffe<\/strong>, Scheren, Schraubendreher, aber auch bei der Herstellung von Spielzeug und Sportger\u00e4ten sowie bei der Herstellung von Anti-Rutsch-Pads und Bodenbel\u00e4gen.<\/span><\/p>\n<ul style=\"text-align: justify;\">\n<li><span style=\"color: #000000;\"><strong>Schuh- und Bekleidungsindustrie<\/strong><\/span><\/li>\n<\/ul>\n<p style=\"text-align: justify;\"><span style=\"color: #000000;\">Transparente thermoplastische Elastomerverbindungen (TPE) werden zur Herstellung von <strong>Einlegesohlen <\/strong>und Sohlen f\u00fcr <strong>Sportschuhe<\/strong>, <strong>Gummib\u00e4ndern f\u00fcr wasserdichte Kleidung<\/strong> sowie flexiblen und <strong>bequemen Riemen verwendet<\/strong>.<\/span><\/p>\n<ul style=\"text-align: justify;\">\n<li><span style=\"color: #000000;\"><strong>Bauindustrie<\/strong><\/span><\/li>\n<\/ul>\n<p style=\"text-align: justify;\"><span style=\"color: #000000;\">Die transparente thermoplastische Elastomerverbindung TPE wird auch bei der Herstellung von Bauprodukten wie Dichtungsb\u00e4ndern und Dichtungsmassen sowie schlagfesten Fliesen und Beschichtungen verwendet.<\/span><\/p>\n\t\t\t\t\t\t\t\t<\/div>\n\t\t\t\t\t<\/div>\n\t\t<\/div>\n\t\t\t\t\t<\/div>\n\t\t<\/section>\n\t\t\t\t<section class=\"elementor-section elementor-top-section elementor-element elementor-element-9959dca elementor-section-content-top elementor-section-boxed elementor-section-height-default elementor-section-height-default\" data-id=\"9959dca\" data-element_type=\"section\" data-e-type=\"section\">\n\t\t\t\t\t\t<div class=\"elementor-container elementor-column-gap-default\">\n\t\t\t\t\t<div class=\"elementor-column elementor-col-50 elementor-top-column elementor-element elementor-element-85d3e84\" data-id=\"85d3e84\" data-element_type=\"column\" data-e-type=\"column\">\n\t\t\t<div class=\"elementor-widget-wrap elementor-element-populated\">\n\t\t\t\t\t\t<div class=\"elementor-element elementor-element-b89b7b7 elementor-widget elementor-widget-image\" data-id=\"b89b7b7\" data-element_type=\"widget\" data-e-type=\"widget\" data-widget_type=\"image.default\">\n\t\t\t\t\t\t\t\t\t\t\t\t\t\t\t<img loading=\"lazy\" decoding=\"async\" width=\"500\" height=\"500\" src=\"https:\/\/karinapolymer.com\/wp-content\/uploads\/2025\/03\/polystyrene-compound-1540-2.jpg\" class=\"attachment-full size-full wp-image-9508\" alt=\"\" srcset=\"https:\/\/karinapolymer.com\/wp-content\/uploads\/2025\/03\/polystyrene-compound-1540-2.jpg 500w, https:\/\/karinapolymer.com\/wp-content\/uploads\/2025\/03\/polystyrene-compound-1540-2-300x300.jpg 300w, https:\/\/karinapolymer.com\/wp-content\/uploads\/2025\/03\/polystyrene-compound-1540-2-150x150.jpg 150w\" sizes=\"auto, (max-width: 500px) 100vw, 500px\" \/>\t\t\t\t\t\t\t\t\t\t\t\t\t\t\t<\/div>\n\t\t\t\t\t<\/div>\n\t\t<\/div>\n\t\t\t\t<div class=\"elementor-column elementor-col-50 elementor-top-column elementor-element elementor-element-d52481d\" data-id=\"d52481d\" data-element_type=\"column\" data-e-type=\"column\">\n\t\t\t<div class=\"elementor-widget-wrap elementor-element-populated\">\n\t\t\t\t\t\t<div class=\"elementor-element elementor-element-5997911 color-scheme-inherit text-left elementor-widget elementor-widget-text-editor\" data-id=\"5997911\" data-element_type=\"widget\" data-e-type=\"widget\" data-widget_type=\"text-editor.default\">\n\t\t\t\t\t\t\t\t\t<h3 style=\"text-align: right;\"><span style=\"color: #000000;\">Weitere Erl\u00e4uterung der thermoplastischen Elastomerverbindung TPE<\/span><\/h3>\n<p style=\"text-align: justify;\"><span style=\"color: #000000;\">Die transparente thermoplastische Elastomerverbindung TPE weist im Vergleich zu anderen Elastomeren hohe Elastizit\u00e4ts- und R\u00fcckstelleigenschaften auf und bietet vielf\u00e4ltige Anwendungsm\u00f6glichkeiten f\u00fcr die Herstellung hochwertiger Produkte im Zusammenhang mit den Eigenschaften kombinierter Elastomere und Thermoplast.<\/span><\/p>\n<p style=\"text-align: justify;\"><span style=\"color: #000000;\"><strong>Umweltaspekte<\/strong><\/span><\/p>\n<ul>\n<li style=\"text-align: right;\"><span style=\"color: #000000;\">Gl\u00fccklicherweise ist die transparente thermoplastische Elastomerverbindung TPE <strong>recycelbar<\/strong>.<\/span><\/li>\n<li style=\"text-align: right;\"><span style=\"color: #000000;\">Nach dem Verbrauch kann die thermoplastische Elastomermischung dennoch in den Produktionskreislauf zur\u00fcckgef\u00fchrt und erneut verwendet werden.<\/span><\/li>\n<\/ul>\n<p style=\"text-align: justify;\"><span style=\"color: #000000;\">Wenn sich die Herstellung der transparenten thermoplastischen Elastomermischung TPE auf eine bestimmte Formulierung f\u00fcr die Herstellung bestimmter Produkte bezieht, senden Sie f\u00fcr detailliertere Anwendungen die entsprechende technische Dokumentation an den Experten der Karina Company und lassen Sie sich nach Pr\u00fcfung beraten.<\/span><\/p>\n<h4 style=\"text-align: justify;\"><span style=\"color: #000000;\">Vorteile der Verwendung von transparentem thermoplastischem Elastomer-Compound TPE<\/span><\/h4>\n<p style=\"text-align: justify;\"><span style=\"color: #000000;\">Es ist sehr flexibel und \u00e4u\u00dferst witterungs- und chemikalienbest\u00e4ndig. Diese TPE-Verbindung ist im Spritzguss- und Extrusionsverfahren erh\u00e4ltlich und erleichtert den Prozess der Herstellung von Kunststoffprodukten.<\/span><\/p>\n<h4 style=\"text-align: justify;\"><span style=\"color: #000000;\">Export von TPE-Compounds in den Iran<\/span><\/h4>\n<p style=\"text-align: justify;\"><span style=\"color: #000000;\">Alle im Werk Karina Polymer hergestellten Verbundprodukte entsprechen der internationalen SGS-Standardqualit\u00e4t. Aufgrund unserer langj\u00e4hrigen Erfahrung und der Produktion verschiedener Compounds sind wir bereit, beim Export verschiedener Compounds in Spritzguss- und Extrusionsqualit\u00e4ten sowie des allgemeinen Polystyrol-Compounds 1540 mitzuarbeiten, Beratung zu leisten und kundenspezifische Compounds herzustellen und zu liefern.<\/span><\/p>\n\t\t\t\t\t\t\t\t<\/div>\n\t\t\t\t\t<\/div>\n\t\t<\/div>\n\t\t\t\t\t<\/div>\n\t\t<\/section>\n\t\t\t\t<\/div>\n\t\t","protected":false},"excerpt":{"rendered":"<p style=\"text-align: justify;\"><span style=\"color: #000000;\">Bei der thermoplastischen Elastomerverbindung (TPE) handelt es sich um einen Polymertyp, der die elastischen Eigenschaften von Gummi mit der Verarbeitbarkeit von Kunststoff kombiniert. Diese Materialien sind bei Raumtemperatur flexibel wie Gummi, werden jedoch durch W\u00e4rme weicher und lassen sich leicht formen. Produktion thermoplastischer Elastomerverbindungen nach Deutschland <\/span><\/p>\n<p><span style=\"color: #000000;\"><strong>Eigenschaften thermoplastischer Elastomere<\/strong><\/span><\/p>\n<ul>\n<li><span style=\"color: #000000;\"><strong>Hohe Flexibilit\u00e4t<\/strong><\/span><\/li>\n<li><span style=\"color: #000000;\"><strong>Witterungs- und chemikalienbest\u00e4ndig<\/strong><\/span><\/li>\n<li><span style=\"color: #000000;\"><strong>Verarbeitung im Injektions- und Extrusionsverfahren<\/strong><\/span><\/li>\n<li><span style=\"color: #000000;\"><strong>Recyclingf\u00e4higkeit und Wiederverwendung<\/strong><\/span><\/li>\n<li><span style=\"color: #000000;\"><strong>Ausgezeichnete Biegefestigkeit<\/strong><\/span><\/li>\n<li><span style=\"color: #000000;\"><strong>Hohe Farbechtheit<\/strong><\/span><\/li>\n<li><span style=\"color: #000000;\"><strong>Ausreichende St\u00e4rke<\/strong><\/span><\/li>\n<li><span style=\"color: #000000;\"><strong>Korrosionsbest\u00e4ndigkeit<\/strong><\/span><\/li>\n<\/ul>\n<p><span style=\"color: #000000;\"><strong>Klicken Sie hier, um den Katalog f\u00fcr thermoplastische Elastomere herunterzuladen<\/strong><\/span><\/p>\n<p style=\"text-align: justify;\"><span style=\"color: #000000;\">TPE-Verbindungen geh\u00f6ren zu den am h\u00e4ufigsten verwendeten und n\u00fctzlichsten Verbindungen in verschiedenen Branchen und werden h\u00e4ufig als Rohstoff f\u00fcr Kunststoffe verwendet.<\/span><\/p>\n<p style=\"text-align: justify;\"><span style=\"color: #000000;\">Aufgrund der kombinierten Eigenschaften von Thermoplasten und Elastomeren ist es m\u00f6glich, dass diese bei steigender Temperatur schmelzen und den Schmelzpunkt erreichen, bei sinkender Temperatur jedoch wieder in den festen Zustand zur\u00fcckkehren und dieser Vorgang viele Male wiederholt werden kann.<\/span><\/p>\n<p style=\"text-align: justify;\"><span style=\"color: #000000;\">Transparente TPE-Verbindungen geh\u00f6ren zu den Thermoplasten mit hoher Flexibilit\u00e4t.<\/span><\/p>\n<p><span style=\"color: #000000;\"><strong>Preis f\u00fcr thermoplastisches Elastomer<\/strong><\/span><\/p>\n<p style=\"text-align: justify;\"><span style=\"color: #000000;\">Die Karina Polymer Factory produziert transparente thermoplastische Elastomer-Polymerverbindungen (TPE) in bester Qualit\u00e4t und zu einem angemessenen Preis. Das Unternehmen verf\u00fcgt \u00fcber eine eigene Produktionslinie mit nationalen Standards f\u00fcr den Inlandsmarkt und SGS-Exportstandards f\u00fcr ausl\u00e4ndische M\u00e4rkte und Exporte und ist bereit, mit Fertigungsindustrien aus den Bereichen Verpackung, Medizin und Elektronik sowie mit angesehenen H\u00e4ndlern f\u00fcr Exporte in verschiedene L\u00e4nder zusammenzuarbeiten.<\/span><\/p>\n<p><span style=\"color: #000000;\"><strong>Thermoplastisches Elastomer kaufen und bestellen<\/strong><\/span><\/p>\n<p style=\"text-align: justify;\"><span style=\"color: #000000;\">Transparentes thermoplastisches Elastomer k\u00f6nnen Sie zum <strong>besten Preis<\/strong> und <strong>mit Qualit\u00e4tssicherung<\/strong> mit Datenblatt und <strong>Laboranalyse bei<\/strong> der Karina Polymer Company per Telefonanruf und WhatsApp anfragen und kaufen.<\/span><\/p>\n","protected":false},"featured_media":9505,"template":"","meta":[],"product_brand":[],"product_cat":[536],"product_tag":[538,539,540,537,541,542,543],"class_list":{"0":"post-9504","1":"product","2":"type-product","3":"status-publish","4":"has-post-thumbnail","6":"product_cat-thermoplastische-elastomermischung","7":"product_tag-thermoplastische-elastomere","8":"product_tag-thermoplastische-elastomermischung","9":"product_tag-thermoplastische-elastomermischung-de","10":"product_tag-thermoplastische-elastomermischungen","11":"product_tag-thermoplastisches-elastomer","12":"product_tag-tpe-verbindung","13":"product_tag-transparentes-thermoplastisches-elastomer","15":"first","16":"instock","17":"shipping-taxable","18":"product-type-grouped"},"_links":{"self":[{"href":"https:\/\/karinapolymer.com\/de\/wp-json\/wp\/v2\/product\/9504","targetHints":{"allow":["GET"]}}],"collection":[{"href":"https:\/\/karinapolymer.com\/de\/wp-json\/wp\/v2\/product"}],"about":[{"href":"https:\/\/karinapolymer.com\/de\/wp-json\/wp\/v2\/types\/product"}],"version-history":[{"count":0,"href":"https:\/\/karinapolymer.com\/de\/wp-json\/wp\/v2\/product\/9504\/revisions"}],"wp:featuredmedia":[{"embeddable":true,"href":"https:\/\/karinapolymer.com\/de\/wp-json\/wp\/v2\/media\/9505"}],"wp:attachment":[{"href":"https:\/\/karinapolymer.com\/de\/wp-json\/wp\/v2\/media?parent=9504"}],"wp:term":[{"taxonomy":"product_brand","embeddable":true,"href":"https:\/\/karinapolymer.com\/de\/wp-json\/wp\/v2\/product_brand?post=9504"},{"taxonomy":"product_cat","embeddable":true,"href":"https:\/\/karinapolymer.com\/de\/wp-json\/wp\/v2\/product_cat?post=9504"},{"taxonomy":"product_tag","embeddable":true,"href":"https:\/\/karinapolymer.com\/de\/wp-json\/wp\/v2\/product_tag?post=9504"}],"curies":[{"name":"wp","href":"https:\/\/api.w.org\/{rel}","templated":true}]}}