{"id":9513,"date":"2025-02-26T13:35:34","date_gmt":"2025-02-26T14:35:34","guid":{"rendered":"https:\/\/karinapolymer.com\/product\/allgemeine-polystyrolverbindung-gpps-1540\/"},"modified":"2025-03-31T17:19:55","modified_gmt":"2025-03-31T17:19:55","slug":"allgemeine-polystyrolverbindung-gpps-1540","status":"publish","type":"product","link":"https:\/\/karinapolymer.com\/de\/produkt\/allgemeine-polystyrolverbindung-gpps-1540\/","title":{"rendered":"Allgemeine Polystyrolverbindung GPPS 1540"},"content":{"rendered":"\t\t<div data-elementor-type=\"product-post\" data-elementor-id=\"9513\" class=\"elementor elementor-9513 elementor-9134\" data-elementor-post-type=\"product\">\n\t\t\t\t\t\t<section class=\"elementor-section elementor-top-section elementor-element elementor-element-3706514 elementor-section-content-top elementor-section-boxed elementor-section-height-default elementor-section-height-default\" data-id=\"3706514\" data-element_type=\"section\" data-e-type=\"section\">\n\t\t\t\t\t\t<div class=\"elementor-container elementor-column-gap-default\">\n\t\t\t\t\t<div class=\"elementor-column elementor-col-50 elementor-top-column elementor-element elementor-element-9530970\" data-id=\"9530970\" data-element_type=\"column\" data-e-type=\"column\">\n\t\t\t<div class=\"elementor-widget-wrap elementor-element-populated\">\n\t\t\t\t\t\t<div class=\"elementor-element elementor-element-8721110 wd-width-100 elementor-widget elementor-widget-wd_title\" data-id=\"8721110\" data-element_type=\"widget\" data-e-type=\"widget\" data-widget_type=\"wd_title.default\">\n\t\t\t\t<div class=\"elementor-widget-container\">\n\t\t\t\t\t\t\t<div class=\"title-wrapper wd-set-mb reset-last-child wd-title-color-default wd-title-style-default wd-title-size-default text-left\">\n\n\t\t\t\n\t\t\t<div class=\"liner-continer\">\n\t\t\t\t<h4 class=\"woodmart-title-container title wd-fontsize-l\">Anwendung der allgemeinen Polystyrolverbindung 1540<\/h4> \n\t\t\t\t\t\t\t<\/div>\n\n\t\t\t\t\t<\/div>\n\t\t\t\t\t\t<\/div>\n\t\t\t\t<\/div>\n\t\t\t\t<div class=\"elementor-element elementor-element-5311416 color-scheme-inherit text-left elementor-widget elementor-widget-text-editor\" data-id=\"5311416\" data-element_type=\"widget\" data-e-type=\"widget\" data-widget_type=\"text-editor.default\">\n\t\t\t\t\t\t\t\t\t<p style=\"text-align: left;\"><span style=\"color: #000000;\">Die Polystyrolverbindung GPPS 1540 allgemeiner Qualit\u00e4t gilt als eines der am h\u00e4ufigsten verwendeten Verbindungsprodukte. Polystyrol-Compound 1540 ist eine Allzwecksorte und kann in verschiedenen Industrien optimal eingesetzt werden. Es ist sehr hitzebest\u00e4ndig und h\u00e4lt hohen Temperaturen stand. Die positive Eigenschaft von Polystyrol 1540 ist seine elektrische Stromisolierung, das hei\u00dft, es leitet keinen Strom und ist antistatisch. Einer der Vorteile von General Polystyrene Compound 1540 besteht darin, dass es eine hohe Schlagfestigkeit aufweist und daher bei St\u00f6\u00dfen nicht rei\u00dft. <\/span><\/p><p style=\"text-align: left;\"><span style=\"color: #000000;\">Zu den Hauptanwendungen von allgemeinem Polystyrol 1540 geh\u00f6ren:<\/span><\/p><ul style=\"text-align: left;\"><li><span style=\"color: #000000;\"><strong>Produktion von Polystyrol-Compound 1540 f\u00fcr Verpackungen im Iran<\/strong><\/span><\/li><\/ul><p style=\"text-align: left;\"><span style=\"color: #000000;\">Essbesteck wie durchsichtige Einwegbecher, Deckel, Salatsch\u00fcsseln und Tabletts. <\/span><br \/><span style=\"color: #000000;\">Verpackungen f\u00fcr Konsumg\u00fcter: Blisterverpackungen, Clamshells und Displayh\u00fcllen f\u00fcr Kosmetika, Spielwaren oder Schreibwaren sowie CD-\/DVD-H\u00fcllen und Klarsichth\u00fcllen. <\/span><\/p><ul style=\"text-align: left;\"><li><span style=\"color: #000000;\"><strong>Produktion von Konsumg\u00fctern<\/strong><\/span><\/li><\/ul><p style=\"text-align: left;\"><span style=\"color: #000000;\">Bei der Herstellung von Einweggeschirr wie Einweggabeln, -l\u00f6ffeln und -messern. <\/span><br \/><span style=\"color: #000000;\">Haushaltsgegenst\u00e4nde, darunter durchsichtige Aufbewahrungsboxen, Kleiderb\u00fcgel oder K\u00fchlschrankteile. <\/span><br \/><span style=\"color: #000000;\">Herstellung von Spielzeug mit unempfindlichen Teilen wie Legosteinen oder Baus\u00e4tzen.<\/span><\/p><ul style=\"text-align: left;\"><li><span style=\"color: #000000;\"><strong>Herstellung von Polystyrolcompounds f\u00fcr die Elektronikindustrie<\/strong><\/span><\/li><\/ul><p style=\"text-align: left;\"><span style=\"color: #000000;\">Beleuchtungszubeh\u00f6r wie Lampenabdeckungen oder Diffusoren aufgrund optischer Transparenz. <\/span><br \/><span style=\"color: #000000;\">Ger\u00e4tegeh\u00e4use wie transparente Tastenabdeckungen, Batterief\u00e4cher oder kleine Elektronikgeh\u00e4use.<\/span><\/p><ul style=\"text-align: left;\"><li><strong><span style=\"color: #000000;\">Anwendung von Polystyrolverbindungen in Medizin oder Gesundheit<\/span><\/strong><\/li><\/ul><p style=\"text-align: left;\"><span style=\"color: #000000;\">Bei der Herstellung von Laborger\u00e4ten wie Petrischalen, Reagenzgl\u00e4sern oder Probenbeh\u00e4ltern (nicht implantierbar und Einweg). <\/span><br \/><span style=\"color: #000000;\">Allgemeines Polystyrol 1540 bei der Herstellung von Diagnoseger\u00e4ten, beispielsweise transparenten Teilen f\u00fcr medizinische Ger\u00e4te.<\/span><\/p><ul style=\"text-align: left;\"><li><span style=\"color: #000000;\"><strong>Industrielle Anwendungen<\/strong><\/span><\/li><\/ul><p style=\"text-align: left;\"><span style=\"color: #000000;\">Verwenden Sie die Allzweck-Polystyrolverbindung 1540, um Schutzfolien herzustellen, die Oberfl\u00e4chen w\u00e4hrend des Herstellungsprozesses vor\u00fcbergehend sch\u00fctzen. <\/span><br \/><span style=\"color: #000000;\">Auch extrudierte Platten zur Verwendung in Schildern oder Displays.<\/span><\/p><ul style=\"text-align: left;\"><li><strong><span style=\"color: #000000;\">Anwendung von Polystyrolverbindungen in Produktionsprozessen<\/span><\/strong><\/li><\/ul><p style=\"text-align: left;\"><span style=\"color: #000000;\">Beim Spritzgie\u00dfen von allgemeinem Polystyrol 1540 zur Massenproduktion von Teilen mit komplexen Formen. <\/span><span style=\"color: #000000;\">In der Extrusion wird Polystyrol-Compound 1540 allgemein auch zur Herstellung von Platten, Folien oder Profilen verwendet.<\/span><\/p>\t\t\t\t\t\t\t\t<\/div>\n\t\t\t\t\t<\/div>\n\t\t<\/div>\n\t\t\t\t<div class=\"elementor-column elementor-col-50 elementor-top-column elementor-element elementor-element-3895673\" data-id=\"3895673\" data-element_type=\"column\" data-e-type=\"column\">\n\t\t\t<div class=\"elementor-widget-wrap elementor-element-populated\">\n\t\t\t\t\t\t<div class=\"elementor-element elementor-element-2771311 elementor-widget elementor-widget-image\" data-id=\"2771311\" data-element_type=\"widget\" data-e-type=\"widget\" data-widget_type=\"image.default\">\n\t\t\t\t\t\t\t\t\t\t\t\t\t\t\t<img loading=\"lazy\" decoding=\"async\" width=\"500\" height=\"500\" src=\"https:\/\/karinapolymer.com\/wp-content\/uploads\/2025\/02\/GPPS-15401-2.jpg\" class=\"attachment-full size-full wp-image-9519\" alt=\"\" srcset=\"https:\/\/karinapolymer.com\/wp-content\/uploads\/2025\/02\/GPPS-15401-2.jpg 500w, https:\/\/karinapolymer.com\/wp-content\/uploads\/2025\/02\/GPPS-15401-2-300x300.jpg 300w, https:\/\/karinapolymer.com\/wp-content\/uploads\/2025\/02\/GPPS-15401-2-150x150.jpg 150w\" sizes=\"auto, (max-width: 500px) 100vw, 500px\" \/>\t\t\t\t\t\t\t\t\t\t\t\t\t\t\t<\/div>\n\t\t\t\t<div class=\"elementor-element elementor-element-4157924 color-scheme-inherit text-left elementor-widget elementor-widget-text-editor\" data-id=\"4157924\" data-element_type=\"widget\" data-e-type=\"widget\" data-widget_type=\"text-editor.default\">\n\t\t\t\t\t\t\t\t\t<h4 style=\"text-align: justify;\"><span style=\"color: #000000;\">Vorteile der Verwendung von Polystyrol 1540<\/span><\/h4>\n<p style=\"text-align: justify;\"><span style=\"color: #000000;\">Gute Dimensionsstabilit\u00e4t, hohe Transparenz, angemessener Preis, Gammastrahlungsbest\u00e4ndigkeit, hohe H\u00e4rte und Antielektrizit\u00e4t, hohe Festigkeit usw. k\u00f6nnen f\u00fcr die allgemeine Polystyrolverbindung 1540 erw\u00e4hnt werden.<\/span><\/p>\n<p style=\"text-align: justify;\"><span style=\"color: #000000;\">Zu den Einschr\u00e4nkungen dieser Polymerkategorie geh\u00f6ren die folgenden: <\/span><\/p>\n<p style=\"text-align: justify;\"><span style=\"color: #000000;\">Spr\u00f6digkeit bei Raumtemperatur, UV-Empfindlichkeit, hohe Entflammbarkeit, geringe chemische Best\u00e4ndigkeit, insbesondere gegen\u00fcber organischen L\u00f6sungsmitteln usw.<\/span><\/p>\n<h4 style=\"text-align: justify;\"><span style=\"color: #000000;\">Export von GPPS 1540 in den Iran<\/span><\/h4>\n<p style=\"text-align: justify;\"><span style=\"color: #000000;\">Alle im Werk Karina Polymer hergestellten Verbundprodukte entsprechen der internationalen SGS-Standardqualit\u00e4t. Aufgrund unserer langj\u00e4hrigen Erfahrung und der Produktion verschiedener Compounds sind wir bereit, beim Export verschiedener Compounds in Spritzguss- und Extrusionsqualit\u00e4ten sowie des allgemeinen Polystyrol-Compounds 1540 mitzuarbeiten, Beratung zu leisten und kundenspezifische Compounds herzustellen und zu liefern.<\/span><\/p>\n\t\t\t\t\t\t\t\t<\/div>\n\t\t\t\t\t<\/div>\n\t\t<\/div>\n\t\t\t\t\t<\/div>\n\t\t<\/section>\n\t\t\t\t<section class=\"elementor-section elementor-top-section elementor-element elementor-element-9959dca elementor-section-content-top elementor-section-boxed elementor-section-height-default elementor-section-height-default\" data-id=\"9959dca\" data-element_type=\"section\" data-e-type=\"section\">\n\t\t\t\t\t\t<div class=\"elementor-container elementor-column-gap-default\">\n\t\t\t\t\t<div class=\"elementor-column elementor-col-50 elementor-top-column elementor-element elementor-element-85d3e84\" data-id=\"85d3e84\" data-element_type=\"column\" data-e-type=\"column\">\n\t\t\t<div class=\"elementor-widget-wrap elementor-element-populated\">\n\t\t\t\t\t\t<div class=\"elementor-element elementor-element-b89b7b7 elementor-widget elementor-widget-image\" data-id=\"b89b7b7\" data-element_type=\"widget\" data-e-type=\"widget\" data-widget_type=\"image.default\">\n\t\t\t\t\t\t\t\t\t\t\t\t\t\t\t<img loading=\"lazy\" decoding=\"async\" width=\"500\" height=\"500\" src=\"https:\/\/karinapolymer.com\/wp-content\/uploads\/2025\/02\/GPPS-15401-1.jpg\" class=\"attachment-full size-full wp-image-9518\" alt=\"\" srcset=\"https:\/\/karinapolymer.com\/wp-content\/uploads\/2025\/02\/GPPS-15401-1.jpg 500w, https:\/\/karinapolymer.com\/wp-content\/uploads\/2025\/02\/GPPS-15401-1-300x300.jpg 300w, https:\/\/karinapolymer.com\/wp-content\/uploads\/2025\/02\/GPPS-15401-1-150x150.jpg 150w\" sizes=\"auto, (max-width: 500px) 100vw, 500px\" \/>\t\t\t\t\t\t\t\t\t\t\t\t\t\t\t<\/div>\n\t\t\t\t\t<\/div>\n\t\t<\/div>\n\t\t\t\t<div class=\"elementor-column elementor-col-50 elementor-top-column elementor-element elementor-element-d52481d\" data-id=\"d52481d\" data-element_type=\"column\" data-e-type=\"column\">\n\t\t\t<div class=\"elementor-widget-wrap elementor-element-populated\">\n\t\t\t\t\t\t<div class=\"elementor-element elementor-element-5997911 color-scheme-inherit text-left elementor-widget elementor-widget-text-editor\" data-id=\"5997911\" data-element_type=\"widget\" data-e-type=\"widget\" data-widget_type=\"text-editor.default\">\n\t\t\t\t\t\t\t\t\t<h3 style=\"text-align: right;\"><span style=\"color: #000000;\">Weitere Erl\u00e4uterungen zur allgemeinen Polystyrolverbindung 1540<\/span><\/h3><p style=\"text-align: justify;\"><span style=\"color: #000000;\">Die Verbindung GPPS 1540 ist im Vergleich zu schlagfestem Polystyrol (HIPS) spr\u00f6de und wird f\u00fcr Anwendungen gew\u00e4hlt, bei denen Klarheit und Steifheit wichtiger sind als Schlagfestigkeit. <\/span><\/p><p style=\"text-align: justify;\"><strong><span style=\"color: #000000;\">Umweltaspekte<\/span><\/strong><\/p><ul><li style=\"text-align: left;\"><span style=\"color: #000000;\">Es ist nicht biologisch abbaubar; Erfordert Recycling oder Sonderentsorgung.<\/span><\/li><li style=\"text-align: left;\"><span style=\"color: #000000;\">Beachten Sie unbedingt die technischen Datenbl\u00e4tter der Hersteller hinsichtlich spezifischer Eigenschaften (wie Hitzebest\u00e4ndigkeit oder Additive).<\/span><\/li><\/ul><p style=\"text-align: justify;\"><span style=\"color: #000000;\">Wenn sich \u201eGPPS 1540\u201c auf die spezifische Formulierung eines Herstellers bezieht, finden Sie detailliertere Informationen zur Anwendung in der entsprechenden technischen Dokumentation.<\/span><\/p><p style=\"text-align: justify;\"><strong><span style=\"color: #000000;\">Wichtig f\u00fcr K\u00e4ufer von Polystyrolcompounds<\/span><\/strong><\/p><p style=\"text-align: justify;\"><span style=\"color: #000000;\">Bei Polymermaterialien, insbesondere Compounds, ist es nicht die kosteneffizienteste Option, auf den niedrigsten Preis zu achten. Der Kauf und die Verwendung von Compounds minderer Qualit\u00e4t wirken sich negativ auf Ihr Endprodukt aus. Lassen Sie sich daher beim Direktkauf der allgemeinen Polystyrol-Verbindung 1540 zun\u00e4chst von einem Experten der technischen Abteilung von Karina Polymer beraten.<\/span><\/p>\t\t\t\t\t\t\t\t<\/div>\n\t\t\t\t<div class=\"elementor-element elementor-element-83fd826 color-scheme-inherit text-left elementor-widget elementor-widget-text-editor\" data-id=\"83fd826\" data-element_type=\"widget\" data-e-type=\"widget\" data-widget_type=\"text-editor.default\">\n\t\t\t\t\t\t\t\t\t<p style=\"text-align: justify;\"><span style=\"color: #000000;\"><b>Namhafte Kunststoffprodukthersteller in Deutschland<\/b><\/span><\/p>\n<p style=\"text-align: justify;\"><span style=\"color: #000000;\">Aufgrund der wesentlichen Vorteile des allgemeinen Polystyrol-Compounds 1540 ist dieser f\u00fcr die Herstellung allgemeiner Kunststoffprodukte in Deutschland vorgesehen. Letztendlich h\u00e4ngt die Entscheidung f\u00fcr oder gegen Polystyrol 1540 von der Art und dem endg\u00fcltigen Verwendungszweck des Produkts ab und muss sorgf\u00e4ltig und unter Ber\u00fccksichtigung der Vor- und Nachteile getroffen werden. Bitte wenden Sie sich diesbez\u00fcglich an Sharma Karina Polymer.<\/span><\/p>\n\t\t\t\t\t\t\t\t<\/div>\n\t\t\t\t\t<\/div>\n\t\t<\/div>\n\t\t\t\t\t<\/div>\n\t\t<\/section>\n\t\t\t\t<\/div>\n\t\t","protected":false},"excerpt":{"rendered":"<p style=\"text-align: justify;\"><span style=\"color: #000000;\">Die Allzweck-Polystyrolverbindung GPPS 1540 ist ein harter und transparenter Thermoplast, der aufgrund seiner Transparenz, Steifigkeit und einfachen Verarbeitbarkeit in verschiedenen Anwendungen eingesetzt wird.<\/span><\/p>\n<p><span style=\"color: #000000;\"><strong>Allgemeine Merkmale der Polystyrolverbindung 1540<\/strong><\/span><\/p>\n<ul>\n<li><span style=\"color: #000000;\"><strong>Sehr hoher Schmelzpunkt<\/strong><\/span><\/li>\n<li><span style=\"color: #000000;\"><strong>Allgemeine Verwendung<\/strong><\/span><\/li>\n<li><span style=\"color: #000000;\"><strong>Schlagfestigkeit<\/strong><\/span><\/li>\n<li><span style=\"color: #000000;\"><strong>Antielektrizit\u00e4t (isoliert gegen elektrischen Strom)<\/strong><\/span><\/li>\n<li><span style=\"color: #000000;\"><strong>Internationaler Standard (f\u00fcr den Export)<\/strong><\/span><\/li>\n<li><span style=\"color: #000000;\"><strong>Mangel an Geruch und Geschmack<\/strong><\/span><\/li>\n<li><span style=\"color: #000000;\"><strong>Formbarkeit<\/strong><\/span><\/li>\n<li><span style=\"color: #000000;\"><strong>Transparenz und Glanz<\/strong><\/span><\/li>\n<li><span style=\"color: #000000;\"><strong>Akzeptanzprozess<\/strong><\/span><\/li>\n<li><span style=\"color: #000000;\"><strong>UV-best\u00e4ndig<\/strong><\/span><\/li>\n<\/ul>\n<p><span style=\"color: #0000ff;\"><strong>Klicken Sie hier, um den GPPS 1540-<a style=\"color: #0000ff;\" href=\"https:\/\/karinapolymer.com\/wp-content\/uploads\/2025\/03\/ContemporaryNovel2.pdf\">Katalog <\/a>f\u00fcr allgemeine Polystyrolverbindungen <a style=\"color: #0000ff;\" href=\"https:\/\/karinapolymer.com\/wp-content\/uploads\/2025\/03\/ContemporaryNovel2.pdf\">herunterzuladen<\/a><\/strong><\/span><\/p>\n<p><span style=\"color: #000000;\"><strong>Preis und Bestellung von allgemeinem Polystyrol 1540<\/strong><\/span><\/p>\n<p style=\"text-align: justify;\"><span style=\"color: #000000;\">Die Karina Polymer Factory produziert allgemeine Polystyrolverbindungen 1540 in bester Qualit\u00e4t und zu einem angemessenen Preis. Dieses Unternehmen verf\u00fcgt \u00fcber eine eigene Produktionslinie mit nationalen Standards f\u00fcr den Inlandsmarkt und SGS-Exportstandards f\u00fcr ausl\u00e4ndische M\u00e4rkte und Exporte und ist bereit, mit Fertigungsindustrien in den Bereichen Verpackung, Medizin und Elektronik sowie mit angesehenen H\u00e4ndlern f\u00fcr Exporte in verschiedene L\u00e4nder zusammenzuarbeiten.<\/span><\/p>\n<p style=\"text-align: justify;\"><span style=\"color: #000000;\">Sie k\u00f6nnen die allgemeine Polystyrolverbindung 1540 zum <strong>besten Preis<\/strong> und mit <strong>Qualit\u00e4tssicherung<\/strong> mit Datenblatt und <strong>Laboranalyse bei <\/strong>der Karina Polymer Company per Telefonanruf und WhatsApp anfragen und kaufen.<\/span><\/p>\n","protected":false},"featured_media":9514,"template":"","meta":[],"product_brand":[],"product_cat":[544],"product_tag":[545,547,551,552,548,550,549,546],"class_list":{"0":"post-9513","1":"product","2":"type-product","3":"status-publish","4":"has-post-thumbnail","6":"product_cat-kristalline-verbindung","7":"product_tag-allgemeine-polystyrolverbindung-1540","8":"product_tag-allgemeines-polystyrol-1540","9":"product_tag-gpps-1540-de","10":"product_tag-gpps-compound-de","11":"product_tag-polystyrol-1540","12":"product_tag-polystyrol-compound-gpps-1540","13":"product_tag-polystyrolhersteller-1540","14":"product_tag-polystyrolproduktion-1540","16":"first","17":"instock","18":"shipping-taxable","19":"product-type-grouped"},"_links":{"self":[{"href":"https:\/\/karinapolymer.com\/de\/wp-json\/wp\/v2\/product\/9513","targetHints":{"allow":["GET"]}}],"collection":[{"href":"https:\/\/karinapolymer.com\/de\/wp-json\/wp\/v2\/product"}],"about":[{"href":"https:\/\/karinapolymer.com\/de\/wp-json\/wp\/v2\/types\/product"}],"version-history":[{"count":0,"href":"https:\/\/karinapolymer.com\/de\/wp-json\/wp\/v2\/product\/9513\/revisions"}],"wp:featuredmedia":[{"embeddable":true,"href":"https:\/\/karinapolymer.com\/de\/wp-json\/wp\/v2\/media\/9514"}],"wp:attachment":[{"href":"https:\/\/karinapolymer.com\/de\/wp-json\/wp\/v2\/media?parent=9513"}],"wp:term":[{"taxonomy":"product_brand","embeddable":true,"href":"https:\/\/karinapolymer.com\/de\/wp-json\/wp\/v2\/product_brand?post=9513"},{"taxonomy":"product_cat","embeddable":true,"href":"https:\/\/karinapolymer.com\/de\/wp-json\/wp\/v2\/product_cat?post=9513"},{"taxonomy":"product_tag","embeddable":true,"href":"https:\/\/karinapolymer.com\/de\/wp-json\/wp\/v2\/product_tag?post=9513"}],"curies":[{"name":"wp","href":"https:\/\/api.w.org\/{rel}","templated":true}]}}