{"id":9530,"date":"2025-02-08T14:09:14","date_gmt":"2025-02-08T15:09:14","guid":{"rendered":"https:\/\/karinapolymer.com\/product\/f7000-polyethylen-verbindung\/"},"modified":"2025-04-01T06:57:34","modified_gmt":"2025-04-01T06:57:34","slug":"f7000-polyethylen-verbindung","status":"publish","type":"product","link":"https:\/\/karinapolymer.com\/de\/produkt\/f7000-polyethylen-verbindung\/","title":{"rendered":"F7000 Polyethylen-Verbindung"},"content":{"rendered":"\t\t<div data-elementor-type=\"product-post\" data-elementor-id=\"9530\" class=\"elementor elementor-9530 elementor-8711\" data-elementor-post-type=\"product\">\n\t\t\t\t\t\t<section class=\"elementor-section elementor-top-section elementor-element elementor-element-3706514 elementor-section-content-top elementor-section-boxed elementor-section-height-default elementor-section-height-default\" data-id=\"3706514\" data-element_type=\"section\" data-e-type=\"section\">\n\t\t\t\t\t\t<div class=\"elementor-container elementor-column-gap-default\">\n\t\t\t\t\t<div class=\"elementor-column elementor-col-50 elementor-top-column elementor-element elementor-element-9530970\" data-id=\"9530970\" data-element_type=\"column\" data-e-type=\"column\">\n\t\t\t<div class=\"elementor-widget-wrap elementor-element-populated\">\n\t\t\t\t\t\t<div class=\"elementor-element elementor-element-8721110 wd-width-100 elementor-widget elementor-widget-wd_title\" data-id=\"8721110\" data-element_type=\"widget\" data-e-type=\"widget\" data-widget_type=\"wd_title.default\">\n\t\t\t\t<div class=\"elementor-widget-container\">\n\t\t\t\t\t\t\t<div class=\"title-wrapper wd-set-mb reset-last-child wd-title-color-default wd-title-style-default wd-title-size-default text-right\">\n\n\t\t\t\n\t\t\t<div class=\"liner-continer\">\n\t\t\t\t<h4 class=\"woodmart-title-container title wd-fontsize-l\">Anwendung der Polyethylenverbindung F7000 in der deutschen Industrie<\/h4> \n\t\t\t\t\t\t\t<\/div>\n\n\t\t\t\t\t<\/div>\n\t\t\t\t\t\t<\/div>\n\t\t\t\t<\/div>\n\t\t\t\t<div class=\"elementor-element elementor-element-5311416 color-scheme-inherit text-left elementor-widget elementor-widget-text-editor\" data-id=\"5311416\" data-element_type=\"widget\" data-e-type=\"widget\" data-widget_type=\"text-editor.default\">\n\t\t\t\t\t\t\t\t\t<p style=\"text-align: justify;\"><span style=\"color: #000000;\">Zu den Hauptanwendungen von F7000-Polyethylen geh\u00f6ren:<\/span><\/p>\n<ul>\n<li style=\"text-align: right;\"><span style=\"color: #000000;\"><strong>Anwendung von F7000-Polyethylen in Verpackungsfolien in Deutschland<\/strong><\/span><\/li>\n<\/ul>\n<p style=\"text-align: justify;\"><span style=\"color: #000000;\">Aufgrund seiner flexiblen Eigenschaften und hohen Rei\u00df- und Durchsto\u00dffestigkeit (hohe Zugfestigkeit)<\/span> <span style=\"color: #000000;\">wird F7000-Polyethylen h\u00e4ufig zur Herstellung von Lebensmittelverpackungsfolien, Plastikfolien und Plastikt\u00fcten verwendet.<\/span><\/p>\n<ul>\n<li style=\"text-align: right;\"><strong><span style=\"color: #000000;\">F7000 Polyethylen f\u00fcr Agrarfolien<\/span><\/strong><\/li>\n<\/ul>\n<p style=\"text-align: justify;\"><span style=\"color: #000000;\">Compound F7000 wird in Deutschland bei der Herstellung von Agrarfolien verwendet, beispielsweise Gew\u00e4chshaus- und metrische Nylonfolien zum Abdecken landwirtschaftlicher Fl\u00e4chen sowie Mulchfolien zur Erhaltung der Feuchtigkeit und Unkrautbek\u00e4mpfung.<\/span><\/p>\n<p style=\"text-align: justify;\"><strong><span style=\"color: #000000;\">Schutzbeschichtungen<\/span><\/strong><\/p>\n<p style=\"text-align: justify;\"><span style=\"color: #000000;\">F7000-Polyethylen ist ein Schutzmaterial, das in der Industrieverpackung zum Schutz empfindlicher G\u00fcter vor Feuchtigkeit und Staub verwendet wird, beispielsweise zum Schutz industrieller Lebensmittelrohstoffe, insbesondere beim Lebensmitteltransport.<\/span><\/p>\n<p style=\"text-align: justify;\"><strong><span style=\"color: #000000;\">Spritzgussteile<\/span><\/strong><\/p>\n<p style=\"text-align: justify;\"> <span style=\"color: #000000;\">Aufgrund seiner mechanischen Eigenschaften eignet sich F7000-Polyethylen f\u00fcr Formvorg\u00e4nge<\/span> <span style=\"color: #000000;\">und wird zur Herstellung von Spritzgussteilen wie Spielzeug, Beh\u00e4ltern und Kunststoffger\u00e4ten verwendet.<\/span><\/p>\n<ul>\n<li style=\"text-align: right;\"><strong><span style=\"color: #000000;\">Produktion von F7000 Polyethylen-M\u00fclls\u00e4cken in Deutschland<\/span><\/strong><\/li>\n<\/ul>\n<p style=\"text-align: justify;\"><span style=\"color: #000000;\">Aus F7000-Polyethylen werden verschiedene M\u00fclls\u00e4cke mit hoher Festigkeit und Flexibilit\u00e4t hergestellt.<\/span><br \/><span style=\"color: #000000;\">Und die Eigenschaften von F7000-Polyethylen sind der Grund f\u00fcr seine weitverbreitete Verwendung als wertvolles Material in den meisten Industriezweigen und f\u00fcr seine vielf\u00e4ltigen Anwendungsm\u00f6glichkeiten in allen Bereichen.<\/span><\/p>\n\t\t\t\t\t\t\t\t<\/div>\n\t\t\t\t\t<\/div>\n\t\t<\/div>\n\t\t\t\t<div class=\"elementor-column elementor-col-50 elementor-top-column elementor-element elementor-element-3895673\" data-id=\"3895673\" data-element_type=\"column\" data-e-type=\"column\">\n\t\t\t<div class=\"elementor-widget-wrap elementor-element-populated\">\n\t\t\t\t\t\t<div class=\"elementor-element elementor-element-2771311 elementor-widget elementor-widget-image\" data-id=\"2771311\" data-element_type=\"widget\" data-e-type=\"widget\" data-widget_type=\"image.default\">\n\t\t\t\t\t\t\t\t\t\t\t\t\t\t\t<img loading=\"lazy\" decoding=\"async\" width=\"500\" height=\"500\" src=\"https:\/\/karinapolymer.com\/wp-content\/uploads\/2025\/02\/pe-f7000-use.jpg\" class=\"attachment-full size-full wp-image-9533\" alt=\"\" srcset=\"https:\/\/karinapolymer.com\/wp-content\/uploads\/2025\/02\/pe-f7000-use.jpg 500w, https:\/\/karinapolymer.com\/wp-content\/uploads\/2025\/02\/pe-f7000-use-300x300.jpg 300w, https:\/\/karinapolymer.com\/wp-content\/uploads\/2025\/02\/pe-f7000-use-150x150.jpg 150w\" sizes=\"auto, (max-width: 500px) 100vw, 500px\" \/>\t\t\t\t\t\t\t\t\t\t\t\t\t\t\t<\/div>\n\t\t\t\t<div class=\"elementor-element elementor-element-4157924 color-scheme-inherit text-left elementor-widget elementor-widget-text-editor\" data-id=\"4157924\" data-element_type=\"widget\" data-e-type=\"widget\" data-widget_type=\"text-editor.default\">\n\t\t\t\t\t\t\t\t\t<p style=\"text-align: justify;\"><span style=\"color: #000000;\">Weitere in Deutschland aufgef\u00fchrte Verwendungszwecke der F7000-Werkstoffe:<\/span><\/p>\n<ul>\n<li style=\"text-align: justify;\"><span style=\"color: #000000;\">Einweghandschuhe<\/span><\/li>\n<li style=\"text-align: justify;\"><span style=\"color: #000000;\"> Gefrierbeutel<\/span><\/li>\n<li style=\"text-align: justify;\"><span style=\"color: #000000;\">Lebensmittel- und Obsttragetasche<\/span><\/li>\n<li style=\"text-align: justify;\"><span style=\"color: #000000;\">Medizinischer Kittel<\/span><\/li>\n<\/ul>\n\t\t\t\t\t\t\t\t<\/div>\n\t\t\t\t\t<\/div>\n\t\t<\/div>\n\t\t\t\t\t<\/div>\n\t\t<\/section>\n\t\t\t\t<section class=\"elementor-section elementor-top-section elementor-element elementor-element-9959dca elementor-section-content-top elementor-section-boxed elementor-section-height-default elementor-section-height-default\" data-id=\"9959dca\" data-element_type=\"section\" data-e-type=\"section\">\n\t\t\t\t\t\t<div class=\"elementor-container elementor-column-gap-default\">\n\t\t\t\t\t<div class=\"elementor-column elementor-col-50 elementor-top-column elementor-element elementor-element-85d3e84\" data-id=\"85d3e84\" data-element_type=\"column\" data-e-type=\"column\">\n\t\t\t<div class=\"elementor-widget-wrap elementor-element-populated\">\n\t\t\t\t\t\t<div class=\"elementor-element elementor-element-b89b7b7 elementor-widget elementor-widget-image\" data-id=\"b89b7b7\" data-element_type=\"widget\" data-e-type=\"widget\" data-widget_type=\"image.default\">\n\t\t\t\t\t\t\t\t\t\t\t\t\t\t\t<img loading=\"lazy\" decoding=\"async\" width=\"500\" height=\"500\" src=\"https:\/\/karinapolymer.com\/wp-content\/uploads\/2025\/02\/pe-f7000-use2.jpg\" class=\"attachment-full size-full wp-image-9534\" alt=\"\" srcset=\"https:\/\/karinapolymer.com\/wp-content\/uploads\/2025\/02\/pe-f7000-use2.jpg 500w, https:\/\/karinapolymer.com\/wp-content\/uploads\/2025\/02\/pe-f7000-use2-300x300.jpg 300w, https:\/\/karinapolymer.com\/wp-content\/uploads\/2025\/02\/pe-f7000-use2-150x150.jpg 150w\" sizes=\"auto, (max-width: 500px) 100vw, 500px\" \/>\t\t\t\t\t\t\t\t\t\t\t\t\t\t\t<\/div>\n\t\t\t\t<div class=\"elementor-element elementor-element-c6288fb color-scheme-inherit text-left elementor-widget elementor-widget-text-editor\" data-id=\"c6288fb\" data-element_type=\"widget\" data-e-type=\"widget\" data-widget_type=\"text-editor.default\">\n\t\t\t\t\t\t\t\t\t<h3 style=\"text-align: right;\"><span style=\"color: #000000;\">Qualit\u00e4t und Standard der F7000-Mischung<\/span><\/h3>\n<p style=\"text-align: justify;\"><strong><span style=\"color: #000000;\">Qualit\u00e4tskontrolle und Standards<\/span><\/strong><br \/><span style=\"color: #000000;\">Aufgrund der sensiblen Verwendung ist die Qualit\u00e4t bei der Herstellung von F7000-Polyethylen von besonderer Bedeutung. Aufgrund seines breiten Anwendungsspektrums in verschiedenen Branchen muss Compound F7000 gem\u00e4\u00df internationalen Standards hergestellt werden. Der Qualit\u00e4tskontrollprozess erstreckt sich von der Auswahl der Rohstoffe bis zum Ende der Produktion und umfasst verschiedene Tests und detailliertere Kontrollen.  <\/span><\/p>\n<p style=\"text-align: justify;\"><span style=\"color: #000000;\">Die Herstellung der Verbindung gem\u00e4\u00df deutschen Normen und europ\u00e4ischen Standards wie ISO und SGS gilt als bester Standard zur Pr\u00fcfung des F7000-Produkts. Der K\u00e4ufer der Verbindung gewinnt dadurch Vertrauen in die Bestellung und die Endprodukte werden mit w\u00fcnschenswerten physikalischen und chemischen Eigenschaften hergestellt.<\/span><\/p>\n<p style=\"text-align: justify;\"><span style=\"color: #000000;\">Zu den wichtigen Tests, die an F7000-Produktionsproben durchgef\u00fchrt werden, geh\u00f6ren spezielle Tests f\u00fcr F7000-Polyethylen, wie Zug-, Schlag- und Temperaturtests.<\/span><\/p>\n<p style=\"text-align: justify;\"><span style=\"color: #000000;\">Dar\u00fcber hinaus tr\u00e4gt die direkte \u00dcberwachung des F7000-Polyethylen-Produktionsprozesses durch Experten der Karina Polymer Company und die Durchf\u00fchrung von Nachpr\u00fcfungen dazu bei, die Qualit\u00e4t aufrechtzuerhalten und M\u00e4ngel zu reduzieren. Diese Bewertungen machen die Qualit\u00e4t von F7000-Polyethylen zu einer idealen Option f\u00fcr in- und ausl\u00e4ndische Hersteller, und Compound-Kunden <strong>bestellen F7000-Polyethylen<\/strong> mit gr\u00f6\u00dferem Vertrauen.<\/span><\/p>\n\t\t\t\t\t\t\t\t<\/div>\n\t\t\t\t<div class=\"elementor-element elementor-element-1ecce8d elementor-widget elementor-widget-image\" data-id=\"1ecce8d\" data-element_type=\"widget\" data-e-type=\"widget\" data-widget_type=\"image.default\">\n\t\t\t\t\t\t\t\t\t\t\t\t\t\t\t<img loading=\"lazy\" decoding=\"async\" width=\"500\" height=\"500\" src=\"https:\/\/karinapolymer.com\/wp-content\/uploads\/2025\/02\/pe-f7000-3.jpg\" class=\"attachment-full size-full wp-image-9535\" alt=\"\" srcset=\"https:\/\/karinapolymer.com\/wp-content\/uploads\/2025\/02\/pe-f7000-3.jpg 500w, https:\/\/karinapolymer.com\/wp-content\/uploads\/2025\/02\/pe-f7000-3-300x300.jpg 300w, https:\/\/karinapolymer.com\/wp-content\/uploads\/2025\/02\/pe-f7000-3-150x150.jpg 150w\" sizes=\"auto, (max-width: 500px) 100vw, 500px\" \/>\t\t\t\t\t\t\t\t\t\t\t\t\t\t\t<\/div>\n\t\t\t\t\t<\/div>\n\t\t<\/div>\n\t\t\t\t<div class=\"elementor-column elementor-col-50 elementor-top-column elementor-element elementor-element-d52481d\" data-id=\"d52481d\" data-element_type=\"column\" data-e-type=\"column\">\n\t\t\t<div class=\"elementor-widget-wrap elementor-element-populated\">\n\t\t\t\t\t\t<div class=\"elementor-element elementor-element-5997911 color-scheme-inherit text-left elementor-widget elementor-widget-text-editor\" data-id=\"5997911\" data-element_type=\"widget\" data-e-type=\"widget\" data-widget_type=\"text-editor.default\">\n\t\t\t\t\t\t\t\t\t<h3 style=\"text-align: right;\"><span style=\"color: #000000;\">Weitere Erl\u00e4uterungen zu Compound F7000<\/span><\/h3>\n<p style=\"text-align: justify;\"><span style=\"color: #000000;\">Die Verbindung F7000 wird in verschiedenen Typen hergestellt und in Deutschland vertrieben, wobei jeder Typ f\u00fcr den Einsatz in unterschiedlichen Branchen geeignet ist. Die Produktionsanlage Karina Polymer Compound F7000 kann mit unterschiedlichen Prozents\u00e4tzen und Eigenschaften f\u00fcr Kunden individuell angepasst werden. Sie k\u00f6nnen je nach Fabrik und Unternehmen einen der verschiedenen Typen von F7000 Compound bestellen.<\/span><\/p>\n<p style=\"text-align: justify;\"><span style=\"color: #000000;\">Compound F7000 wird je nach Art der darin verwendeten Additive in verschiedene Typen unterteilt. Im Folgenden werden wir jeden dieser Typen n\u00e4her untersuchen.<\/span><\/p>\n<p style=\"text-align: justify;\"><span style=\"color: #000000;\">Hitzebest\u00e4ndige F7000-Mischung: Diese Art von Mischung weist eine hohe Hitzebest\u00e4ndigkeit auf und wird bei der Herstellung von Produkten verwendet, die hohen Temperaturen ausgesetzt sind (z. B. Motorteile). <\/span><br \/><span style=\"color: #000000;\">UV-best\u00e4ndige F7000-Verbindung: Diese Art von Verbindung weist eine hohe Best\u00e4ndigkeit gegen ultraviolette Strahlung auf und wird bei der Herstellung von Produkten verwendet, die dem Sonnenlicht ausgesetzt sind (z. B. Bew\u00e4sserungsrohre). <\/span><br \/><span style=\"color: #000000;\"><strong>Feuerbest\u00e4ndige Verbindung F7000<\/strong>: Diese Art von Verbindung weist eine hohe Feuerbest\u00e4ndigkeit auf und wird bei der Herstellung von Produkten verwendet, bei denen Brandschutz wichtig ist (wie Kabel und Dr\u00e4hte).<\/span><\/p>\n<p style=\"text-align: justify;\"><span style=\"color: #000000;\">Um weitere Informationen \u00fcber die Arten von F7000-Verbindungen in Deutschland und ihre Anwendungen in verschiedenen Branchen im Land Alma zu erhalten, sollten Sie sich zun\u00e4chst an einen Experten der Verkaufsabteilung der Karina Polymer Company wenden und die F7000-Verbindung bester Qualit\u00e4t zu einem erschwinglichen Preis ausw\u00e4hlen.<\/span><\/p>\n<p style=\"text-align: justify;\"><span style=\"color: #000000;\">Notiz:<\/span><\/p>\n<p style=\"text-align: justify;\"><span style=\"color: #000000;\">Bei Polymermodifikationen, insbesondere Compounds, ist es nicht die kosteneffektivste Option, auf den niedrigsten Preis zu achten, und der Kauf und die Verwendung von Compounds minderer Qualit\u00e4t kann sich negativ auf Ihr Endprodukt auswirken. Wenn Sie die Polymerverbindung F7000 direkt kaufen m\u00f6chten, wenden Sie sich bitte an uns und wir beraten Sie gerne. <\/span><\/p>\n\t\t\t\t\t\t\t\t<\/div>\n\t\t\t\t<div class=\"elementor-element elementor-element-b54625d color-scheme-inherit text-left elementor-widget elementor-widget-text-editor\" data-id=\"b54625d\" data-element_type=\"widget\" data-e-type=\"widget\" data-widget_type=\"text-editor.default\">\n\t\t\t\t\t\t\t\t\t<p style=\"text-align: right;\"><span style=\"color: #000000;\"><strong>Vorteile der HDPE F7000-Verbindung<\/strong><\/span><\/p>\n<p style=\"text-align: justify;\"><span style=\"color: #000000;\">Zu den wichtigen Vorteilen der F7000-Verbindung <strong>z\u00e4hlen hohe Hitze<\/strong>&#8211; und <strong>Schlagfestigkeit<\/strong>, <strong>Recyclingf\u00e4higkeit<\/strong>, gute elektrische Eigenschaften, <strong>Festfressensfestigkeit <\/strong>und <strong>Zugfestigkeit<\/strong>.<\/span><\/p>\n<p style=\"text-align: justify;\"><span style=\"color: #000000;\"><strong>Aufgrund der hohen Hitzebest\u00e4ndigkeit ist die F7000-Mischung<\/strong> f\u00fcr den Einsatz bei Hitze und K\u00e4lte geeignet.<\/span><\/p>\n<p style=\"text-align: justify;\"><span style=\"color: #000000;\">Aufgrund seiner g\u00fcnstigen elektrischen<strong> Eigenschaften eignet sich<\/strong> <strong>Compound F7000<\/strong> sehr gut f\u00fcr die Herstellung elektrischer Komponenten.<\/span><\/p>\n<p style=\"text-align: justify;\"><span style=\"color: #000000;\">Die <strong>Zugfestigkeit beim Bruch<\/strong> betr\u00e4gt 24 MPa = &gt;. Es handelt sich um die maximale Kraft, der Polyethylen standhalten kann, bevor es bricht. Dies zeigt, dass diese Eigenschaft von gro\u00dfer Bedeutung ist und bei der Standardpr\u00fcfung der Qualit\u00e4t des Polyethylen-Compounds F7000 h\u00f6chste Priorit\u00e4t genie\u00dft. Daher ist die Rei\u00dffestigkeit wichtig, um die Gesamtfestigkeit von Polyethylen gegen\u00fcber starker Spannung zu messen. <\/span><\/p>\n<p style=\"text-align: justify;\"><span style=\"color: #000000;\">Au\u00dferdem<strong> betr\u00e4gt die Zugfestigkeit<\/strong> von F7000-Polyethylen an der Streckgrenze 27 MPa, was der Spannungsmenge (Kraft) entspricht. Die Funktion \u201eZugfestigkeit bei Streckgrenze\u201c ist n\u00fctzlich, um die Best\u00e4ndigkeit von Polyethylen gegen\u00fcber langfristiger Dehnung zu bewerten. Die F7000-Verbindung kann dieser Dehnung standhalten, bevor sie eine plastische Form annimmt (ohne in ihre urspr\u00fcngliche Gestalt zur\u00fcckzukehren).<\/span><\/p>\n<p style=\"text-align: justify;\"><span style=\"color: #000000;\">Die <strong>Bruchdehnung der<\/strong> F7000-Mischung, Bruchdehnung = &gt; 500, gibt den Prozentsatz der Dehnung an, den F7000-Polyethylen vor dem Brechen aushalten kann. Dieser hohe Wert bedeutet, dass Polyethylen \u00fcber ein hohes Ma\u00df an Flexibilit\u00e4t verf\u00fcgt, was bei Anwendungen, bei denen Flexibilit\u00e4t erforderlich ist, wie beispielsweise bei Kunststofffolien, sehr wichtig ist. <\/span><\/p>\n<p style=\"text-align: right;\"><span style=\"color: #000000;\"><strong>F7000-Verbindungsbeschr\u00e4nkung<\/strong><\/span><\/p>\n<p style=\"text-align: justify;\"><span style=\"color: #000000;\">Eine Einschr\u00e4nkung der Polyethylenverbindung F7000 besteht darin, dass sie empfindlich auf UV-Licht der Sonne reagiert und f\u00fcr den Einsatz in der Sonne eine spezielle Verarbeitung und Ausr\u00fcstung erforderlich ist, was die Produktionskosten erh\u00f6hen kann. Daher wird davon abgeraten, die Polyethylenverbindung F7000 in offenen Umgebungen oder bei direkter Sonneneinstrahlung zu verwenden.<\/span><\/p>\n\t\t\t\t\t\t\t\t<\/div>\n\t\t\t\t<div class=\"elementor-element elementor-element-83fd826 color-scheme-inherit text-left elementor-widget elementor-widget-text-editor\" data-id=\"83fd826\" data-element_type=\"widget\" data-e-type=\"widget\" data-widget_type=\"text-editor.default\">\n\t\t\t\t\t\t\t\t\t<p style=\"text-align: justify;\"><span style=\"color: #000000;\"><strong>Abs<\/strong><strong>chlie\u00dfende<\/strong> <strong>Erkl\u00e4rung<\/strong><\/span><\/p>\n<p style=\"text-align: justify;\"><span style=\"color: #000000;\">Aufgrund der wichtigen Vorteile des HDPE F7000-Compounds ist es f\u00fcr die Industrie in Deutschland geeignet und stellt eine geeignete Alternative f\u00fcr den breiten Einsatz in verschiedenen Branchen dar. Letztendlich h\u00e4ngt die Entscheidung f\u00fcr die Verwendung von HDPE F 7000-Compounds von der Art und dem endg\u00fcltigen Verwendungszweck des Produkts ab und sollte sorgf\u00e4ltig und unter Ber\u00fccksichtigung der Vor- und Nachteile getroffen werden. Bitte wenden Sie sich diesbez\u00fcglich an Sharma Karina Polymer.<\/span><\/p>\n\t\t\t\t\t\t\t\t<\/div>\n\t\t\t\t\t<\/div>\n\t\t<\/div>\n\t\t\t\t\t<\/div>\n\t\t<\/section>\n\t\t\t\t<\/div>\n\t\t","protected":false},"excerpt":{"rendered":"<p style=\"text-align: justify;\"><span style=\"color: #000000;\">Compound F7000 ist ein Polymerprodukt auf Polyethylenbasis, das in der Kunststoff- und Kunststofffolienproduktionsindustrie verwendet wird. Aufgrund der Eigenschaften der <strong>F7000-Verbindung<\/strong> eignet sie sich zur Herstellung d\u00fcnner und leichter Filme und weist eine hohe Best\u00e4ndigkeit auf. Compound F7000 wird auch in der Kunststoffindustrie verwendet.  <\/span><\/p>\n<p style=\"text-align: justify;\"><span style=\"color: #000000;\">Die Dichte der F7000-Mischung oder hohe Dichte liegt in der Polyethylenqualit\u00e4t und ist auf dem Markt sehr gefragt und gilt als eine der praktischsten schweren Polyethylenmischungen. Wenn die F7000-Verbindung vor Sonnenlicht und Oxidationsmitteln gesch\u00fctzt wird, beh\u00e4lt sie ihre Eigenschaften nat\u00fcrlich lange Zeit.<\/span><\/p>\n<p><span style=\"color: #000000;\"><strong>Eigenschaften des F7000-Verbundwerkstoffs<\/strong><\/span><\/p>\n<ul>\n<li><span style=\"color: #000000;\"> Hohe Festigkeit<\/span><\/li>\n<li><span style=\"color: #000000;\">Akzeptable Blasfolien<\/span><\/li>\n<li><span style=\"color: #000000;\">Hohes Molekulargewicht<\/span><\/li>\n<li><span style=\"color: #000000;\">Internationaler Standard (f\u00fcr den Export)<\/span><\/li>\n<li><span style=\"color: #000000;\">Hohe Abriebfestigkeit<\/span><\/li>\n<li><span style=\"color: #000000;\">Sehr hoher Schmelzpunkt<\/span><\/li>\n<li><span style=\"color: #000000;\">Rissbest\u00e4ndigkeit<\/span><\/li>\n<\/ul>\n<p><span style=\"color: #000000;\"><strong>Preis und Bestellung von Compound F7000<\/strong><\/span><\/p>\n<p style=\"text-align: justify;\"><span style=\"color: #000000;\">Die Karina Polymer Factory verf\u00fcgt \u00fcber eine eigene Produktionslinie f\u00fcr Compound F7000 f\u00fcr Deutschland mit der besten Qualit\u00e4t und einem angemessenen Preis, mit nationalen Standards f\u00fcr den Inlandsmarkt und SGS-Exportstandards f\u00fcr ausl\u00e4ndische M\u00e4rkte und Exporte und ist bereit, in der Verpackungs- und Produktionsbranche f\u00fcr Industrie- und Agrarfolien sowie mit angesehenen H\u00e4ndlern f\u00fcr den Export zu kooperieren.<\/span><\/p>\n","protected":false},"featured_media":9531,"template":"","meta":[],"product_brand":[],"product_cat":[554],"product_tag":[557,556,558,555],"class_list":{"0":"post-9530","1":"product","2":"type-product","3":"status-publish","4":"has-post-thumbnail","6":"product_cat-polyethylen-extrusion-in-deutschland","7":"product_tag-f7000-polyethylen-verbindung","8":"product_tag-produktion-der-f7000-verbindung-im-iran","9":"product_tag-produktion-von-polyethylen-compounds-fur-german","10":"product_tag-verkauf-von-compound-f7000-in-deutschland","12":"first","13":"instock","14":"shipping-taxable","15":"product-type-grouped"},"_links":{"self":[{"href":"https:\/\/karinapolymer.com\/de\/wp-json\/wp\/v2\/product\/9530","targetHints":{"allow":["GET"]}}],"collection":[{"href":"https:\/\/karinapolymer.com\/de\/wp-json\/wp\/v2\/product"}],"about":[{"href":"https:\/\/karinapolymer.com\/de\/wp-json\/wp\/v2\/types\/product"}],"version-history":[{"count":0,"href":"https:\/\/karinapolymer.com\/de\/wp-json\/wp\/v2\/product\/9530\/revisions"}],"wp:featuredmedia":[{"embeddable":true,"href":"https:\/\/karinapolymer.com\/de\/wp-json\/wp\/v2\/media\/9531"}],"wp:attachment":[{"href":"https:\/\/karinapolymer.com\/de\/wp-json\/wp\/v2\/media?parent=9530"}],"wp:term":[{"taxonomy":"product_brand","embeddable":true,"href":"https:\/\/karinapolymer.com\/de\/wp-json\/wp\/v2\/product_brand?post=9530"},{"taxonomy":"product_cat","embeddable":true,"href":"https:\/\/karinapolymer.com\/de\/wp-json\/wp\/v2\/product_cat?post=9530"},{"taxonomy":"product_tag","embeddable":true,"href":"https:\/\/karinapolymer.com\/de\/wp-json\/wp\/v2\/product_tag?post=9530"}],"curies":[{"name":"wp","href":"https:\/\/api.w.org\/{rel}","templated":true}]}}