{"id":9540,"date":"2024-08-16T10:49:45","date_gmt":"2024-08-16T10:49:45","guid":{"rendered":"https:\/\/karinapolymer.com\/product\/bast-textil-polypropylen-compound-rf300\/"},"modified":"2025-03-31T18:23:03","modified_gmt":"2025-03-31T18:23:03","slug":"bast-textil-polypropylen-compound-rf300","status":"publish","type":"product","link":"https:\/\/karinapolymer.com\/de\/produkt\/bast-textil-polypropylen-compound-rf300\/","title":{"rendered":"Bast (Textil) Polypropylen-Compound RF300"},"content":{"rendered":"\t\t<div data-elementor-type=\"wp-post\" data-elementor-id=\"9540\" class=\"elementor elementor-9540 elementor-7088\" data-elementor-post-type=\"product\">\n\t\t\t\t\t\t<section class=\"elementor-section elementor-top-section elementor-element elementor-element-3706514 elementor-section-content-top elementor-section-boxed elementor-section-height-default elementor-section-height-default\" data-id=\"3706514\" data-element_type=\"section\" data-e-type=\"section\">\n\t\t\t\t\t\t<div class=\"elementor-container elementor-column-gap-default\">\n\t\t\t\t\t<div class=\"elementor-column elementor-col-50 elementor-top-column elementor-element elementor-element-9530970\" data-id=\"9530970\" data-element_type=\"column\" data-e-type=\"column\">\n\t\t\t<div class=\"elementor-widget-wrap elementor-element-populated\">\n\t\t\t\t\t\t<div class=\"elementor-element elementor-element-8721110 wd-width-100 elementor-widget elementor-widget-wd_title\" data-id=\"8721110\" data-element_type=\"widget\" data-e-type=\"widget\" data-widget_type=\"wd_title.default\">\n\t\t\t\t<div class=\"elementor-widget-container\">\n\t\t\t\t\t\t\t<div class=\"title-wrapper wd-set-mb reset-last-child wd-title-color-default wd-title-style-default wd-title-size-default text-left\">\n\n\t\t\t\n\t\t\t<div class=\"liner-continer\">\n\t\t\t\t<h4 class=\"woodmart-title-container title wd-fontsize-l\">Anwendung von Raffia-Compounds f\u00fcr die deutsche Industrie<\/h4> \n\t\t\t\t\t\t\t<\/div>\n\n\t\t\t\t\t<\/div>\n\t\t\t\t\t\t<\/div>\n\t\t\t\t<\/div>\n\t\t\t\t<div class=\"elementor-element elementor-element-5311416 color-scheme-inherit text-left elementor-widget elementor-widget-text-editor\" data-id=\"5311416\" data-element_type=\"widget\" data-e-type=\"widget\" data-widget_type=\"text-editor.default\">\n\t\t\t\t\t\t\t\t\t<p style=\"text-align: left;\">Textilqualit\u00e4tsverbindung, geeignet f\u00fcr die Herstellung der unten aufgef\u00fchrten textilbezogenen Produkte:<\/p><ul style=\"text-align: left;\"><li>Textilfasern<\/li><li>Teppiche und L\u00e4ufer<\/li><li>Raffia-Mischung f\u00fcr die Sackproduktion in Deutschland<\/li><li>Raffia-Compound f\u00fcr Jumbo-Taschen-Produktion in Deutschland<\/li><li>Raffia-Compound f\u00fcr die Garnproduktion in german<\/li><li>Raffia-Mischung f\u00fcr die Teppichproduktion in Deutschland<\/li><li>Raffia-Compound f\u00fcr Vliesstoffproduktion in Deutschland<\/li><\/ul><p style=\"text-align: left;\"><strong><span style=\"color: #000000;\">Sie k\u00f6nnen einen Spezialisten der Karnia Polymer Company per WhatsApp zur Verwendung einer speziellen Textilmischung bei der Herstellung Ihrer Produkte befragen.<\/span><\/strong><\/p><p style=\"text-align: left;\"><strong>Bestellmischung f\u00fcr Deutschland<\/strong><\/p>\t\t\t\t\t\t\t\t<\/div>\n\t\t\t\t\t<\/div>\n\t\t<\/div>\n\t\t\t\t<div class=\"elementor-column elementor-col-50 elementor-top-column elementor-element elementor-element-3895673\" data-id=\"3895673\" data-element_type=\"column\" data-e-type=\"column\">\n\t\t\t<div class=\"elementor-widget-wrap elementor-element-populated\">\n\t\t\t\t\t\t<div class=\"elementor-element elementor-element-2771311 elementor-widget elementor-widget-image\" data-id=\"2771311\" data-element_type=\"widget\" data-e-type=\"widget\" data-widget_type=\"image.default\">\n\t\t\t\t\t\t\t\t\t\t\t\t\t\t\t<img loading=\"lazy\" decoding=\"async\" width=\"500\" height=\"500\" src=\"https:\/\/karinapolymer.com\/wp-content\/uploads\/2024\/08\/kave\u0627\u0627r.jpg\" class=\"attachment-full size-full wp-image-9543\" alt=\"\" srcset=\"https:\/\/karinapolymer.com\/wp-content\/uploads\/2024\/08\/kave\u0627\u0627r.jpg 500w, https:\/\/karinapolymer.com\/wp-content\/uploads\/2024\/08\/kave\u0627\u0627r-300x300.jpg 300w, https:\/\/karinapolymer.com\/wp-content\/uploads\/2024\/08\/kave\u0627\u0627r-150x150.jpg 150w\" sizes=\"auto, (max-width: 500px) 100vw, 500px\" \/>\t\t\t\t\t\t\t\t\t\t\t\t\t\t\t<\/div>\n\t\t\t\t\t<\/div>\n\t\t<\/div>\n\t\t\t\t\t<\/div>\n\t\t<\/section>\n\t\t\t\t<section class=\"elementor-section elementor-top-section elementor-element elementor-element-9959dca elementor-section-content-top elementor-section-boxed elementor-section-height-default elementor-section-height-default\" data-id=\"9959dca\" data-element_type=\"section\" data-e-type=\"section\">\n\t\t\t\t\t\t<div class=\"elementor-container elementor-column-gap-default\">\n\t\t\t\t\t<div class=\"elementor-column elementor-col-50 elementor-top-column elementor-element elementor-element-85d3e84\" data-id=\"85d3e84\" data-element_type=\"column\" data-e-type=\"column\">\n\t\t\t<div class=\"elementor-widget-wrap elementor-element-populated\">\n\t\t\t\t\t\t<div class=\"elementor-element elementor-element-b89b7b7 elementor-widget elementor-widget-image\" data-id=\"b89b7b7\" data-element_type=\"widget\" data-e-type=\"widget\" data-widget_type=\"image.default\">\n\t\t\t\t\t\t\t\t\t\t\t\t\t\t\t<img loading=\"lazy\" decoding=\"async\" width=\"500\" height=\"500\" src=\"https:\/\/karinapolymer.com\/wp-content\/uploads\/2024\/08\/polyester.jpg\" class=\"attachment-full size-full wp-image-9544\" alt=\"\" srcset=\"https:\/\/karinapolymer.com\/wp-content\/uploads\/2024\/08\/polyester.jpg 500w, https:\/\/karinapolymer.com\/wp-content\/uploads\/2024\/08\/polyester-300x300.jpg 300w, https:\/\/karinapolymer.com\/wp-content\/uploads\/2024\/08\/polyester-150x150.jpg 150w\" sizes=\"auto, (max-width: 500px) 100vw, 500px\" \/>\t\t\t\t\t\t\t\t\t\t\t\t\t\t\t<\/div>\n\t\t\t\t\t<\/div>\n\t\t<\/div>\n\t\t\t\t<div class=\"elementor-column elementor-col-50 elementor-top-column elementor-element elementor-element-d52481d\" data-id=\"d52481d\" data-element_type=\"column\" data-e-type=\"column\">\n\t\t\t<div class=\"elementor-widget-wrap elementor-element-populated\">\n\t\t\t\t\t\t<div class=\"elementor-element elementor-element-5997911 color-scheme-inherit text-left elementor-widget elementor-widget-text-editor\" data-id=\"5997911\" data-element_type=\"widget\" data-e-type=\"widget\" data-widget_type=\"text-editor.default\">\n\t\t\t\t\t\t\t\t\t<h3 style=\"text-align: left;\">\u00dcber Polypropylen in Textilqualit\u00e4t:<\/h3><ul style=\"text-align: left;\"><li>Komfortable Injektion<\/li><li>Schnelle Integration<\/li><li>Produktintegrit\u00e4t<\/li><li>Entspricht deutschen Standards<\/li><li>C30S-Ersatz<\/li><\/ul><p style=\"text-align: left;\"><strong>Compound zur Herstellung von Spinnvlies- und Meltblown-Geweben<br \/><\/strong><a href=\"https:\/\/karinapolymer.com\/2024\/12\/18\/%da%a9%d8%a7%d9%85%d9%be%d8%a7%d9%86%d8%af-%d8%a8%d8%b1%d8%a7%db%8c-%d8%aa%d9%88%d9%84%db%8c%d8%af-%d8%a7%d8%b3%d9%be%d8%a7%d9%86-%d8%a8%d8%a7%d9%86%d8%af\/\"><strong>Spinnvliesstoffe m\u00fcssen leicht<\/strong><\/a>, atmungsaktiv, hochfest, anpassbar und antibakteriell sein, um in der Medizinbranche zur Herstellung medizinischer und Gesundheitsprodukte wie Operationsmasken, Isolationskitteln und Arztkitteln sowie f\u00fcr Verpackungen und die industrielle Textilproduktion verwendet werden zu k\u00f6nnen.<\/p><p style=\"text-align: left;\"><strong>Compound zur Herstellung von Kunstfasern f\u00fcr die deutsche Textilindustrie<br \/><\/strong>Unsere Polypropylenverbindung eignet sich zur Herstellung einer Vielzahl von Polypropylengarnen, die in der Teppichweberei, f\u00fcr Industrieb\u00f6den, Geotextilfasern und Sicherheitskleidung verwendet werden.<\/p><p style=\"text-align: left;\"><strong>Anwendung der Verbindung in Spezialverpackungen und technischen Textilien in Deutschland<br \/><\/strong>Spinnvliesstoffe und Textilgewebe werden in der Verpackungsindustrie, f\u00fcr Industrieabdeckungen, feuchtigkeitsbest\u00e4ndige Beutel und \u00e4hnliche Produkte verwendet, abh\u00e4ngig von den zur Herstellung von Polypropylen verwendeten zusammengesetzten Rohstoffen.<\/p><p style=\"text-align: left;\"><strong>Textilverbund und Anwendung in der Automobil- und technischen Industrie in Deutschland<br \/><\/strong>Aus Polypropylen-Textilverbindungen hergestellte Vliesstoffe werden im Fahrzeuginnenraum beispielsweise als T\u00fcrverkleidungen, zur Schall- und W\u00e4rmed\u00e4mmung sowie in der Bau- und Maschinenbauindustrie zur Verst\u00e4rkung von Beton und Verbundwerkstoffen eingesetzt.<\/p>\t\t\t\t\t\t\t\t<\/div>\n\t\t\t\t\t<\/div>\n\t\t<\/div>\n\t\t\t\t\t<\/div>\n\t\t<\/section>\n\t\t\t\t<\/div>\n\t\t","protected":false},"excerpt":{"rendered":"<p>Die Sorte Raffia ist eine Untergruppe von Polypropylen, die f\u00fcr den Textilspritzguss verwendet werden kann und zur Herstellung von Kunststofffasern speziell f\u00fcr Taschen und Teppichfasern dient.<br \/>Produktion der Bast-Polypropylen-Verbindung RF300 in Deutschland<\/p>\n<p><strong>Eigenschaften textiler Verbundwerkstoffe:<\/strong><\/p>\n<ul>\n<li>Sehr weiche Mischung<\/li>\n<li>Anwendung in der Textilindustrie<\/li>\n<li>Injektionsf\u00e4higkeit<\/li>\n<li>Best\u00e4ndig gegen Chemikalien<\/li>\n<li>Schnelle Injektion<\/li>\n<li>Temperaturbest\u00e4ndigkeit<\/li>\n<li>Hohe Zugfestigkeit<\/li>\n<li>Antibakteriell<\/li>\n<\/ul>\n<p>Produktion von Polypropylen-Compounds f\u00fcr den deutschen Markt. Raffia oder Textilverbundstoff wird bei der Karina Polymer Production Company gem\u00e4\u00df nationalen Standards und SGS-Exportanalysestandards hergestellt.<\/p>\n","protected":false},"featured_media":9541,"template":"","meta":[],"product_brand":[],"product_cat":[561],"product_tag":[564,563,565,562],"class_list":{"0":"post-9540","1":"product","2":"type-product","3":"status-publish","4":"has-post-thumbnail","6":"product_cat-spritzgegossenes-polypropylen-nach-deutschem-standard","7":"product_tag-bast-in-verbundqualitat","8":"product_tag-bast-polypropylen-fur-den-deutschen-polymermarkt","9":"product_tag-textiles-polypropylen-fur-die-deutsche-fertigungsindustrie","10":"product_tag-vertrieb-von-raffia-grade-compound-in-deutschland-nach-europaischen-standards","12":"first","13":"instock","14":"shipping-taxable","15":"product-type-grouped"},"_links":{"self":[{"href":"https:\/\/karinapolymer.com\/de\/wp-json\/wp\/v2\/product\/9540","targetHints":{"allow":["GET"]}}],"collection":[{"href":"https:\/\/karinapolymer.com\/de\/wp-json\/wp\/v2\/product"}],"about":[{"href":"https:\/\/karinapolymer.com\/de\/wp-json\/wp\/v2\/types\/product"}],"version-history":[{"count":0,"href":"https:\/\/karinapolymer.com\/de\/wp-json\/wp\/v2\/product\/9540\/revisions"}],"wp:featuredmedia":[{"embeddable":true,"href":"https:\/\/karinapolymer.com\/de\/wp-json\/wp\/v2\/media\/9541"}],"wp:attachment":[{"href":"https:\/\/karinapolymer.com\/de\/wp-json\/wp\/v2\/media?parent=9540"}],"wp:term":[{"taxonomy":"product_brand","embeddable":true,"href":"https:\/\/karinapolymer.com\/de\/wp-json\/wp\/v2\/product_brand?post=9540"},{"taxonomy":"product_cat","embeddable":true,"href":"https:\/\/karinapolymer.com\/de\/wp-json\/wp\/v2\/product_cat?post=9540"},{"taxonomy":"product_tag","embeddable":true,"href":"https:\/\/karinapolymer.com\/de\/wp-json\/wp\/v2\/product_tag?post=9540"}],"curies":[{"name":"wp","href":"https:\/\/api.w.org\/{rel}","templated":true}]}}