{"id":9562,"date":"2023-08-24T11:46:32","date_gmt":"2023-08-24T11:46:32","guid":{"rendered":"https:\/\/karinapolymer.com\/product\/extrusionsfaehiges-polypropylen-compound-kr-crg3\/"},"modified":"2025-04-01T05:37:53","modified_gmt":"2025-04-01T05:37:53","slug":"extrusionsfaehiges-polypropylen-compound-kr-crg3","status":"publish","type":"product","link":"https:\/\/karinapolymer.com\/de\/produkt\/extrusionsfaehiges-polypropylen-compound-kr-crg3\/","title":{"rendered":"Extrusionsf\u00e4higes Polypropylen-Compound KR-CRG3"},"content":{"rendered":"\t\t<div data-elementor-type=\"wp-post\" data-elementor-id=\"9562\" class=\"elementor elementor-9562 elementor-2114\" data-elementor-post-type=\"product\">\n\t\t\t\t\t\t<section class=\"elementor-section elementor-top-section elementor-element elementor-element-5100889 elementor-section-boxed elementor-section-height-default elementor-section-height-default\" data-id=\"5100889\" data-element_type=\"section\" data-e-type=\"section\">\n\t\t\t\t\t\t<div class=\"elementor-container elementor-column-gap-default\">\n\t\t\t\t\t<div class=\"elementor-column elementor-col-100 elementor-top-column elementor-element elementor-element-1234230\" data-id=\"1234230\" data-element_type=\"column\" data-e-type=\"column\">\n\t\t\t<div class=\"elementor-widget-wrap elementor-element-populated\">\n\t\t\t\t\t\t<div class=\"elementor-element elementor-element-9303267 wd-width-100 elementor-widget elementor-widget-wd_title\" data-id=\"9303267\" data-element_type=\"widget\" data-e-type=\"widget\" data-widget_type=\"wd_title.default\">\n\t\t\t\t<div class=\"elementor-widget-container\">\n\t\t\t\t\t\t\t<div class=\"title-wrapper wd-set-mb reset-last-child wd-title-color-default wd-title-style-default wd-title-size-small text-left\">\n\n\t\t\t\n\t\t\t<div class=\"liner-continer\">\n\t\t\t\t<h4 class=\"woodmart-title-container title wd-fontsize-m\">Polypropylene applications<\/h4> \n\t\t\t\t\t\t\t<\/div>\n\n\t\t\t\t\t<\/div>\n\t\t\t\t\t\t<\/div>\n\t\t\t\t<\/div>\n\t\t\t\t\t<\/div>\n\t\t<\/div>\n\t\t\t\t\t<\/div>\n\t\t<\/section>\n\t\t\t\t<section class=\"elementor-section elementor-top-section elementor-element elementor-element-2452213 elementor-section-content-top elementor-section-boxed elementor-section-height-default elementor-section-height-default\" data-id=\"2452213\" data-element_type=\"section\" data-e-type=\"section\">\n\t\t\t\t\t\t<div class=\"elementor-container elementor-column-gap-default\">\n\t\t\t\t\t<div class=\"elementor-column elementor-col-50 elementor-top-column elementor-element elementor-element-1273395\" data-id=\"1273395\" data-element_type=\"column\" data-e-type=\"column\">\n\t\t\t<div class=\"elementor-widget-wrap elementor-element-populated\">\n\t\t\t\t\t\t<div class=\"elementor-element elementor-element-9891866 color-scheme-inherit text-left elementor-widget elementor-widget-text-editor\" data-id=\"9891866\" data-element_type=\"widget\" data-e-type=\"widget\" data-widget_type=\"text-editor.default\">\n\t\t\t\t\t\t\t\t\t<p style=\"text-align: right;\"><span style=\"color: #000000;\"><strong>Anwendungen von Polypropylen:<\/strong><\/span><\/p>\n<ul>\n<li style=\"text-align: right;\"><span style=\"color: #000000;\">Anwendungen von Polypropylen zur Herstellung von Sportger\u00e4ten<\/span><\/li>\n<li style=\"text-align: right;\"><span style=\"color: #000000;\">Polypropylen-Anwendungen f\u00fcr die Produktion von Konsumg\u00fctern in Deutschland<\/span><\/li>\n<li style=\"text-align: right;\"><span style=\"color: #000000;\">Polypropylen-Anwendungen f\u00fcr die deutsche Spielwarenproduktion<\/span><\/li>\n<li style=\"text-align: right;\"><span style=\"color: #000000;\">Polypropylen-Anwendungen f\u00fcr Medizinprodukte in Deutschland<\/span><\/li>\n<li style=\"text-align: right;\"><span style=\"color: #000000;\">Polypropylen-Anwendungen f\u00fcr Elektroger\u00e4te in Deutschland<\/span><\/li>\n<li style=\"text-align: right;\"><span style=\"color: #000000;\">Polypropylen-Anwendungen f\u00fcr Kunststofffolien in Deutschland<\/span><\/li>\n<li style=\"text-align: right;\"><span style=\"color: #000000;\">Anwendung von Polypropylen f\u00fcr Lebensmittelverpackungen in Deutschland<\/span><\/li>\n<li style=\"text-align: right;\"><span style=\"color: #000000;\">Polypropylen-Anwendung f\u00fcr Haushaltsger\u00e4te in Deutschland<\/span><\/li>\n<li style=\"text-align: right;\"><span style=\"color: #000000;\">Automobilindustrie<\/span><\/li>\n<\/ul>\n\t\t\t\t\t\t\t\t<\/div>\n\t\t\t\t\t<\/div>\n\t\t<\/div>\n\t\t\t\t<div class=\"elementor-column elementor-col-50 elementor-top-column elementor-element elementor-element-9438153\" data-id=\"9438153\" data-element_type=\"column\" data-e-type=\"column\">\n\t\t\t<div class=\"elementor-widget-wrap elementor-element-populated\">\n\t\t\t\t\t\t<div class=\"elementor-element elementor-element-d8bbe2f elementor-pagination-position-outside elementor-widget elementor-widget-image-carousel\" data-id=\"d8bbe2f\" data-element_type=\"widget\" data-e-type=\"widget\" data-settings=\"{&quot;slides_to_show&quot;:&quot;1&quot;,&quot;navigation&quot;:&quot;dots&quot;,&quot;autoplay&quot;:&quot;yes&quot;,&quot;pause_on_hover&quot;:&quot;yes&quot;,&quot;pause_on_interaction&quot;:&quot;yes&quot;,&quot;autoplay_speed&quot;:5000,&quot;infinite&quot;:&quot;yes&quot;,&quot;effect&quot;:&quot;slide&quot;,&quot;speed&quot;:500}\" data-widget_type=\"image-carousel.default\">\n\t\t\t\t\t\t\t<div class=\"elementor-image-carousel-wrapper swiper\" role=\"region\" aria-roledescription=\"carousel\" aria-label=\"Image Carousel\" dir=\"ltr\">\n\t\t\t<div class=\"elementor-image-carousel swiper-wrapper\" aria-live=\"off\">\n\t\t\t\t\t\t\t\t<div class=\"swiper-slide\" role=\"group\" aria-roledescription=\"slide\" aria-label=\"1 of 2\"><figure class=\"swiper-slide-inner\"><img decoding=\"async\" class=\"swiper-slide-image\" src=\"https:\/\/karinapolymer.com\/wp-content\/uploads\/2023\/08\/karina1.jpg\" alt=\"\u06a9\u0627\u0645\u067e\u0627\u0646\u062f \u067e\u0644\u06cc \u067e\u0631\u0648\u067e\u06cc\u0644\u0646\" \/><\/figure><\/div><div class=\"swiper-slide\" role=\"group\" aria-roledescription=\"slide\" aria-label=\"2 of 2\"><figure class=\"swiper-slide-inner\"><img decoding=\"async\" class=\"swiper-slide-image\" src=\"https:\/\/karinapolymer.com\/wp-content\/uploads\/2023\/08\/karina1.jpg\" alt=\"\u06a9\u0627\u0645\u067e\u0627\u0646\u062f \u067e\u0644\u06cc \u067e\u0631\u0648\u067e\u06cc\u0644\u0646\" \/><\/figure><\/div>\t\t\t<\/div>\n\t\t\t\t\t\t\t\n\t\t\t\t\t\t\t\t\t<div class=\"swiper-pagination\"><\/div>\n\t\t\t\t\t\t\t\t\t<\/div>\n\t\t\t\t\t\t<\/div>\n\t\t\t\t\t<\/div>\n\t\t<\/div>\n\t\t\t\t\t<\/div>\n\t\t<\/section>\n\t\t\t\t<\/div>\n\t\t","protected":false},"excerpt":{"rendered":"<h3>Eigenschaften der Polypropylenverbindung:<\/h3>\n<p>\u2022 Recycelbar<br \/>\n\u2022 Akzeptable Ma\u00dfgenauigkeit<br \/>\n\u2022 Einfaches Formen<br \/>\n\u2022 Hohe Biegefestigkeit<br \/>\n\u2022 Flexibel<br \/>\n\u2022 Elektrische Isolierung<br \/>\n\u2022 Sehr leicht<br \/>\n\u2022 Hat einen hohen Reibungskoeffizienten<br \/>\n\u2022 Schlag- und abriebfest<br \/>\n\u2022 Best\u00e4ndig gegen alle Arten von Umweltbelastungen<br \/>\n\u2022 Kann als Legierung mit verschiedenen Polymeren verwendet werden<br \/>\n\u2022 Gute Best\u00e4ndigkeit gegen Feuchtigkeitsaufnahme und Einfrieren<br \/>\n\u2022 Vielseitige Polymerverbindung in Deutschland<br \/>\n\u2022 Gute Flie\u00dff\u00e4higkeit durch sehr niedrige Schmelzviskosit\u00e4t<br \/>\n\u2022 Akzeptable Best\u00e4ndigkeit gegen\u00fcber Chemikalien<\/p>\n<p>Die Polypropylen-Verbindung in Extrusionsqualit\u00e4t wird von der Karina Polymer Company gem\u00e4\u00df dem Standard und dem SGS-Exportanalysezertifikat mit einem ma\u00dfgeschneiderten Datenblatt f\u00fcr den Vertrieb in Deutschland hergestellt.<\/p>\n","protected":false},"featured_media":9563,"template":"","meta":[],"product_brand":[],"product_cat":[581],"product_tag":[584,582,585,573,575,583],"class_list":{"0":"post-9562","1":"product","2":"type-product","3":"status-publish","4":"has-post-thumbnail","6":"product_cat-extrusionsfahiges-polypropylen-in-deutschland","7":"product_tag-extrusionsfahiges-polypropylen-in-deutschland","8":"product_tag-iranischer-polypropylen-produzent-in-deutschland","9":"product_tag-polypropylen-extrusion-fur-kunststoffprodukte-in-deutschland","10":"product_tag-polypropylen-verbindung","11":"product_tag-pp-materialien","12":"product_tag-schwarzes-polypropylen-compound-in-deutschland","14":"first","15":"instock","16":"shipping-taxable","17":"product-type-simple"},"_links":{"self":[{"href":"https:\/\/karinapolymer.com\/de\/wp-json\/wp\/v2\/product\/9562","targetHints":{"allow":["GET"]}}],"collection":[{"href":"https:\/\/karinapolymer.com\/de\/wp-json\/wp\/v2\/product"}],"about":[{"href":"https:\/\/karinapolymer.com\/de\/wp-json\/wp\/v2\/types\/product"}],"version-history":[{"count":0,"href":"https:\/\/karinapolymer.com\/de\/wp-json\/wp\/v2\/product\/9562\/revisions"}],"wp:featuredmedia":[{"embeddable":true,"href":"https:\/\/karinapolymer.com\/de\/wp-json\/wp\/v2\/media\/9563"}],"wp:attachment":[{"href":"https:\/\/karinapolymer.com\/de\/wp-json\/wp\/v2\/media?parent=9562"}],"wp:term":[{"taxonomy":"product_brand","embeddable":true,"href":"https:\/\/karinapolymer.com\/de\/wp-json\/wp\/v2\/product_brand?post=9562"},{"taxonomy":"product_cat","embeddable":true,"href":"https:\/\/karinapolymer.com\/de\/wp-json\/wp\/v2\/product_cat?post=9562"},{"taxonomy":"product_tag","embeddable":true,"href":"https:\/\/karinapolymer.com\/de\/wp-json\/wp\/v2\/product_tag?post=9562"}],"curies":[{"name":"wp","href":"https:\/\/api.w.org\/{rel}","templated":true}]}}