{"id":9580,"date":"2017-06-14T08:42:20","date_gmt":"2017-06-14T08:42:20","guid":{"rendered":"https:\/\/karinapolymer.com\/product\/polypropylen-compound-copolymer-kr-pr070\/"},"modified":"2025-04-01T06:21:53","modified_gmt":"2025-04-01T06:21:53","slug":"polypropylen-compound-copolymer-kr-pr070","status":"publish","type":"product","link":"https:\/\/karinapolymer.com\/de\/produkt\/polypropylen-compound-copolymer-kr-pr070\/","title":{"rendered":"Polypropylen-Compound (Copolymer) KR-PR070"},"content":{"rendered":"\t\t<div data-elementor-type=\"wp-post\" data-elementor-id=\"9580\" class=\"elementor elementor-9580 elementor-49\" data-elementor-post-type=\"product\">\n\t\t\t\t\t\t<section class=\"elementor-section elementor-top-section elementor-element elementor-element-4699754 elementor-section-boxed elementor-section-height-default elementor-section-height-default\" data-id=\"4699754\" data-element_type=\"section\" data-e-type=\"section\">\n\t\t\t\t\t\t<div class=\"elementor-container elementor-column-gap-default\">\n\t\t\t\t\t<div class=\"elementor-column elementor-col-50 elementor-top-column elementor-element elementor-element-1329919\" data-id=\"1329919\" data-element_type=\"column\" data-e-type=\"column\">\n\t\t\t<div class=\"elementor-widget-wrap elementor-element-populated\">\n\t\t\t\t\t\t<div class=\"elementor-element elementor-element-7028529 wd-width-100 elementor-widget elementor-widget-wd_title\" data-id=\"7028529\" data-element_type=\"widget\" data-e-type=\"widget\" data-widget_type=\"wd_title.default\">\n\t\t\t\t<div class=\"elementor-widget-container\">\n\t\t\t\t\t\t\t<div class=\"title-wrapper wd-set-mb reset-last-child wd-title-color-default wd-title-style-default wd-title-size-small text-right\">\n\n\t\t\t\n\t\t\t<div class=\"liner-continer\">\n\t\t\t\t<h4 class=\"woodmart-title-container title wd-fontsize-m\">Copolymer-Anwendungen:<\/h4> \n\t\t\t\t\t\t\t<\/div>\n\n\t\t\t\t\t<\/div>\n\t\t\t\t\t\t<\/div>\n\t\t\t\t<\/div>\n\t\t\t\t<div class=\"elementor-element elementor-element-3050301 color-scheme-inherit text-left elementor-widget elementor-widget-text-editor\" data-id=\"3050301\" data-element_type=\"widget\" data-e-type=\"widget\" data-widget_type=\"text-editor.default\">\n\t\t\t\t\t\t\t\t\t<ul>\n<li style=\"text-align: right;\"><span style=\"color: #000000;\">Passend f\u00fcr Scheibenwischergeh\u00e4use<\/span><\/li>\n<li style=\"text-align: right;\"><span style=\"color: #000000;\">Produktion von Holzleim mit Polymerverbindung in Deutschland<\/span><\/li>\n<li style=\"text-align: right;\"><span style=\"color: #000000;\">Spritzguss in Deutschland<\/span><\/li>\n<li style=\"text-align: right;\"><span style=\"color: #000000;\">Kleidungsarten in Deutschland<\/span><\/li>\n<li style=\"text-align: right;\"><span style=\"color: #000000;\">Arten von Kunststoffverpackungen in Deutschland<\/span><\/li>\n<li style=\"text-align: right;\"><span style=\"color: #000000;\">Faserproduktion in Deutschland<\/span><\/li>\n<li style=\"text-align: right;\"><span style=\"color: #000000;\">Textilien in Deutschland<\/span><\/li>\n<li style=\"text-align: right;\"><span style=\"color: #000000;\">Kunststofffolien in Deutschland<\/span><\/li>\n<\/ul>\n\t\t\t\t\t\t\t\t<\/div>\n\t\t\t\t\t<\/div>\n\t\t<\/div>\n\t\t\t\t<div class=\"elementor-column elementor-col-50 elementor-top-column elementor-element elementor-element-3569581\" data-id=\"3569581\" data-element_type=\"column\" data-e-type=\"column\">\n\t\t\t<div class=\"elementor-widget-wrap elementor-element-populated\">\n\t\t\t\t\t\t<div class=\"elementor-element elementor-element-5337399 wd-width-100 elementor-widget elementor-widget-wd_title\" data-id=\"5337399\" data-element_type=\"widget\" data-e-type=\"widget\" data-widget_type=\"wd_title.default\">\n\t\t\t\t<div class=\"elementor-widget-container\">\n\t\t\t\t\t\t\t<div class=\"title-wrapper wd-set-mb reset-last-child wd-title-color-default wd-title-style-default wd-title-size-small text-right\">\n\n\t\t\t\n\t\t\t<div class=\"liner-continer\">\n\t\t\t\t<h4 class=\"woodmart-title-container title wd-fontsize-m\"><strong>Spezialisierte Anwendungsm\u00f6glichkeiten: <\/strong><\/h4> \n\t\t\t\t\t\t\t<\/div>\n\n\t\t\t\t\t<\/div>\n\t\t\t\t\t\t<\/div>\n\t\t\t\t<\/div>\n\t\t\t\t<div class=\"elementor-element elementor-element-5874540 color-scheme-inherit text-left elementor-widget elementor-widget-text-editor\" data-id=\"5874540\" data-element_type=\"widget\" data-e-type=\"widget\" data-widget_type=\"text-editor.default\">\n\t\t\t\t\t\t\t\t\t<p style=\"text-align: right;\"><span style=\"color: #000000;\">Polymerverbindung f\u00fcr Textilien <\/span><\/p>\n<p style=\"text-align: right;\"><span style=\"color: #000000;\">Polymerverbindung f\u00fcr Kunststofffolien <\/span><\/p>\n\t\t\t\t\t\t\t\t<\/div>\n\t\t\t\t<div class=\"elementor-element elementor-element-6706680 wd-width-100 elementor-widget elementor-widget-wd_title\" data-id=\"6706680\" data-element_type=\"widget\" data-e-type=\"widget\" data-widget_type=\"wd_title.default\">\n\t\t\t\t<div class=\"elementor-widget-container\">\n\t\t\t\t\t\t\t<div class=\"title-wrapper wd-set-mb reset-last-child wd-title-color-default wd-title-style-default wd-title-size-small text-right\">\n\n\t\t\t\n\t\t\t<div class=\"liner-continer\">\n\t\t\t\t<h4 class=\"woodmart-title-container title wd-fontsize-m\"><strong>Polymercompounds in Deutschland bestellen<\/strong><\/h4> \n\t\t\t\t\t\t\t<\/div>\n\n\t\t\t\t\t<\/div>\n\t\t\t\t\t\t<\/div>\n\t\t\t\t<\/div>\n\t\t\t\t<div class=\"elementor-element elementor-element-8543865 color-scheme-inherit text-left elementor-widget elementor-widget-text-editor\" data-id=\"8543865\" data-element_type=\"widget\" data-e-type=\"widget\" data-widget_type=\"text-editor.default\">\n\t\t\t\t\t\t\t\t\t<p style=\"text-align: right;\">Sichere Verpackung und Transport<\/p>\n\t\t\t\t\t\t\t\t<\/div>\n\t\t\t\t<div class=\"elementor-element elementor-element-3155864 wd-width-100 elementor-widget elementor-widget-wd_title\" data-id=\"3155864\" data-element_type=\"widget\" data-e-type=\"widget\" data-widget_type=\"wd_title.default\">\n\t\t\t\t<div class=\"elementor-widget-container\">\n\t\t\t\t\t\t\t<div class=\"title-wrapper wd-set-mb reset-last-child wd-title-color-default wd-title-style-default wd-title-size-small text-right\">\n\n\t\t\t\n\t\t\t<div class=\"liner-continer\">\n\t\t\t\t<h4 class=\"woodmart-title-container title wd-fontsize-m\"><strong>Erzeugte Farben:<\/strong><\/h4> \n\t\t\t\t\t\t\t<\/div>\n\n\t\t\t\t\t<\/div>\n\t\t\t\t\t\t<\/div>\n\t\t\t\t<\/div>\n\t\t\t\t<div class=\"elementor-element elementor-element-9983130 color-scheme-inherit text-left elementor-widget elementor-widget-text-editor\" data-id=\"9983130\" data-element_type=\"widget\" data-e-type=\"widget\" data-widget_type=\"text-editor.default\">\n\t\t\t\t\t\t\t\t\t<p style=\"text-align: right;\">Wei\u00df<\/p>\n<p style=\"text-align: right;\">Gelb<\/p>\n<p style=\"text-align: right;\">Glas<\/p>\n<p style=\"text-align: right;\">Pastell<\/p>\n\t\t\t\t\t\t\t\t<\/div>\n\t\t\t\t\t<\/div>\n\t\t<\/div>\n\t\t\t\t\t<\/div>\n\t\t<\/section>\n\t\t\t\t<\/div>\n\t\t","protected":false},"excerpt":{"rendered":"<p>Polypropylen-Compound (Copolymer), geeignet f\u00fcr den Spritzguss von Haushaltsger\u00e4teteilen und&#8230; Hervorragende Alternative zu ABS-Materialien<\/p>\n<h3>Copolymereigenschaften:<\/h3>\n<p>\u2022 Kann in Deutschland in Lebensmittelverpackungen verwendet werden<br \/>\n\u2022 Zugfestigkeit und H\u00e4rte<br \/>\n\u2022 Zugfestigkeit und H\u00e4rte<br \/>\n\u2022 Hohe Schwei\u00dfbarkeit<\/p>\n<p>&nbsp;<\/p>\n<p><strong>Polypropylen-Compounds<\/strong> in <strong>Deutschland bzw<\/strong>. Copolymer-Compounds werden im Werk Karina Polymer nach nationalen und internationalen Standards in hervorragender Qualit\u00e4t hergestellt und nach einem f\u00fcr Kunststoffprodukte geeigneten Spezialdatenblatt ma\u00dfgefertigt.<\/p>\n","protected":false},"featured_media":9581,"template":"","meta":[],"product_brand":[],"product_cat":[561],"product_tag":[578,595,573,598,575,592,597,596],"class_list":{"0":"post-9580","1":"product","2":"type-product","3":"status-publish","4":"has-post-thumbnail","6":"product_cat-spritzgegossenes-polypropylen-nach-deutschem-standard","7":"product_tag-polypropylen-in-deutschland","8":"product_tag-polypropylen-copolymer-verbindung-in-deutschland","9":"product_tag-polypropylen-verbindung","10":"product_tag-polypropylene-compound-de","11":"product_tag-pp-materialien","12":"product_tag-pp-werkstoffe-in-deutschland","13":"product_tag-spritzgegossenes-polypropylen-nach-deutschem-standard","14":"product_tag-weises-polypropylen-in-deutschland","16":"first","17":"instock","18":"shipping-taxable","19":"product-type-grouped"},"_links":{"self":[{"href":"https:\/\/karinapolymer.com\/de\/wp-json\/wp\/v2\/product\/9580","targetHints":{"allow":["GET"]}}],"collection":[{"href":"https:\/\/karinapolymer.com\/de\/wp-json\/wp\/v2\/product"}],"about":[{"href":"https:\/\/karinapolymer.com\/de\/wp-json\/wp\/v2\/types\/product"}],"version-history":[{"count":0,"href":"https:\/\/karinapolymer.com\/de\/wp-json\/wp\/v2\/product\/9580\/revisions"}],"wp:featuredmedia":[{"embeddable":true,"href":"https:\/\/karinapolymer.com\/de\/wp-json\/wp\/v2\/media\/9581"}],"wp:attachment":[{"href":"https:\/\/karinapolymer.com\/de\/wp-json\/wp\/v2\/media?parent=9580"}],"wp:term":[{"taxonomy":"product_brand","embeddable":true,"href":"https:\/\/karinapolymer.com\/de\/wp-json\/wp\/v2\/product_brand?post=9580"},{"taxonomy":"product_cat","embeddable":true,"href":"https:\/\/karinapolymer.com\/de\/wp-json\/wp\/v2\/product_cat?post=9580"},{"taxonomy":"product_tag","embeddable":true,"href":"https:\/\/karinapolymer.com\/de\/wp-json\/wp\/v2\/product_tag?post=9580"}],"curies":[{"name":"wp","href":"https:\/\/api.w.org\/{rel}","templated":true}]}}