{"id":9600,"date":"2017-06-14T08:22:56","date_gmt":"2017-06-14T08:22:56","guid":{"rendered":"https:\/\/karinapolymer.com\/product\/kr-w1800-recycelte-polypropylen-verbindung\/"},"modified":"2025-04-01T06:42:49","modified_gmt":"2025-04-01T06:42:49","slug":"kr-w1800-recycelte-polypropylen-verbindung","status":"publish","type":"product","link":"https:\/\/karinapolymer.com\/de\/produkt\/kr-w1800-recycelte-polypropylen-verbindung\/","title":{"rendered":"KR-W1800 Recycelte Polypropylen-Verbindung"},"content":{"rendered":"\t\t<div data-elementor-type=\"wp-post\" data-elementor-id=\"9600\" class=\"elementor elementor-9600 elementor-45\" data-elementor-post-type=\"product\">\n\t\t\t\t\t\t<section class=\"elementor-section elementor-top-section elementor-element elementor-element-196d93d elementor-section-content-top elementor-section-boxed elementor-section-height-default elementor-section-height-default\" data-id=\"196d93d\" data-element_type=\"section\" data-e-type=\"section\">\n\t\t\t\t\t\t<div class=\"elementor-container elementor-column-gap-default\">\n\t\t\t\t\t<div class=\"elementor-column elementor-col-50 elementor-top-column elementor-element elementor-element-f4d12af\" data-id=\"f4d12af\" data-element_type=\"column\" data-e-type=\"column\">\n\t\t\t<div class=\"elementor-widget-wrap elementor-element-populated\">\n\t\t\t\t\t\t<div class=\"elementor-element elementor-element-4987e94 color-scheme-inherit text-left elementor-widget elementor-widget-text-editor\" data-id=\"4987e94\" data-element_type=\"widget\" data-e-type=\"widget\" data-widget_type=\"text-editor.default\">\n\t\t\t\t\t\t\t\t\t<p style=\"text-align: right;\"><span style=\"color: #000000;\"><strong>Anwendungen von recyceltem Polypropylen:<\/strong><\/span><\/p>\n<ul>\n<li style=\"text-align: right;\"><span style=\"color: #000000;\">Filmbeschichtung<\/span><\/li>\n<li style=\"text-align: right;\"><span style=\"color: #000000;\">Kunststoffplatten<\/span><\/li>\n<li style=\"text-align: right;\"><span style=\"color: #000000;\">Blasformen<\/span><\/li>\n<li style=\"text-align: right;\"><span style=\"color: #000000;\">Spritzguss<\/span><\/li>\n<li style=\"text-align: right;\"><span style=\"color: #000000;\">Textilien in Deutschland<\/span><\/li>\n<li style=\"text-align: right;\"><span style=\"color: #000000;\">Kristalline Verbindung f\u00fcr Lebensmittelverpackungsproduktion in Deutschland<\/span><\/li>\n<li style=\"text-align: right;\"><span style=\"color: #000000;\">Herstellung von Labor- und Medizinger\u00e4ten<\/span><\/li>\n<li style=\"text-align: right;\"><span style=\"color: #000000;\">Bauindustrie<\/span><\/li>\n<\/ul>\t\t\t\t\t\t\t\t<\/div>\n\t\t\t\t\t<\/div>\n\t\t<\/div>\n\t\t\t\t<div class=\"elementor-column elementor-col-50 elementor-top-column elementor-element elementor-element-87b0227\" data-id=\"87b0227\" data-element_type=\"column\" data-e-type=\"column\">\n\t\t\t<div class=\"elementor-widget-wrap elementor-element-populated\">\n\t\t\t\t\t\t<section class=\"elementor-section elementor-inner-section elementor-element elementor-element-e529b05 elementor-section-content-top elementor-section-boxed elementor-section-height-default elementor-section-height-default\" data-id=\"e529b05\" data-element_type=\"section\" data-e-type=\"section\">\n\t\t\t\t\t\t<div class=\"elementor-container elementor-column-gap-default\">\n\t\t\t\t\t<div class=\"elementor-column elementor-col-100 elementor-inner-column elementor-element elementor-element-9068a3e\" data-id=\"9068a3e\" data-element_type=\"column\" data-e-type=\"column\">\n\t\t\t<div class=\"elementor-widget-wrap elementor-element-populated\">\n\t\t\t\t\t\t<div class=\"elementor-element elementor-element-4bbcec7 elementor-widget elementor-widget-wd_infobox\" data-id=\"4bbcec7\" data-element_type=\"widget\" data-e-type=\"widget\" data-widget_type=\"wd_infobox.default\">\n\t\t\t\t<div class=\"elementor-widget-container\">\n\t\t\t\t\t\t\t<div class=\"info-box-wrapper\">\n\t\t\t<div class=\"wd-info-box text-center box-icon-align-top box-style-base color-scheme-\">\n\t\t\t\t\t\t\t\t\t<div class=\"box-icon-wrapper  box-with-icon box-icon-simple\">\n\t\t\t\t\t\t<div class=\"info-box-icon\">\n\t\t\t\t\t\t\t\t\t\t\t\t\t\t\t<img loading=\"lazy\" decoding=\"async\" width=\"500\" height=\"500\" src=\"https:\/\/karinapolymer.com\/wp-content\/uploads\/2017\/06\/karina3.jpg\" class=\"attachment-full size-full\" alt=\"\" srcset=\"https:\/\/karinapolymer.com\/wp-content\/uploads\/2017\/06\/karina3.jpg 500w, https:\/\/karinapolymer.com\/wp-content\/uploads\/2017\/06\/karina3-300x300.jpg 300w, https:\/\/karinapolymer.com\/wp-content\/uploads\/2017\/06\/karina3-150x150.jpg 150w\" sizes=\"auto, (max-width: 500px) 100vw, 500px\" \/>\t\t\t\t\t\t\t\t\t\t\t\t\t<\/div>\n\t\t\t\t\t<\/div>\n\t\t\t\t\n\t\t\t\t<div class=\"info-box-content\">\n\t\t\t\t\t\n\t\t\t\t\t\n\t\t\t\t\t<div class=\"info-box-inner reset-last-child\"data-elementor-setting-key=\"content\"><\/div>\n\n\t\t\t\t\t\t\t\t\t<\/div>\n\n\t\t\t\t\t\t\t\t\t<a href=\"#\" class=\"wd-info-box-link wd-fill\" aria-label=\"Infobox link\"><\/a>\n\t\t\t\t\t\t\t<\/div>\n\t\t<\/div>\n\t\t\t\t\t\t<\/div>\n\t\t\t\t<\/div>\n\t\t\t\t\t<\/div>\n\t\t<\/div>\n\t\t\t\t\t<\/div>\n\t\t<\/section>\n\t\t\t\t\t<\/div>\n\t\t<\/div>\n\t\t\t\t\t<\/div>\n\t\t<\/section>\n\t\t\t\t<\/div>\n\t\t","protected":false},"excerpt":{"rendered":"<h3>Eigenschaften von recyceltem Polypropylen:<\/h3>\n<p>\u2022 Hohe Best\u00e4ndigkeit gegen Chemikalien, Laugen und S\u00e4uren<br \/>\n\u2022 Kontrolle des Vernichtungsprozesses<br \/>\n\u2022 Transparent und gl\u00e4nzend<\/p>\n<p>&nbsp;<\/p>\n<p>Der sehr g\u00fcnstige Preis und die hervorragende Qualit\u00e4t der recycelten Polypropylenverbindung haben ihr viele Fans verschafft und sie wird in verschiedenen Branchen eingesetzt. Die Karina Polymer Factory verf\u00fcgt \u00fcber eine Produktionslinie f\u00fcr <strong>recycelte Polypropylenverbindungen<\/strong> nach <strong>deutschen <\/strong>und <strong>internationalen <\/strong>Standards. Bei Bedarf wenden Sie sich an unsere Experten.<\/p>\n","protected":false},"featured_media":9601,"template":"","meta":[],"product_brand":[],"product_cat":[609,561],"product_tag":[612,600,573,611,610],"class_list":{"0":"post-9600","1":"product","2":"type-product","3":"status-publish","4":"has-post-thumbnail","6":"product_cat-recycelte-polypropylenverbindung","7":"product_cat-spritzgegossenes-polypropylen-nach-deutschem-standard","8":"product_tag-gunstiges-polypropylen-in-deutschland","9":"product_tag-polypropylen-compounds-in-deutschland-kaufen","10":"product_tag-polypropylen-verbindung","11":"product_tag-recycelte-verbindung","12":"product_tag-recyceltes-polypropylen-in-deutschland","14":"first","15":"instock","16":"shipping-taxable","17":"product-type-grouped"},"_links":{"self":[{"href":"https:\/\/karinapolymer.com\/de\/wp-json\/wp\/v2\/product\/9600","targetHints":{"allow":["GET"]}}],"collection":[{"href":"https:\/\/karinapolymer.com\/de\/wp-json\/wp\/v2\/product"}],"about":[{"href":"https:\/\/karinapolymer.com\/de\/wp-json\/wp\/v2\/types\/product"}],"version-history":[{"count":0,"href":"https:\/\/karinapolymer.com\/de\/wp-json\/wp\/v2\/product\/9600\/revisions"}],"wp:featuredmedia":[{"embeddable":true,"href":"https:\/\/karinapolymer.com\/de\/wp-json\/wp\/v2\/media\/9601"}],"wp:attachment":[{"href":"https:\/\/karinapolymer.com\/de\/wp-json\/wp\/v2\/media?parent=9600"}],"wp:term":[{"taxonomy":"product_brand","embeddable":true,"href":"https:\/\/karinapolymer.com\/de\/wp-json\/wp\/v2\/product_brand?post=9600"},{"taxonomy":"product_cat","embeddable":true,"href":"https:\/\/karinapolymer.com\/de\/wp-json\/wp\/v2\/product_cat?post=9600"},{"taxonomy":"product_tag","embeddable":true,"href":"https:\/\/karinapolymer.com\/de\/wp-json\/wp\/v2\/product_tag?post=9600"}],"curies":[{"name":"wp","href":"https:\/\/api.w.org\/{rel}","templated":true}]}}