{"id":9609,"date":"2017-06-14T08:07:28","date_gmt":"2017-06-14T08:07:28","guid":{"rendered":"https:\/\/karinapolymer.com\/product\/polyethylen-compound-kr-crg2\/"},"modified":"2025-04-01T06:55:14","modified_gmt":"2025-04-01T06:55:14","slug":"polyethylen-compound-kr-crg2","status":"publish","type":"product","link":"https:\/\/karinapolymer.com\/de\/produkt\/polyethylen-compound-kr-crg2\/","title":{"rendered":"Polyethylen-Compound KR-CRG2"},"content":{"rendered":"\t\t<div data-elementor-type=\"wp-post\" data-elementor-id=\"9609\" class=\"elementor elementor-9609 elementor-42\" data-elementor-post-type=\"product\">\n\t\t\t\t\t\t<section class=\"elementor-section elementor-top-section elementor-element elementor-element-5100889 elementor-section-boxed elementor-section-height-default elementor-section-height-default\" data-id=\"5100889\" data-element_type=\"section\" data-e-type=\"section\">\n\t\t\t\t\t\t<div class=\"elementor-container elementor-column-gap-default\">\n\t\t\t\t\t<div class=\"elementor-column elementor-col-100 elementor-top-column elementor-element elementor-element-1234230\" data-id=\"1234230\" data-element_type=\"column\" data-e-type=\"column\">\n\t\t\t<div class=\"elementor-widget-wrap elementor-element-populated\">\n\t\t\t\t\t\t<div class=\"elementor-element elementor-element-9303267 wd-width-100 elementor-widget elementor-widget-wd_title\" data-id=\"9303267\" data-element_type=\"widget\" data-e-type=\"widget\" data-widget_type=\"wd_title.default\">\n\t\t\t\t<div class=\"elementor-widget-container\">\n\t\t\t\t\t\t\t<div class=\"title-wrapper wd-set-mb reset-last-child wd-title-color-default wd-title-style-default wd-title-size-small text-left\">\n\n\t\t\t\n\t\t\t<div class=\"liner-continer\">\n\t\t\t\t<h4 class=\"woodmart-title-container title wd-fontsize-m\">Applications of polyethylene<\/h4> \n\t\t\t\t\t\t\t<\/div>\n\n\t\t\t\t\t<\/div>\n\t\t\t\t\t\t<\/div>\n\t\t\t\t<\/div>\n\t\t\t\t\t<\/div>\n\t\t<\/div>\n\t\t\t\t\t<\/div>\n\t\t<\/section>\n\t\t\t\t<section class=\"elementor-section elementor-top-section elementor-element elementor-element-2452213 elementor-section-content-top elementor-section-boxed elementor-section-height-default elementor-section-height-default\" data-id=\"2452213\" data-element_type=\"section\" data-e-type=\"section\">\n\t\t\t\t\t\t<div class=\"elementor-container elementor-column-gap-default\">\n\t\t\t\t\t<div class=\"elementor-column elementor-col-50 elementor-top-column elementor-element elementor-element-1273395\" data-id=\"1273395\" data-element_type=\"column\" data-e-type=\"column\">\n\t\t\t<div class=\"elementor-widget-wrap elementor-element-populated\">\n\t\t\t\t\t\t<div class=\"elementor-element elementor-element-9891866 color-scheme-inherit text-left elementor-widget elementor-widget-text-editor\" data-id=\"9891866\" data-element_type=\"widget\" data-e-type=\"widget\" data-widget_type=\"text-editor.default\">\n\t\t\t\t\t\t\t\t\t<p style=\"text-align: right;\"><span style=\"color: #000000;\"><strong>Anwendungen von Polyethylen:<\/strong><\/span><\/p>\n<ul style=\"text-align: right;\">\n<li><span style=\"color: #000000;\">Rohr und seine Armaturen<\/span><\/li>\n<li><span style=\"color: #000000;\">Industrielle Liner<\/span><\/li>\n<li><span style=\"color: #000000;\">Herstellung von Kunststoffprodukten<\/span><\/li>\n<li><span style=\"color: #000000;\">Lebensmittelverpackungen und Plastikt\u00fcten<\/span><\/li>\n<li><span style=\"color: #000000;\">Kinderspielzeugproduktion<\/span><\/li>\n<li><span style=\"color: #000000;\">Laminieren<\/span><\/li>\n<li><span style=\"color: #000000;\">Kunststoff-Spritzgussformen<\/span><\/li>\n<li><span style=\"color: #000000;\">Extrusion von Kunststofffolien<\/span><\/li>\n<li><span style=\"color: #000000;\">Wasser- und Abwassernetze<\/span><\/li>\n<li><span style=\"color: #000000;\">Herstellung von Geb\u00e4udeisolierungen<\/span><\/li>\n<\/ul>\n<p style=\"text-align: right;\">\n\t\t\t\t\t\t\t\t<\/div>\n\t\t\t\t\t<\/div>\n\t\t<\/div>\n\t\t\t\t<div class=\"elementor-column elementor-col-50 elementor-top-column elementor-element elementor-element-9438153\" data-id=\"9438153\" data-element_type=\"column\" data-e-type=\"column\">\n\t\t\t<div class=\"elementor-widget-wrap elementor-element-populated\">\n\t\t\t\t\t\t<div class=\"elementor-element elementor-element-5274068 elementor-widget elementor-widget-image\" data-id=\"5274068\" data-element_type=\"widget\" data-e-type=\"widget\" data-widget_type=\"image.default\">\n\t\t\t\t\t\t\t\t\t\t\t\t\t\t\t<img loading=\"lazy\" decoding=\"async\" width=\"500\" height=\"500\" src=\"https:\/\/karinapolymer.com\/wp-content\/uploads\/2017\/06\/etilen.jpg\" class=\"attachment-full size-full wp-image-9615\" alt=\"\" srcset=\"https:\/\/karinapolymer.com\/wp-content\/uploads\/2017\/06\/etilen.jpg 500w, https:\/\/karinapolymer.com\/wp-content\/uploads\/2017\/06\/etilen-300x300.jpg 300w, https:\/\/karinapolymer.com\/wp-content\/uploads\/2017\/06\/etilen-150x150.jpg 150w\" sizes=\"auto, (max-width: 500px) 100vw, 500px\" \/>\t\t\t\t\t\t\t\t\t\t\t\t\t\t\t<\/div>\n\t\t\t\t\t<\/div>\n\t\t<\/div>\n\t\t\t\t\t<\/div>\n\t\t<\/section>\n\t\t\t\t<\/div>\n\t\t","protected":false},"excerpt":{"rendered":"<h3>Eigenschaften der Polyethylenverbindung<\/h3>\n<p>\u2022 Best\u00e4ndig gegen alle Arten von S\u00e4uren<br \/>\n\u2022 Sehr geringe Feuchtigkeits- und Wasseraufnahme<br \/>\n\u2022 Hat elektrische Isoliereigenschaften<br \/>\n\u2022 Transparent in Form einer d\u00fcnnen Folie<br \/>\n\u2022 Schlag- und rissfest<br \/>\n\u2022 Geeignet f\u00fcr alle Wetterbedingungen<br \/>\n\u2022 Best\u00e4ndig gegen niedrige und hohe Temperaturen<br \/>\n\u2022 Hervorragende mechanische Festigkeit und Zugfestigkeit<\/p>\n<p>&nbsp;<\/p>\n<p>Die <strong>Polyethylenverbindung <\/strong>wird im Werk Karina Polymer mit Datenbl\u00e4ttern gem\u00e4\u00df <strong>nationalen Standards<\/strong> und SGS-Exportanalysen sowie in einer f\u00fcr <strong>Kunststoffprodukte geeigneten<\/strong> kundenspezifischen Form hergestellt.<\/p>\n","protected":false},"featured_media":9610,"template":"","meta":[],"product_brand":[],"product_cat":[554],"product_tag":[622,616,615,621,614,620,619,618,613,617],"class_list":{"0":"post-9609","1":"product","2":"type-product","3":"status-publish","4":"has-post-thumbnail","6":"product_cat-polyethylen-extrusion-in-deutschland","7":"product_tag-deutschland-polyethylengranulat","8":"product_tag-pe-materialien","9":"product_tag-polyethylen-compound","10":"product_tag-polyethylen-fur-rohre-in-deutschland","11":"product_tag-polyethylen-mit-deutscher-norm","12":"product_tag-polyethylen-compound-fur-die-rohrproduktion-in-deutschland","13":"product_tag-polyethylen-compound-preis-in-deutschland","14":"product_tag-polyethylen-produzent-in-deutschland","15":"product_tag-polyethylen-verbindung","16":"product_tag-schwarzes-polyethylen-compound-in-deutschland","18":"first","19":"instock","20":"shipping-taxable","21":"product-type-grouped"},"_links":{"self":[{"href":"https:\/\/karinapolymer.com\/de\/wp-json\/wp\/v2\/product\/9609","targetHints":{"allow":["GET"]}}],"collection":[{"href":"https:\/\/karinapolymer.com\/de\/wp-json\/wp\/v2\/product"}],"about":[{"href":"https:\/\/karinapolymer.com\/de\/wp-json\/wp\/v2\/types\/product"}],"version-history":[{"count":0,"href":"https:\/\/karinapolymer.com\/de\/wp-json\/wp\/v2\/product\/9609\/revisions"}],"wp:featuredmedia":[{"embeddable":true,"href":"https:\/\/karinapolymer.com\/de\/wp-json\/wp\/v2\/media\/9610"}],"wp:attachment":[{"href":"https:\/\/karinapolymer.com\/de\/wp-json\/wp\/v2\/media?parent=9609"}],"wp:term":[{"taxonomy":"product_brand","embeddable":true,"href":"https:\/\/karinapolymer.com\/de\/wp-json\/wp\/v2\/product_brand?post=9609"},{"taxonomy":"product_cat","embeddable":true,"href":"https:\/\/karinapolymer.com\/de\/wp-json\/wp\/v2\/product_cat?post=9609"},{"taxonomy":"product_tag","embeddable":true,"href":"https:\/\/karinapolymer.com\/de\/wp-json\/wp\/v2\/product_tag?post=9609"}],"curies":[{"name":"wp","href":"https:\/\/api.w.org\/{rel}","templated":true}]}}