{"id":7223,"date":"2023-08-25T19:38:56","date_gmt":"2023-08-25T16:08:56","guid":{"rendered":"https:\/\/karinapolymer.com\/hakkimizda\/"},"modified":"2025-01-18T16:01:38","modified_gmt":"2025-01-18T17:01:38","slug":"hakkimizda","status":"publish","type":"page","link":"https:\/\/karinapolymer.com\/tr\/hakkimizda\/","title":{"rendered":"Hakk\u0131m\u0131zda"},"content":{"rendered":"\t\t<div data-elementor-type=\"wp-page\" data-elementor-id=\"7223\" class=\"elementor elementor-7223 elementor-2174\" data-elementor-post-type=\"page\">\n\t\t\t\t\t\t<section class=\"elementor-section elementor-top-section elementor-element elementor-element-6be98fe9 elementor-section-boxed elementor-section-height-default elementor-section-height-default\" data-id=\"6be98fe9\" data-element_type=\"section\" data-e-type=\"section\">\n\t\t\t\t\t\t<div class=\"elementor-container elementor-column-gap-default\">\n\t\t\t\t\t<div class=\"elementor-column elementor-col-100 elementor-top-column elementor-element elementor-element-148fec3b\" data-id=\"148fec3b\" data-element_type=\"column\" data-e-type=\"column\">\n\t\t\t<div class=\"elementor-widget-wrap elementor-element-populated\">\n\t\t\t\t\t\t<div class=\"elementor-element elementor-element-53607e13 color-scheme-inherit text-left elementor-widget elementor-widget-text-editor\" data-id=\"53607e13\" data-element_type=\"widget\" data-e-type=\"widget\" data-widget_type=\"text-editor.default\">\n\t\t\t\t\t\t\t\t\t<p style=\"text-align: right;\">Karina Polimer \u015eirketi y\u00f6netiminin s\u00f6zleri<\/p>\n<h3 style=\"text-align: right;\">Say\u0131n Nikfar<\/h3>\n\t\t\t\t\t\t\t\t<\/div>\n\t\t\t\t\t<\/div>\n\t\t<\/div>\n\t\t\t\t\t<\/div>\n\t\t<\/section>\n\t\t\t\t<section class=\"elementor-section elementor-top-section elementor-element elementor-element-0f5d8e6 elementor-section-boxed elementor-section-height-default elementor-section-height-default\" data-id=\"0f5d8e6\" data-element_type=\"section\" data-e-type=\"section\">\n\t\t\t\t\t\t<div class=\"elementor-container elementor-column-gap-default\">\n\t\t\t\t\t<div class=\"elementor-column elementor-col-50 elementor-top-column elementor-element elementor-element-fb7aeec\" data-id=\"fb7aeec\" data-element_type=\"column\" data-e-type=\"column\">\n\t\t\t<div class=\"elementor-widget-wrap elementor-element-populated\">\n\t\t\t\t\t\t<div class=\"elementor-element elementor-element-94754c5 elementor-widget elementor-widget-wd_text_block\" data-id=\"94754c5\" data-element_type=\"widget\" data-e-type=\"widget\" data-widget_type=\"wd_text_block.default\">\n\t\t\t\t<div class=\"elementor-widget-container\">\n\t\t\t\t\t\t\t<div class=\"wd-text-block reset-last-child text-left\">\n\t\t\t\n\t\t\t<p style=\"text-align: justify;\">Beyaz e\u015fya, g\u00fcvenlik, in\u015faat, yol yap\u0131m\u0131, trafik ve otomotiv sekt\u00f6rlerinde <a href=\"https:\/\/karinapolymer.com\/home-group\/\">m\u00fchendislik polimer bile\u015fikleri<\/a> \u00fcreticisiyiz.<br>Firmam\u0131z m\u00fchendislik polimer kar\u0131\u015f\u0131mlar\u0131 \u00fcreterek \u00fcretime ba\u015flam\u0131\u015ft\u0131r. Ba\u015flang\u0131\u00e7tan itibaren a\u011f\u0131rl\u0131kl\u0131 olarak beyaz e\u015fya, otomotiv malzemeleri ve hastane malzemeleri sekt\u00f6rlerinde \u00f6zel hammadde kullanan firmalara \u00f6zel form\u00fclasyonlar geli\u015ftirmek hedefiyle \u00e7al\u0131\u015fmaya ba\u015flad\u0131k ve \u00fclkeye hammadde ithalat\u0131n\u0131 azaltmay\u0131 ba\u015fard\u0131k. \u00e7e\u015fitli sekt\u00f6rlerde Odaklanma Polikarbonat, ABS, polipropilen ve a\u011f\u0131r polietilen bile\u015fiklerin \u00fcretimine odaklan\u0131yoruz. Bu y\u0131l fuarda ABS'nin yerini alabilecek bir \u00fcr\u00fcn\u00fcm\u00fcz\u00fc tan\u0131tt\u0131k. Yani ABS bazl\u0131 olmayan ama onun \u00f6zelliklerine sahip bir bile\u015fik \u00fcrettik ve baz\u0131 durumlarda \u0131s\u0131ya dayan\u0131kl\u0131l\u0131k, renklendirilebilirlik ve darbe dayan\u0131m\u0131 a\u00e7\u0131s\u0131ndan standart laboratuvar testlerinde ABS'den daha iyi performans g\u00f6sterdi.<\/p>\n\t\t\t\t\t<\/div>\n\t\t\t\t\t\t<\/div>\n\t\t\t\t<\/div>\n\t\t\t\t\t<\/div>\n\t\t<\/div>\n\t\t\t\t<div class=\"elementor-column elementor-col-50 elementor-top-column elementor-element elementor-element-61bfe60\" data-id=\"61bfe60\" data-element_type=\"column\" data-e-type=\"column\">\n\t\t\t<div class=\"elementor-widget-wrap elementor-element-populated\">\n\t\t\t\t\t\t<div class=\"elementor-element elementor-element-ba4e99a elementor-widget elementor-widget-wd_image_or_svg\" data-id=\"ba4e99a\" data-element_type=\"widget\" data-e-type=\"widget\" data-widget_type=\"wd_image_or_svg.default\">\n\t\t\t\t<div class=\"elementor-widget-container\">\n\t\t\t\t\t\n\t\t<div class=\"wd-image text-left\">\n\t\t\t\t\t\t\t\t<img loading=\"lazy\" decoding=\"async\" width=\"965\" height=\"616\" src=\"https:\/\/karinapolymer.com\/wp-content\/uploads\/2023\/08\/photokarina.jpg\" class=\"attachment-full size-full\" alt=\"\" srcset=\"https:\/\/karinapolymer.com\/wp-content\/uploads\/2023\/08\/photokarina.jpg 965w, https:\/\/karinapolymer.com\/wp-content\/uploads\/2023\/08\/photokarina-300x192.jpg 300w, https:\/\/karinapolymer.com\/wp-content\/uploads\/2023\/08\/photokarina-768x490.jpg 768w, https:\/\/karinapolymer.com\/wp-content\/uploads\/2023\/08\/photokarina-150x96.jpg 150w\" sizes=\"auto, (max-width: 965px) 100vw, 965px\" \/>\t\t\t\t\t<\/div>\n\n\t\t\t\t\t\t<\/div>\n\t\t\t\t<\/div>\n\t\t\t\t<div class=\"elementor-element elementor-element-3a65ba9 elementor-align-center elementor-widget elementor-widget-button\" data-id=\"3a65ba9\" data-element_type=\"widget\" data-e-type=\"widget\" data-widget_type=\"button.default\">\n\t\t\t\t\t\t\t\t\t\t<a class=\"elementor-button elementor-button-link elementor-size-sm\" href=\"https:\/\/polymervapooshesh.ir\/%D8%A7%D8%AE%D8%AA%D8%B5%D8%A7%D8%B5%DB%8C-%D8%A8%D8%B3%D9%BE%D8%A7%D8%B1-%D8%B3%DB%8C%D8%A7%D9%88%D8%B4-%D9%86%DB%8C%DA%A9%D9%81%D8%B1%D8%8C-%D9%85%D8%AF%DB%8C%D8%B1%D8%B9%D8%A7%D9%85%D9%84-%DA%A9\/\" target=\"_blank\" rel=\"noopener\">\n\t\t\t\t\t\t<span class=\"elementor-button-content-wrapper\">\n\t\t\t\t\t\t\t\t\t<span class=\"elementor-button-text\">R\u00f6portaja devam...<\/span>\n\t\t\t\t\t<\/span>\n\t\t\t\t\t<\/a>\n\t\t\t\t\t\t\t\t<\/div>\n\t\t\t\t\t<\/div>\n\t\t<\/div>\n\t\t\t\t\t<\/div>\n\t\t<\/section>\n\t\t\t\t<section class=\"elementor-section elementor-top-section elementor-element elementor-element-e5470c4 elementor-section-boxed elementor-section-height-default elementor-section-height-default\" data-id=\"e5470c4\" data-element_type=\"section\" data-e-type=\"section\">\n\t\t\t\t\t\t<div class=\"elementor-container elementor-column-gap-default\">\n\t\t\t\t\t<div class=\"elementor-column elementor-col-50 elementor-top-column elementor-element elementor-element-b9db3c5\" data-id=\"b9db3c5\" data-element_type=\"column\" data-e-type=\"column\">\n\t\t\t<div class=\"elementor-widget-wrap elementor-element-populated\">\n\t\t\t\t\t\t<div class=\"elementor-element elementor-element-c190fbc color-scheme-inherit text-left elementor-widget elementor-widget-text-editor\" data-id=\"c190fbc\" data-element_type=\"widget\" data-e-type=\"widget\" data-widget_type=\"text-editor.default\">\n\t\t\t\t\t\t\t\t\t<p style=\"text-align: justify;\"><strong>Karina Polimer Firmas\u0131nda \u00fcretilen t\u00fcm \u00fcr\u00fcnler SGS uluslararas\u0131 ihracat standard\u0131na sahip olup, i\u00e7 pazarda memnuniyet getiren, d\u0131\u015f pazarda da memnuniyetle kar\u015f\u0131lanan, sipari\u015f edilen \u00fcr\u00fcnlere g\u00f6re \u00f6zelle\u015ftirilmi\u015f veri sayfalar\u0131nda yap\u0131lmakta ve Rusya gibi b\u00fcy\u00fck \u00fclkelere ihra\u00e7 edilmektedir. , T\u00fcrkiye vb. olduk\u00e7a rekabet\u00e7i bir pazara <a href=\"https:\/\/karinapolymer.com\/portfolio\/\">sahip <\/a>olup, ihracat yapmaktad\u0131r.<\/strong><\/p>\n\t\t\t\t\t\t\t\t<\/div>\n\t\t\t\t\t<\/div>\n\t\t<\/div>\n\t\t\t\t<div class=\"elementor-column elementor-col-50 elementor-top-column elementor-element elementor-element-be93878\" data-id=\"be93878\" data-element_type=\"column\" data-e-type=\"column\">\n\t\t\t<div class=\"elementor-widget-wrap elementor-element-populated\">\n\t\t\t\t\t\t<div class=\"elementor-element elementor-element-8ea9403 elementor-widget elementor-widget-image\" data-id=\"8ea9403\" data-element_type=\"widget\" data-e-type=\"widget\" data-widget_type=\"image.default\">\n\t\t\t\t\t\t\t\t\t\t\t\t\t\t\t<img loading=\"lazy\" decoding=\"async\" width=\"540\" height=\"540\" src=\"https:\/\/karinapolymer.com\/wp-content\/uploads\/2024\/07\/karinasgs.jpg\" class=\"attachment-full size-full wp-image-6468\" alt=\"\" srcset=\"https:\/\/karinapolymer.com\/wp-content\/uploads\/2024\/07\/karinasgs.jpg 540w, https:\/\/karinapolymer.com\/wp-content\/uploads\/2024\/07\/karinasgs-300x300.jpg 300w, https:\/\/karinapolymer.com\/wp-content\/uploads\/2024\/07\/karinasgs-150x150.jpg 150w\" sizes=\"auto, (max-width: 540px) 100vw, 540px\" \/>\t\t\t\t\t\t\t\t\t\t\t\t\t\t\t<\/div>\n\t\t\t\t\t<\/div>\n\t\t<\/div>\n\t\t\t\t\t<\/div>\n\t\t<\/section>\n\t\t\t\t<section class=\"elementor-section elementor-top-section elementor-element elementor-element-7d764c7 elementor-section-boxed elementor-section-height-default elementor-section-height-default\" data-id=\"7d764c7\" data-element_type=\"section\" data-e-type=\"section\">\n\t\t\t\t\t\t<div class=\"elementor-container elementor-column-gap-default\">\n\t\t\t\t\t<div class=\"elementor-column elementor-col-100 elementor-top-column elementor-element elementor-element-38638f4\" data-id=\"38638f4\" data-element_type=\"column\" data-e-type=\"column\">\n\t\t\t<div class=\"elementor-widget-wrap elementor-element-populated\">\n\t\t\t\t\t\t<div class=\"elementor-element elementor-element-b427ba1 elementor-widget elementor-widget-wd_text_block\" data-id=\"b427ba1\" data-element_type=\"widget\" data-e-type=\"widget\" data-widget_type=\"wd_text_block.default\">\n\t\t\t\t<div class=\"elementor-widget-container\">\n\t\t\t\t\t\t\t<div class=\"wd-text-block reset-last-child text-left\">\n\t\t\t\n\t\t\t<h4 style=\"text-align: center;\">Compound ve Masterbatch Derne\u011fi \u00fcyelik belgesi<\/h4>\n\t\t\t\t\t<\/div>\n\t\t\t\t\t\t<\/div>\n\t\t\t\t<\/div>\n\t\t\t\t<div class=\"elementor-element elementor-element-df157df elementor-widget elementor-widget-theme-post-featured-image elementor-widget-image\" data-id=\"df157df\" data-element_type=\"widget\" data-e-type=\"widget\" data-widget_type=\"theme-post-featured-image.default\">\n\t\t\t\t\t\t\t\t\t\t\t\t\t\t\t<img loading=\"lazy\" decoding=\"async\" width=\"522\" height=\"500\" src=\"https:\/\/karinapolymer.com\/wp-content\/uploads\/2023\/12\/certificate-frame.jpg\" class=\"attachment-large size-large wp-image-4140\" alt=\"\u06af\u0648\u0627\u0647\u06cc\u0646\u0627\u0645\u0647 \u0639\u0636\u0648\u06cc\u062a \u0627\u0646\u062c\u0645\u0646 \u06a9\u0627\u0645\u067e\u0627\u0646\u062f \u0648 \u0645\u0633\u062a\u0631\u0628\u0686\" srcset=\"https:\/\/karinapolymer.com\/wp-content\/uploads\/2023\/12\/certificate-frame.jpg 522w, https:\/\/karinapolymer.com\/wp-content\/uploads\/2023\/12\/certificate-frame-300x287.jpg 300w, https:\/\/karinapolymer.com\/wp-content\/uploads\/2023\/12\/certificate-frame-150x144.jpg 150w\" sizes=\"auto, (max-width: 522px) 100vw, 522px\" \/>\t\t\t\t\t\t\t\t\t\t\t\t\t\t\t<\/div>\n\t\t\t\t\t<\/div>\n\t\t<\/div>\n\t\t\t\t\t<\/div>\n\t\t<\/section>\n\t\t\t\t<section class=\"elementor-section elementor-top-section elementor-element elementor-element-9182070 elementor-section-boxed elementor-section-height-default elementor-section-height-default\" data-id=\"9182070\" data-element_type=\"section\" data-e-type=\"section\">\n\t\t\t\t\t\t<div class=\"elementor-container elementor-column-gap-default\">\n\t\t\t\t\t<div class=\"elementor-column elementor-col-50 elementor-top-column elementor-element elementor-element-2a64e93\" data-id=\"2a64e93\" data-element_type=\"column\" data-e-type=\"column\">\n\t\t\t<div class=\"elementor-widget-wrap elementor-element-populated\">\n\t\t\t\t\t\t<div class=\"elementor-element elementor-element-6865b49 elementor-widget elementor-widget-theme-post-featured-image elementor-widget-image\" data-id=\"6865b49\" data-element_type=\"widget\" data-e-type=\"widget\" data-widget_type=\"theme-post-featured-image.default\">\n\t\t\t\t\t\t\t\t\t\t\t\t\t\t\t<img loading=\"lazy\" decoding=\"async\" width=\"522\" height=\"500\" src=\"https:\/\/karinapolymer.com\/wp-content\/uploads\/2023\/12\/certificate-frame3.jpg\" class=\"attachment-large size-large wp-image-4170\" alt=\"\" srcset=\"https:\/\/karinapolymer.com\/wp-content\/uploads\/2023\/12\/certificate-frame3.jpg 522w, https:\/\/karinapolymer.com\/wp-content\/uploads\/2023\/12\/certificate-frame3-300x287.jpg 300w, https:\/\/karinapolymer.com\/wp-content\/uploads\/2023\/12\/certificate-frame3-150x144.jpg 150w\" sizes=\"auto, (max-width: 522px) 100vw, 522px\" \/>\t\t\t\t\t\t\t\t\t\t\t\t\t\t\t<\/div>\n\t\t\t\t\t<\/div>\n\t\t<\/div>\n\t\t\t\t<div class=\"elementor-column elementor-col-50 elementor-top-column elementor-element elementor-element-9d20d0f\" data-id=\"9d20d0f\" data-element_type=\"column\" data-e-type=\"column\">\n\t\t\t<div class=\"elementor-widget-wrap elementor-element-populated\">\n\t\t\t\t\t\t<div class=\"elementor-element elementor-element-a78feae elementor-widget elementor-widget-theme-post-featured-image elementor-widget-image\" data-id=\"a78feae\" data-element_type=\"widget\" data-e-type=\"widget\" data-widget_type=\"theme-post-featured-image.default\">\n\t\t\t\t\t\t\t\t\t\t\t\t\t\t\t<img loading=\"lazy\" decoding=\"async\" width=\"522\" height=\"500\" src=\"https:\/\/karinapolymer.com\/wp-content\/uploads\/2023\/12\/certificate-frame1.jpg\" class=\"attachment-large size-large wp-image-4162\" alt=\"\" srcset=\"https:\/\/karinapolymer.com\/wp-content\/uploads\/2023\/12\/certificate-frame1.jpg 522w, https:\/\/karinapolymer.com\/wp-content\/uploads\/2023\/12\/certificate-frame1-300x287.jpg 300w, https:\/\/karinapolymer.com\/wp-content\/uploads\/2023\/12\/certificate-frame1-150x144.jpg 150w\" sizes=\"auto, (max-width: 522px) 100vw, 522px\" \/>\t\t\t\t\t\t\t\t\t\t\t\t\t\t\t<\/div>\n\t\t\t\t\t<\/div>\n\t\t<\/div>\n\t\t\t\t\t<\/div>\n\t\t<\/section>\n\t\t\t\t<section class=\"elementor-section elementor-top-section elementor-element elementor-element-dcba080 elementor-section-boxed elementor-section-height-default elementor-section-height-default\" data-id=\"dcba080\" data-element_type=\"section\" data-e-type=\"section\">\n\t\t\t\t\t\t<div class=\"elementor-container elementor-column-gap-default\">\n\t\t\t\t\t<div class=\"elementor-column elementor-col-100 elementor-top-column elementor-element elementor-element-0e345bc\" data-id=\"0e345bc\" data-element_type=\"column\" data-e-type=\"column\">\n\t\t\t<div class=\"elementor-widget-wrap elementor-element-populated\">\n\t\t\t\t\t\t<div class=\"elementor-element elementor-element-b92a06b elementor-widget elementor-widget-wd_text_block\" data-id=\"b92a06b\" data-element_type=\"widget\" data-e-type=\"widget\" data-widget_type=\"wd_text_block.default\">\n\t\t\t\t<div class=\"elementor-widget-container\">\n\t\t\t\t\t\t\t<div class=\"wd-text-block reset-last-child text-left\">\n\t\t\t\n\t\t\t<h4 style=\"text-align: center;\">Karina Polimer \u00dcretim \u015eirketi'nin dijital katalo\u011fu<\/h4>\n\t\t\t\t\t<\/div>\n\t\t\t\t\t\t<\/div>\n\t\t\t\t<\/div>\n\t\t\t\t<div class=\"elementor-element elementor-element-3d97614 elementor-widget elementor-widget-shortcode\" data-id=\"3d97614\" data-element_type=\"widget\" data-e-type=\"widget\" data-widget_type=\"shortcode.default\">\n\t\t\t\t\t\t\t<div class=\"elementor-shortcode\">\r\n<!--change the width and height value as you want.--> \r\n<!-- Do change \"index.htm\" to your real html name of the flippingbook--> \r\n<iframe  style=\"width:100%;height:450px\"  src=\"https:\/\/karinapolymer.com\/wp-content\/uploads\/flipbook\/2\/book.html\"  seamless=\"seamless\" scrolling=\"no\" frameborder=\"0\" allowtransparency=\"true\" allowfullscreen mozallowfullscreen  webkitallowfullscreen ><\/iframe>\r\n<\/div>\n\t\t\t\t\t\t<\/div>\n\t\t\t\t<div class=\"elementor-element elementor-element-69c5f89 elementor-align-center elementor-widget elementor-widget-button\" data-id=\"69c5f89\" data-element_type=\"widget\" data-e-type=\"widget\" data-widget_type=\"button.default\">\n\t\t\t\t\t\t\t\t\t\t<a class=\"elementor-button elementor-button-link elementor-size-sm\" href=\"https:\/\/karinapolymer.com\/tr\/wp-content\/uploads\/2024\/03\/karinapolymer-catalouge.pdf\">\n\t\t\t\t\t\t<span class=\"elementor-button-content-wrapper\">\n\t\t\t\t\t\t\t\t\t<span class=\"elementor-button-text\">Katalo\u011fu indirin<\/span>\n\t\t\t\t\t<\/span>\n\t\t\t\t\t<\/a>\n\t\t\t\t\t\t\t\t<\/div>\n\t\t\t\t\t<\/div>\n\t\t<\/div>\n\t\t\t\t\t<\/div>\n\t\t<\/section>\n\t\t\t\t<section class=\"elementor-section elementor-top-section elementor-element elementor-element-0610427 elementor-section-boxed elementor-section-height-default elementor-section-height-default\" data-id=\"0610427\" data-element_type=\"section\" data-e-type=\"section\">\n\t\t\t\t\t\t<div class=\"elementor-container elementor-column-gap-default\">\n\t\t\t\t\t<div class=\"elementor-column elementor-col-16 elementor-top-column elementor-element elementor-element-3e4428e\" data-id=\"3e4428e\" data-element_type=\"column\" data-e-type=\"column\">\n\t\t\t<div class=\"elementor-widget-wrap\">\n\t\t\t\t\t\t\t<\/div>\n\t\t<\/div>\n\t\t\t\t<div class=\"elementor-column elementor-col-66 elementor-top-column elementor-element elementor-element-2e5fe95\" data-id=\"2e5fe95\" data-element_type=\"column\" data-e-type=\"column\">\n\t\t\t<div class=\"elementor-widget-wrap elementor-element-populated\">\n\t\t\t\t\t\t<div class=\"elementor-element elementor-element-93af99d elementor-widget elementor-widget-video\" data-id=\"93af99d\" data-element_type=\"widget\" data-e-type=\"widget\" data-settings=\"{&quot;video_type&quot;:&quot;hosted&quot;,&quot;controls&quot;:&quot;yes&quot;}\" data-widget_type=\"video.default\">\n\t\t\t\t\t\t\t<div class=\"e-hosted-video elementor-wrapper elementor-open-inline\">\n\t\t\t\t\t<video class=\"elementor-video\" src=\"https:\/\/karinapolymer.com\/wp-content\/uploads\/2025\/01\/karinapolymercom-1-1-1-1-1.mp4\" controls=\"\" preload=\"metadata\" controlsList=\"nodownload\" poster=\"https:\/\/karinapolymer.com\/wp-content\/uploads\/2025\/01\/photo_203.jpg\"><\/video>\n\t\t\t\t<\/div>\n\t\t\t\t\t\t<\/div>\n\t\t\t\t\t<\/div>\n\t\t<\/div>\n\t\t\t\t<div class=\"elementor-column elementor-col-16 elementor-top-column elementor-element elementor-element-10e79cd\" data-id=\"10e79cd\" data-element_type=\"column\" data-e-type=\"column\">\n\t\t\t<div class=\"elementor-widget-wrap\">\n\t\t\t\t\t\t\t<\/div>\n\t\t<\/div>\n\t\t\t\t\t<\/div>\n\t\t<\/section>\n\t\t\t\t<section class=\"elementor-section elementor-top-section elementor-element elementor-element-bc279fa elementor-section-boxed elementor-section-height-default elementor-section-height-default\" data-id=\"bc279fa\" data-element_type=\"section\" data-e-type=\"section\">\n\t\t\t\t\t\t<div class=\"elementor-container elementor-column-gap-default\">\n\t\t\t\t\t<div class=\"elementor-column elementor-col-16 elementor-top-column elementor-element elementor-element-8ab456e\" data-id=\"8ab456e\" data-element_type=\"column\" data-e-type=\"column\">\n\t\t\t<div class=\"elementor-widget-wrap\">\n\t\t\t\t\t\t\t<\/div>\n\t\t<\/div>\n\t\t\t\t<div class=\"elementor-column elementor-col-66 elementor-top-column elementor-element elementor-element-46b5379\" data-id=\"46b5379\" data-element_type=\"column\" data-e-type=\"column\">\n\t\t\t<div class=\"elementor-widget-wrap elementor-element-populated\">\n\t\t\t\t\t\t<div class=\"elementor-element elementor-element-e1370e9 elementor-widget elementor-widget-video\" data-id=\"e1370e9\" data-element_type=\"widget\" data-e-type=\"widget\" data-settings=\"{&quot;video_type&quot;:&quot;hosted&quot;,&quot;controls&quot;:&quot;yes&quot;}\" data-widget_type=\"video.default\">\n\t\t\t\t\t\t\t<div class=\"e-hosted-video elementor-wrapper elementor-open-inline\">\n\t\t\t\t\t<video class=\"elementor-video\" src=\"https:\/\/karinapolymer.com\/wp-content\/uploads\/2023\/08\/karina.mp4\" controls=\"\" preload=\"metadata\" controlsList=\"nodownload\" poster=\"https:\/\/karinapolymer.com\/wp-content\/uploads\/2023\/08\/karina4.jpg\"><\/video>\n\t\t\t\t<\/div>\n\t\t\t\t\t\t<\/div>\n\t\t\t\t\t<\/div>\n\t\t<\/div>\n\t\t\t\t<div class=\"elementor-column elementor-col-16 elementor-top-column elementor-element elementor-element-c93b2ff\" data-id=\"c93b2ff\" data-element_type=\"column\" data-e-type=\"column\">\n\t\t\t<div class=\"elementor-widget-wrap\">\n\t\t\t\t\t\t\t<\/div>\n\t\t<\/div>\n\t\t\t\t\t<\/div>\n\t\t<\/section>\n\t\t\t\t<\/div>\n\t\t","protected":false},"excerpt":{"rendered":"<p>Karina Polimer \u015eirketi y\u00f6netiminin s\u00f6zleri Say\u0131n Nikfar Beyaz e\u015fya, g\u00fcvenlik, in\u015faat, yol yap\u0131m\u0131, trafik ve otomotiv sekt\u00f6rlerinde m\u00fchendislik polimer bile\u015fikleri<\/p>\n","protected":false},"author":1,"featured_media":0,"parent":0,"menu_order":0,"comment_status":"closed","ping_status":"closed","template":"","meta":{"footnotes":""},"class_list":["post-7223","page","type-page","status-publish","hentry"],"_links":{"self":[{"href":"https:\/\/karinapolymer.com\/tr\/wp-json\/wp\/v2\/pages\/7223","targetHints":{"allow":["GET"]}}],"collection":[{"href":"https:\/\/karinapolymer.com\/tr\/wp-json\/wp\/v2\/pages"}],"about":[{"href":"https:\/\/karinapolymer.com\/tr\/wp-json\/wp\/v2\/types\/page"}],"author":[{"embeddable":true,"href":"https:\/\/karinapolymer.com\/tr\/wp-json\/wp\/v2\/users\/1"}],"replies":[{"embeddable":true,"href":"https:\/\/karinapolymer.com\/tr\/wp-json\/wp\/v2\/comments?post=7223"}],"version-history":[{"count":0,"href":"https:\/\/karinapolymer.com\/tr\/wp-json\/wp\/v2\/pages\/7223\/revisions"}],"wp:attachment":[{"href":"https:\/\/karinapolymer.com\/tr\/wp-json\/wp\/v2\/media?parent=7223"}],"curies":[{"name":"wp","href":"https:\/\/api.w.org\/{rel}","templated":true}]}}