{"id":7136,"date":"2024-08-05T08:45:50","date_gmt":"2024-08-05T08:45:50","guid":{"rendered":"https:\/\/karinapolymer.com\/product\/gpps-kristal-bilesigi\/"},"modified":"2024-08-16T13:44:55","modified_gmt":"2024-08-16T13:44:55","slug":"gpps-kristal-bilesigi","status":"publish","type":"product","link":"https:\/\/karinapolymer.com\/tr\/urun\/gpps-kristal-bilesigi\/","title":{"rendered":"GPPS kristal bile\u015fi\u011fi"},"content":{"rendered":"\t\t<div data-elementor-type=\"product-post\" data-elementor-id=\"7136\" class=\"elementor elementor-7136 elementor-7022\" data-elementor-post-type=\"product\">\n\t\t\t\t\t\t<section class=\"elementor-section elementor-top-section elementor-element elementor-element-3706514 elementor-section-content-top elementor-section-boxed elementor-section-height-default elementor-section-height-default\" data-id=\"3706514\" data-element_type=\"section\" data-e-type=\"section\">\n\t\t\t\t\t\t<div class=\"elementor-container elementor-column-gap-default\">\n\t\t\t\t\t<div class=\"elementor-column elementor-col-50 elementor-top-column elementor-element elementor-element-9530970\" data-id=\"9530970\" data-element_type=\"column\" data-e-type=\"column\">\n\t\t\t<div class=\"elementor-widget-wrap elementor-element-populated\">\n\t\t\t\t\t\t<div class=\"elementor-element elementor-element-8721110 wd-width-100 elementor-widget elementor-widget-wd_title\" data-id=\"8721110\" data-element_type=\"widget\" data-e-type=\"widget\" data-widget_type=\"wd_title.default\">\n\t\t\t\t<div class=\"elementor-widget-container\">\n\t\t\t\t\t\t\t<div class=\"title-wrapper wd-set-mb reset-last-child wd-title-color-default wd-title-style-default wd-title-size-default text-right\">\n\n\t\t\t\n\t\t\t<div class=\"liner-continer\">\n\t\t\t\t<h4 class=\"woodmart-title-container title wd-fontsize-l\">Kristal polistiren uygulamas\u0131:<\/h4> \n\t\t\t\t\t\t\t<\/div>\n\n\t\t\t\t\t<\/div>\n\t\t\t\t\t\t<\/div>\n\t\t\t\t<\/div>\n\t\t\t\t<div class=\"elementor-element elementor-element-5311416 color-scheme-inherit text-left elementor-widget elementor-widget-text-editor\" data-id=\"5311416\" data-element_type=\"widget\" data-e-type=\"widget\" data-widget_type=\"text-editor.default\">\n\t\t\t\t\t\t\t\t\t<p style=\"text-align: justify;\">Kristal bile\u015fik, \u015feffafl\u0131k gerektiren kaplar\u0131n \u00fcretimi i\u00e7in uygundur ve a\u015fa\u011f\u0131daki gibi plastik \u00fcr\u00fcnlerde parlakl\u0131\u011f\u0131n \u00f6nemli oldu\u011fu:<\/p>\n<ul>\n<li style=\"text-align: right;\">Tek kullan\u0131ml\u0131k tabaklar<\/li>\n<li style=\"text-align: right;\">\u015eeffaf plastik kaplar <\/li>\n<li style=\"text-align: right;\">Laboratuvar ekipmanlar\u0131<\/li>\n<li style=\"text-align: right;\">Otomatik g\u00f6vde<\/li>\n<li style=\"text-align: right;\">g\u0131da ambalaj\u0131<\/li>\n<\/ul>\n<p style=\"text-align: right;\">Sipari\u015f miktar\u0131:<br \/>Her par\u00e7a 1 tondur<\/p>\n\t\t\t\t\t\t\t\t<\/div>\n\t\t\t\t\t<\/div>\n\t\t<\/div>\n\t\t\t\t<div class=\"elementor-column elementor-col-50 elementor-top-column elementor-element elementor-element-3895673\" data-id=\"3895673\" data-element_type=\"column\" data-e-type=\"column\">\n\t\t\t<div class=\"elementor-widget-wrap elementor-element-populated\">\n\t\t\t\t\t\t<div class=\"elementor-element elementor-element-2771311 elementor-widget elementor-widget-image\" data-id=\"2771311\" data-element_type=\"widget\" data-e-type=\"widget\" data-widget_type=\"image.default\">\n\t\t\t\t\t\t\t\t\t\t\t\t\t\t\t<img loading=\"lazy\" decoding=\"async\" width=\"500\" height=\"500\" src=\"https:\/\/karinapolymer.com\/wp-content\/uploads\/2024\/08\/gpps-2-min.jpg\" class=\"attachment-full size-full wp-image-7045\" alt=\"\" srcset=\"https:\/\/karinapolymer.com\/wp-content\/uploads\/2024\/08\/gpps-2-min.jpg 500w, https:\/\/karinapolymer.com\/wp-content\/uploads\/2024\/08\/gpps-2-min-300x300.jpg 300w, https:\/\/karinapolymer.com\/wp-content\/uploads\/2024\/08\/gpps-2-min-150x150.jpg 150w\" sizes=\"auto, (max-width: 500px) 100vw, 500px\" \/>\t\t\t\t\t\t\t\t\t\t\t\t\t\t\t<\/div>\n\t\t\t\t\t<\/div>\n\t\t<\/div>\n\t\t\t\t\t<\/div>\n\t\t<\/section>\n\t\t\t\t<section class=\"elementor-section elementor-top-section elementor-element elementor-element-9959dca elementor-section-content-top elementor-section-boxed elementor-section-height-default elementor-section-height-default\" data-id=\"9959dca\" data-element_type=\"section\" data-e-type=\"section\">\n\t\t\t\t\t\t<div class=\"elementor-container elementor-column-gap-default\">\n\t\t\t\t\t<div class=\"elementor-column elementor-col-50 elementor-top-column elementor-element elementor-element-85d3e84\" data-id=\"85d3e84\" data-element_type=\"column\" data-e-type=\"column\">\n\t\t\t<div class=\"elementor-widget-wrap elementor-element-populated\">\n\t\t\t\t\t\t<div class=\"elementor-element elementor-element-b89b7b7 elementor-widget elementor-widget-image\" data-id=\"b89b7b7\" data-element_type=\"widget\" data-e-type=\"widget\" data-widget_type=\"image.default\">\n\t\t\t\t\t\t\t\t\t\t\t\t\t\t\t<img loading=\"lazy\" decoding=\"async\" width=\"640\" height=\"360\" src=\"https:\/\/karinapolymer.com\/wp-content\/uploads\/2024\/08\/gpps-3.jpg\" class=\"attachment-full size-full wp-image-7050\" alt=\"\" srcset=\"https:\/\/karinapolymer.com\/wp-content\/uploads\/2024\/08\/gpps-3.jpg 640w, https:\/\/karinapolymer.com\/wp-content\/uploads\/2024\/08\/gpps-3-300x169.jpg 300w\" sizes=\"auto, (max-width: 640px) 100vw, 640px\" \/>\t\t\t\t\t\t\t\t\t\t\t\t\t\t\t<\/div>\n\t\t\t\t\t<\/div>\n\t\t<\/div>\n\t\t\t\t<div class=\"elementor-column elementor-col-50 elementor-top-column elementor-element elementor-element-d52481d\" data-id=\"d52481d\" data-element_type=\"column\" data-e-type=\"column\">\n\t\t\t<div class=\"elementor-widget-wrap elementor-element-populated\">\n\t\t\t\t\t\t<div class=\"elementor-element elementor-element-5997911 color-scheme-inherit text-left elementor-widget elementor-widget-text-editor\" data-id=\"5997911\" data-element_type=\"widget\" data-e-type=\"widget\" data-widget_type=\"text-editor.default\">\n\t\t\t\t\t\t\t\t\t<h3 style=\"text-align: right;\">Standart olarak \u00fcretildi:<\/h3>\n<ul>\n<li style=\"text-align: right;\">\u0130ran&#8217;\u0131n ulusal standard\u0131<\/li>\n<li style=\"text-align: right;\">Uluslararas\u0131 standart<\/li>\n<li style=\"text-align: right;\">\u00d6zel veri sayfas\u0131<\/li>\n<\/ul>\n\t\t\t\t\t\t\t\t<\/div>\n\t\t\t\t\t<\/div>\n\t\t<\/div>\n\t\t\t\t\t<\/div>\n\t\t<\/section>\n\t\t\t\t<\/div>\n\t\t","protected":false},"excerpt":{"rendered":"<p>\u015eeffaf ve parlak plastik \u00fcr\u00fcnlerin enjeksiyonuna uygundur&#8230; <strong>Kristal bile\u015fik malzemenin \u00f6zellikleri:<\/strong> Uygun fiyat, y\u00fcksek bas\u0131n\u00e7 alt\u0131nda \u00e7al\u0131\u015fabilme, \u00e7ok \u015feffaf ve parlak olma, elektrik ve \u0131s\u0131 yal\u0131t\u0131m\u0131, g\u0131da \u00fcr\u00fcnlerinde kullan\u0131m, milli olarak Karina Polimer firmas\u0131nda kristalize polistren bile\u015fi\u011fi standart ve SGS ihracat standard\u0131na g\u00f6re \u00f6zel bir veri sayfas\u0131nda \u00fcretilmektedir.<\/p>\n","protected":false},"featured_media":7035,"template":"","meta":[],"product_brand":[],"product_cat":[306],"product_tag":[308,312,309,307,311,310],"class_list":{"0":"post-7136","1":"product","2":"type-product","3":"status-publish","4":"has-post-thumbnail","6":"product_cat-kristal-bilesigi","7":"product_tag-gps-bilesigi","8":"product_tag-gps-bilesik-uretimi","9":"product_tag-kristal-bilesigi","10":"product_tag-kristal-polistiren","11":"product_tag-kristal-polistiren-uretimi","12":"product_tag-parlak-bilesik","14":"first","15":"instock","16":"shipping-taxable","17":"product-type-grouped"},"_links":{"self":[{"href":"https:\/\/karinapolymer.com\/tr\/wp-json\/wp\/v2\/product\/7136","targetHints":{"allow":["GET"]}}],"collection":[{"href":"https:\/\/karinapolymer.com\/tr\/wp-json\/wp\/v2\/product"}],"about":[{"href":"https:\/\/karinapolymer.com\/tr\/wp-json\/wp\/v2\/types\/product"}],"version-history":[{"count":0,"href":"https:\/\/karinapolymer.com\/tr\/wp-json\/wp\/v2\/product\/7136\/revisions"}],"wp:featuredmedia":[{"embeddable":true,"href":"https:\/\/karinapolymer.com\/tr\/wp-json\/wp\/v2\/media\/7035"}],"wp:attachment":[{"href":"https:\/\/karinapolymer.com\/tr\/wp-json\/wp\/v2\/media?parent=7136"}],"wp:term":[{"taxonomy":"product_brand","embeddable":true,"href":"https:\/\/karinapolymer.com\/tr\/wp-json\/wp\/v2\/product_brand?post=7136"},{"taxonomy":"product_cat","embeddable":true,"href":"https:\/\/karinapolymer.com\/tr\/wp-json\/wp\/v2\/product_cat?post=7136"},{"taxonomy":"product_tag","embeddable":true,"href":"https:\/\/karinapolymer.com\/tr\/wp-json\/wp\/v2\/product_tag?post=7136"}],"curies":[{"name":"wp","href":"https:\/\/api.w.org\/{rel}","templated":true}]}}