{"id":7150,"date":"2017-06-14T08:24:57","date_gmt":"2017-06-14T08:24:57","guid":{"rendered":"https:\/\/karinapolymer.com\/product\/sari-polipropilen-homopolimer-bilesigi\/"},"modified":"2024-08-16T15:36:05","modified_gmt":"2024-08-16T15:36:05","slug":"sari-polipropilen-homopolimer-bilesigi","status":"publish","type":"product","link":"https:\/\/karinapolymer.com\/tr\/urun\/sari-polipropilen-homopolimer-bilesigi\/","title":{"rendered":"Sar\u0131 polipropilen (homopolimer) bile\u015fi\u011fi"},"content":{"rendered":"\t\t<div data-elementor-type=\"wp-post\" data-elementor-id=\"7150\" class=\"elementor elementor-7150 elementor-47\" data-elementor-post-type=\"product\">\n\t\t\t\t\t\t<section class=\"elementor-section elementor-top-section elementor-element elementor-element-0d2d718 elementor-section-content-top elementor-section-boxed elementor-section-height-default elementor-section-height-default\" data-id=\"0d2d718\" data-element_type=\"section\" data-e-type=\"section\">\n\t\t\t\t\t\t<div class=\"elementor-container elementor-column-gap-default\">\n\t\t\t\t\t<div class=\"elementor-column elementor-col-50 elementor-top-column elementor-element elementor-element-1d6474c\" data-id=\"1d6474c\" data-element_type=\"column\" data-e-type=\"column\">\n\t\t\t<div class=\"elementor-widget-wrap elementor-element-populated\">\n\t\t\t\t\t\t<div class=\"elementor-element elementor-element-aa61a17 color-scheme-inherit text-left elementor-widget elementor-widget-text-editor\" data-id=\"aa61a17\" data-element_type=\"widget\" data-e-type=\"widget\" data-widget_type=\"text-editor.default\">\n\t\t\t\t\t\t\t\t\t<p style=\"text-align: right;\">Cam temizleme b\u00f6lmesine uygun<br \/>Ah\u015fap tutkal\u0131 \u00fcretimi<br \/>Enjeksiyon kal\u0131plama<br \/>Her t\u00fcrl\u00fc k\u0131yafet<br \/>Plastik ambalaj \u00e7e\u015fitleri<br \/>Elyaf \u00fcretimi<br \/>tekstil<br \/>film<br \/>\u00d6zel uygulama se\u00e7enekleri:<br \/>Tekstil ve film <\/p>\n<p style=\"text-align: right;\">Sipari\u015f miktar\u0131:<br \/>Her par\u00e7a 1 tondur<\/p>\n<\/p>\n<p style=\"text-align: right;\">\u00dcretilen renkler:<\/p>\n<ul>\n<li style=\"text-align: right;\">beyaz<\/li>\n<li style=\"text-align: right;\">sar\u0131<\/li>\n<li style=\"text-align: right;\">bardak<\/li>\n<li style=\"text-align: right;\">\u00e7ivit mavisi<\/li>\n<\/ul>\n\t\t\t\t\t\t\t\t<\/div>\n\t\t\t\t\t<\/div>\n\t\t<\/div>\n\t\t\t\t<div class=\"elementor-column elementor-col-50 elementor-top-column elementor-element elementor-element-cdd9c0f\" data-id=\"cdd9c0f\" data-element_type=\"column\" data-e-type=\"column\">\n\t\t\t<div class=\"elementor-widget-wrap elementor-element-populated\">\n\t\t\t\t\t\t<section class=\"elementor-section elementor-inner-section elementor-element elementor-element-f019d32 elementor-section-content-top elementor-section-boxed elementor-section-height-default elementor-section-height-default\" data-id=\"f019d32\" data-element_type=\"section\" data-e-type=\"section\">\n\t\t\t\t\t\t<div class=\"elementor-container elementor-column-gap-default\">\n\t\t\t\t\t<div class=\"elementor-column elementor-col-100 elementor-top-column elementor-element elementor-element-1f489b9\" data-id=\"1f489b9\" data-element_type=\"column\" data-e-type=\"column\">\n\t\t\t<div class=\"elementor-widget-wrap elementor-element-populated\">\n\t\t\t\t\t\t<div class=\"elementor-element elementor-element-1eadcb7 elementor-widget elementor-widget-image\" data-id=\"1eadcb7\" data-element_type=\"widget\" data-e-type=\"widget\" data-widget_type=\"image.default\">\n\t\t\t\t\t\t\t\t\t\t\t\t\t\t\t<img loading=\"lazy\" decoding=\"async\" width=\"500\" height=\"500\" src=\"https:\/\/karinapolymer.com\/wp-content\/uploads\/2023\/08\/karina2.jpg\" class=\"attachment-large size-large wp-image-7203\" alt=\"\" srcset=\"https:\/\/karinapolymer.com\/wp-content\/uploads\/2023\/08\/karina2.jpg 500w, https:\/\/karinapolymer.com\/wp-content\/uploads\/2023\/08\/karina2-300x300.jpg 300w, https:\/\/karinapolymer.com\/wp-content\/uploads\/2023\/08\/karina2-150x150.jpg 150w\" sizes=\"auto, (max-width: 500px) 100vw, 500px\" \/>\t\t\t\t\t\t\t\t\t\t\t\t\t\t\t<\/div>\n\t\t\t\t\t<\/div>\n\t\t<\/div>\n\t\t\t\t\t<\/div>\n\t\t<\/section>\n\t\t\t\t\t<\/div>\n\t\t<\/div>\n\t\t\t\t\t<\/div>\n\t\t<\/section>\n\t\t\t\t<\/div>\n\t\t","protected":false},"excerpt":{"rendered":"<p>Ev aletleri, kozmetik ambalaj par\u00e7alar\u0131n\u0131n enjeksiyonuna uygun sar\u0131 polipropilen bile\u015fi\u011fi&#8230;&nbsp; Karina Polimer \u015eirketi Laguna Sar\u0131 renkte sar\u0131 polipropilen bile\u015fi\u011fi (homopolimer) ve standart olarak farkl\u0131 s\u0131n\u0131flarda \u00e7e\u015fitli renkli bile\u015fikleri veri sayfas\u0131 ve analizleri ile \u0130hracat SGS \u00fcretmektedir.<\/p>\n","protected":false},"featured_media":7151,"template":"","meta":[],"product_brand":[],"product_cat":[130],"product_tag":[329,328,331,332,335,334,330,333],"class_list":{"0":"post-7150","1":"product","2":"type-product","3":"status-publish","4":"has-post-thumbnail","6":"product_cat-polipropilen-bilesigi","7":"product_tag-polipropilen-bilesigi-tr","8":"product_tag-polipropilen-bilesigi","9":"product_tag-polipropilen-ureticisi","10":"product_tag-polipropilen-uretimi","11":"product_tag-renk-bilesigi","12":"product_tag-sari-polipropilen-tr","13":"product_tag-sari-polipropilen","14":"product_tag-sari-pp-malzeme","16":"first","17":"instock","18":"shipping-taxable","19":"product-type-grouped"},"_links":{"self":[{"href":"https:\/\/karinapolymer.com\/tr\/wp-json\/wp\/v2\/product\/7150","targetHints":{"allow":["GET"]}}],"collection":[{"href":"https:\/\/karinapolymer.com\/tr\/wp-json\/wp\/v2\/product"}],"about":[{"href":"https:\/\/karinapolymer.com\/tr\/wp-json\/wp\/v2\/types\/product"}],"version-history":[{"count":0,"href":"https:\/\/karinapolymer.com\/tr\/wp-json\/wp\/v2\/product\/7150\/revisions"}],"wp:featuredmedia":[{"embeddable":true,"href":"https:\/\/karinapolymer.com\/tr\/wp-json\/wp\/v2\/media\/7151"}],"wp:attachment":[{"href":"https:\/\/karinapolymer.com\/tr\/wp-json\/wp\/v2\/media?parent=7150"}],"wp:term":[{"taxonomy":"product_brand","embeddable":true,"href":"https:\/\/karinapolymer.com\/tr\/wp-json\/wp\/v2\/product_brand?post=7150"},{"taxonomy":"product_cat","embeddable":true,"href":"https:\/\/karinapolymer.com\/tr\/wp-json\/wp\/v2\/product_cat?post=7150"},{"taxonomy":"product_tag","embeddable":true,"href":"https:\/\/karinapolymer.com\/tr\/wp-json\/wp\/v2\/product_tag?post=7150"}],"curies":[{"name":"wp","href":"https:\/\/api.w.org\/{rel}","templated":true}]}}