{"id":7156,"date":"2017-06-14T08:42:20","date_gmt":"2017-06-14T08:42:20","guid":{"rendered":"https:\/\/karinapolymer.com\/product\/polipropilen-bilesigi-kopolimer-kr-pr070\/"},"modified":"2024-08-16T15:45:14","modified_gmt":"2024-08-16T15:45:14","slug":"polipropilen-bilesigi-kopolimer-kr-pr070","status":"publish","type":"product","link":"https:\/\/karinapolymer.com\/tr\/urun\/polipropilen-bilesigi-kopolimer-kr-pr070\/","title":{"rendered":"Polipropilen bile\u015fi\u011fi (kopolimer) KR-PR070"},"content":{"rendered":"\t\t<div data-elementor-type=\"wp-post\" data-elementor-id=\"7156\" class=\"elementor elementor-7156 elementor-49\" data-elementor-post-type=\"product\">\n\t\t\t\t\t\t<section class=\"elementor-section elementor-top-section elementor-element elementor-element-4699754 elementor-section-boxed elementor-section-height-default elementor-section-height-default\" data-id=\"4699754\" data-element_type=\"section\" data-e-type=\"section\">\n\t\t\t\t\t\t<div class=\"elementor-container elementor-column-gap-default\">\n\t\t\t\t\t<div class=\"elementor-column elementor-col-50 elementor-top-column elementor-element elementor-element-1329919\" data-id=\"1329919\" data-element_type=\"column\" data-e-type=\"column\">\n\t\t\t<div class=\"elementor-widget-wrap elementor-element-populated\">\n\t\t\t\t\t\t<div class=\"elementor-element elementor-element-7028529 wd-width-100 elementor-widget elementor-widget-wd_title\" data-id=\"7028529\" data-element_type=\"widget\" data-e-type=\"widget\" data-widget_type=\"wd_title.default\">\n\t\t\t\t<div class=\"elementor-widget-container\">\n\t\t\t\t\t\t\t<div class=\"title-wrapper wd-set-mb reset-last-child wd-title-color-default wd-title-style-default wd-title-size-small text-right\">\n\n\t\t\t\n\t\t\t<div class=\"liner-continer\">\n\t\t\t\t<h4 class=\"woodmart-title-container title wd-fontsize-m\">Homopolimer uygulamalar\u0131:<\/h4> \n\t\t\t\t\t\t\t<\/div>\n\n\t\t\t\t\t<\/div>\n\t\t\t\t\t\t<\/div>\n\t\t\t\t<\/div>\n\t\t\t\t<div class=\"elementor-element elementor-element-3050301 color-scheme-inherit text-left elementor-widget elementor-widget-text-editor\" data-id=\"3050301\" data-element_type=\"widget\" data-e-type=\"widget\" data-widget_type=\"text-editor.default\">\n\t\t\t\t\t\t\t\t\t<ul>\n<li style=\"text-align: right;\"><span style=\"color: #000000;\">\u00d6n cam silecekleri i\u00e7in uygundur<\/span><\/li>\n<li style=\"text-align: right;\"><span style=\"color: #000000;\">Ah\u015fap tutkal\u0131 \u00fcretimi<\/span><\/li>\n<li style=\"text-align: right;\"><span style=\"color: #000000;\">Enjeksiyon kal\u0131plama<\/span><\/li>\n<li style=\"text-align: right;\"><span style=\"color: #000000;\">Her t\u00fcrl\u00fc k\u0131yafet<\/span><\/li>\n<li style=\"text-align: right;\"><span style=\"color: #000000;\">Plastik ambalaj \u00e7e\u015fitleri<\/span><\/li>\n<li style=\"text-align: right;\"><span style=\"color: #000000;\">Elyaf \u00fcretimi<\/span><\/li>\n<li style=\"text-align: right;\"><span style=\"color: #000000;\">Tekstil<\/span><\/li>\n<li style=\"text-align: right;\"><span style=\"color: #000000;\">film<\/span><\/li>\n<\/ul>\n\t\t\t\t\t\t\t\t<\/div>\n\t\t\t\t\t<\/div>\n\t\t<\/div>\n\t\t\t\t<div class=\"elementor-column elementor-col-50 elementor-top-column elementor-element elementor-element-3569581\" data-id=\"3569581\" data-element_type=\"column\" data-e-type=\"column\">\n\t\t\t<div class=\"elementor-widget-wrap elementor-element-populated\">\n\t\t\t\t\t\t<div class=\"elementor-element elementor-element-5337399 wd-width-100 elementor-widget elementor-widget-wd_title\" data-id=\"5337399\" data-element_type=\"widget\" data-e-type=\"widget\" data-widget_type=\"wd_title.default\">\n\t\t\t\t<div class=\"elementor-widget-container\">\n\t\t\t\t\t\t\t<div class=\"title-wrapper wd-set-mb reset-last-child wd-title-color-default wd-title-style-default wd-title-size-small text-right\">\n\n\t\t\t\n\t\t\t<div class=\"liner-continer\">\n\t\t\t\t<h4 class=\"woodmart-title-container title wd-fontsize-m\"><strong>\u00d6zel uygulama se\u00e7enekleri: <\/strong><\/h4> \n\t\t\t\t\t\t\t<\/div>\n\n\t\t\t\t\t<\/div>\n\t\t\t\t\t\t<\/div>\n\t\t\t\t<\/div>\n\t\t\t\t<div class=\"elementor-element elementor-element-5874540 color-scheme-inherit text-left elementor-widget elementor-widget-text-editor\" data-id=\"5874540\" data-element_type=\"widget\" data-e-type=\"widget\" data-widget_type=\"text-editor.default\">\n\t\t\t\t\t\t\t\t\t<p style=\"text-align: right;\"><span style=\"color: #000000;\">Tekstil <\/span><\/p>\n<p style=\"text-align: right;\"><span style=\"color: #000000;\">film <\/span><\/p>\n\t\t\t\t\t\t\t\t<\/div>\n\t\t\t\t<div class=\"elementor-element elementor-element-6706680 wd-width-100 elementor-widget elementor-widget-wd_title\" data-id=\"6706680\" data-element_type=\"widget\" data-e-type=\"widget\" data-widget_type=\"wd_title.default\">\n\t\t\t\t<div class=\"elementor-widget-container\">\n\t\t\t\t\t\t\t<div class=\"title-wrapper wd-set-mb reset-last-child wd-title-color-default wd-title-style-default wd-title-size-small text-right\">\n\n\t\t\t\n\t\t\t<div class=\"liner-continer\">\n\t\t\t\t<h4 class=\"woodmart-title-container title wd-fontsize-m\"><strong>sipari\u015f miktar\u0131:<\/strong><\/h4> \n\t\t\t\t\t\t\t<\/div>\n\n\t\t\t\t\t<\/div>\n\t\t\t\t\t\t<\/div>\n\t\t\t\t<\/div>\n\t\t\t\t<div class=\"elementor-element elementor-element-8543865 color-scheme-inherit text-left elementor-widget elementor-widget-text-editor\" data-id=\"8543865\" data-element_type=\"widget\" data-e-type=\"widget\" data-widget_type=\"text-editor.default\">\n\t\t\t\t\t\t\t\t\t<p style=\"text-align: right;\">Her par\u00e7a 1 tondur<\/p>\n\t\t\t\t\t\t\t\t<\/div>\n\t\t\t\t<div class=\"elementor-element elementor-element-3155864 wd-width-100 elementor-widget elementor-widget-wd_title\" data-id=\"3155864\" data-element_type=\"widget\" data-e-type=\"widget\" data-widget_type=\"wd_title.default\">\n\t\t\t\t<div class=\"elementor-widget-container\">\n\t\t\t\t\t\t\t<div class=\"title-wrapper wd-set-mb reset-last-child wd-title-color-default wd-title-style-default wd-title-size-small text-right\">\n\n\t\t\t\n\t\t\t<div class=\"liner-continer\">\n\t\t\t\t<h4 class=\"woodmart-title-container title wd-fontsize-m\"><strong>\u00dcretilen renkler:<\/strong><\/h4> \n\t\t\t\t\t\t\t<\/div>\n\n\t\t\t\t\t<\/div>\n\t\t\t\t\t\t<\/div>\n\t\t\t\t<\/div>\n\t\t\t\t<div class=\"elementor-element elementor-element-9983130 color-scheme-inherit text-left elementor-widget elementor-widget-text-editor\" data-id=\"9983130\" data-element_type=\"widget\" data-e-type=\"widget\" data-widget_type=\"text-editor.default\">\n\t\t\t\t\t\t\t\t\t<p style=\"text-align: right;\">beyaz<\/p>\n<p style=\"text-align: right;\">sar\u0131<\/p>\n<p style=\"text-align: right;\">bardak<\/p>\n<p style=\"text-align: right;\">\u00e7ivit mavisi<\/p>\n\t\t\t\t\t\t\t\t<\/div>\n\t\t\t\t\t<\/div>\n\t\t<\/div>\n\t\t\t\t\t<\/div>\n\t\t<\/section>\n\t\t\t\t<\/div>\n\t\t","protected":false},"excerpt":{"rendered":"<p>Ev aletleri par\u00e7alar\u0131n\u0131n enjekte edilmesine uygun polipropilen bile\u015fi\u011fi (kopolimer) ve&#8230; ABS malzemelerine m\u00fckemmel bir alternatif <\/p>\n<h3>Kopolimerin \u00f6zellikleri:<\/h3>\n<p> \u2022 G\u0131da ambalajlar\u0131nda kullan\u0131labilir \u2022 \u00c7ekme mukavemeti ve sertli\u011fi \u2022 \u0130yi kimyasal diren\u00e7 \u2022 Y\u00fcksek kaynaklanabilirlik&nbsp; Karina Polimer fabrikas\u0131nda ulusal ve uluslararas\u0131 standartlara uygun, m\u00fckemmel kalitede <strong>polipropilen bile\u015fi\u011fi<\/strong> veya <strong>kopolimer<\/strong> bile\u015fi\u011fi ve \u00f6zel veri sayfas\u0131 halinde \u00f6zel olarak \u00fcretilir. plastik \u00fcr\u00fcnler.<\/p>\n","protected":false},"featured_media":7157,"template":"","meta":[],"product_brand":[],"product_cat":[130],"product_tag":[340,338,328,329,337,341,339,336],"class_list":{"0":"post-7156","1":"product","2":"type-product","3":"status-publish","4":"has-post-thumbnail","6":"product_cat-polipropilen-bilesigi","7":"product_tag-beyaz-polipropilen","8":"product_tag-polipropilen","9":"product_tag-polipropilen-bilesigi","10":"product_tag-polipropilen-bilesigi-tr","11":"product_tag-polipropilen-kopolimer-bilesigi","12":"product_tag-polypropylene-compound-tr","13":"product_tag-pp-malzeme-tr","14":"product_tag-pp-malzeme","16":"first","17":"instock","18":"shipping-taxable","19":"product-type-grouped"},"_links":{"self":[{"href":"https:\/\/karinapolymer.com\/tr\/wp-json\/wp\/v2\/product\/7156","targetHints":{"allow":["GET"]}}],"collection":[{"href":"https:\/\/karinapolymer.com\/tr\/wp-json\/wp\/v2\/product"}],"about":[{"href":"https:\/\/karinapolymer.com\/tr\/wp-json\/wp\/v2\/types\/product"}],"version-history":[{"count":0,"href":"https:\/\/karinapolymer.com\/tr\/wp-json\/wp\/v2\/product\/7156\/revisions"}],"wp:featuredmedia":[{"embeddable":true,"href":"https:\/\/karinapolymer.com\/tr\/wp-json\/wp\/v2\/media\/7157"}],"wp:attachment":[{"href":"https:\/\/karinapolymer.com\/tr\/wp-json\/wp\/v2\/media?parent=7156"}],"wp:term":[{"taxonomy":"product_brand","embeddable":true,"href":"https:\/\/karinapolymer.com\/tr\/wp-json\/wp\/v2\/product_brand?post=7156"},{"taxonomy":"product_cat","embeddable":true,"href":"https:\/\/karinapolymer.com\/tr\/wp-json\/wp\/v2\/product_cat?post=7156"},{"taxonomy":"product_tag","embeddable":true,"href":"https:\/\/karinapolymer.com\/tr\/wp-json\/wp\/v2\/product_tag?post=7156"}],"curies":[{"name":"wp","href":"https:\/\/api.w.org\/{rel}","templated":true}]}}