{"id":7163,"date":"2017-06-14T08:36:16","date_gmt":"2017-06-14T08:36:16","guid":{"rendered":"https:\/\/karinapolymer.com\/product\/polipropilen-bilesigi-homopolimer-indigo-rengi\/"},"modified":"2024-08-16T15:45:26","modified_gmt":"2024-08-16T15:45:26","slug":"polipropilen-bilesigi-homopolimer-indigo-rengi","status":"publish","type":"product","link":"https:\/\/karinapolymer.com\/tr\/urun\/polipropilen-bilesigi-homopolimer-indigo-rengi\/","title":{"rendered":"Polipropilen bile\u015fi\u011fi (homopolimer) indigo rengi"},"content":{"rendered":"\t\t<div data-elementor-type=\"wp-post\" data-elementor-id=\"7163\" class=\"elementor elementor-7163 elementor-48\" data-elementor-post-type=\"product\">\n\t\t\t\t\t\t<section class=\"elementor-section elementor-top-section elementor-element elementor-element-5890837 wd-section-stretch elementor-section-content-top elementor-section-boxed elementor-section-height-default elementor-section-height-default\" data-id=\"5890837\" data-element_type=\"section\" data-e-type=\"section\" data-settings=\"{&quot;background_background&quot;:&quot;classic&quot;}\">\n\t\t\t\t\t\t<div class=\"elementor-container elementor-column-gap-extended\">\n\t\t\t\t\t<div class=\"elementor-column elementor-col-50 elementor-top-column elementor-element elementor-element-8411812\" data-id=\"8411812\" data-element_type=\"column\" data-e-type=\"column\">\n\t\t\t<div class=\"elementor-widget-wrap elementor-element-populated\">\n\t\t\t\t\t\t<div class=\"elementor-element elementor-element-9858608 wd-width-100 elementor-widget elementor-widget-wd_title\" data-id=\"9858608\" data-element_type=\"widget\" data-e-type=\"widget\" data-widget_type=\"wd_title.default\">\n\t\t\t\t<div class=\"elementor-widget-container\">\n\t\t\t\t\t\t\t<div class=\"title-wrapper wd-set-mb reset-last-child wd-title-color-primary wd-title-style-underlined wd-title-size-default text-right\">\n\n\t\t\t\n\t\t\t<div class=\"liner-continer\">\n\t\t\t\t<h4 class=\"woodmart-title-container title wd-fontsize-l\">Homopolimer uygulamalar\u0131:<\/h4> \n\t\t\t\t\t\t\t<\/div>\n\n\t\t\t\t\t<\/div>\n\t\t\t\t\t\t<\/div>\n\t\t\t\t<\/div>\n\t\t\t\t<div class=\"elementor-element elementor-element-5388500 color-scheme-inherit text-left elementor-widget elementor-widget-text-editor\" data-id=\"5388500\" data-element_type=\"widget\" data-e-type=\"widget\" data-widget_type=\"text-editor.default\">\n\t\t\t\t\t\t\t\t\t<p style=\"text-align: right;\">Cam temizleme b\u00f6lmesine uygun<br \/>Ah\u015fap tutkal\u0131 \u00fcretimi<br \/>Enjeksiyon kal\u0131plama<br \/>Her t\u00fcrl\u00fc k\u0131yafet<br \/>Plastik ambalaj \u00e7e\u015fitleri<br \/>Elyaf \u00fcretimi<br \/>tekstil<br \/>film<br \/>\u00d6zel uygulama se\u00e7enekleri:<br \/>Tekstil ve film <\/p>\n<p style=\"text-align: right;\">Sipari\u015f miktar\u0131:<br \/>Her par\u00e7a 1 tondur<\/p>\n\t\t\t\t\t\t\t\t<\/div>\n\t\t\t\t\t<\/div>\n\t\t<\/div>\n\t\t\t\t<div class=\"elementor-column elementor-col-50 elementor-top-column elementor-element elementor-element-598102\" data-id=\"598102\" data-element_type=\"column\" data-e-type=\"column\">\n\t\t\t<div class=\"elementor-widget-wrap elementor-element-populated\">\n\t\t\t\t\t\t<div class=\"elementor-element elementor-element-59031b1 elementor-widget elementor-widget-image\" data-id=\"59031b1\" data-element_type=\"widget\" data-e-type=\"widget\" data-widget_type=\"image.default\">\n\t\t\t\t\t\t\t\t\t\t\t\t\t\t\t<img loading=\"lazy\" decoding=\"async\" width=\"500\" height=\"500\" src=\"https:\/\/karinapolymer.com\/wp-content\/uploads\/2017\/06\/karina3.jpg\" class=\"attachment-full size-full wp-image-7186\" alt=\"\" srcset=\"https:\/\/karinapolymer.com\/wp-content\/uploads\/2017\/06\/karina3.jpg 500w, https:\/\/karinapolymer.com\/wp-content\/uploads\/2017\/06\/karina3-300x300.jpg 300w, https:\/\/karinapolymer.com\/wp-content\/uploads\/2017\/06\/karina3-150x150.jpg 150w\" sizes=\"auto, (max-width: 500px) 100vw, 500px\" \/>\t\t\t\t\t\t\t\t\t\t\t\t\t\t\t<\/div>\n\t\t\t\t\t<\/div>\n\t\t<\/div>\n\t\t\t\t\t<\/div>\n\t\t<\/section>\n\t\t\t\t<\/div>\n\t\t","protected":false},"excerpt":{"rendered":"<p>Ev aletlerinin enjeksiyon par\u00e7alar\u0131na, kozmetik ambalajlar\u0131na&#8230; di\u011fer renkleri birle\u015ftirmeye gerek duymayan pastel renkli \u00fcr\u00fcnler \u00fcretmek i\u00e7in uygun&nbsp;<strong> polipropilen bile\u015fi\u011fi<\/strong> (homopolimer) pastel renk.SGS analizi ile <strong>ulusal<\/strong> ve ihracat standard\u0131na sahip pastel renkli polipropilen bile\u015fi\u011fi, \u00f6zel veri sayfas\u0131 ile sipari\u015f vermeniz halinde Carina Polymer firmas\u0131nda \u00fcretilmektedir.<\/p>\n","protected":false},"featured_media":7164,"template":"","meta":[],"product_brand":[],"product_cat":[130],"product_tag":[344,343,338,342,339,336,335,345],"class_list":{"0":"post-7163","1":"product","2":"type-product","3":"status-publish","4":"has-post-thumbnail","6":"product_cat-polipropilen-bilesigi","7":"product_tag-en-iyi-bilesik","8":"product_tag-pastil-polipropilen-bilesigi","9":"product_tag-polipropilen","10":"product_tag-polipropilen-bilesikleri-satin-alin","11":"product_tag-pp-malzeme-tr","12":"product_tag-pp-malzeme","13":"product_tag-renk-bilesigi","14":"product_tag-renkli-polipropilen","16":"first","17":"instock","18":"shipping-taxable","19":"product-type-grouped"},"_links":{"self":[{"href":"https:\/\/karinapolymer.com\/tr\/wp-json\/wp\/v2\/product\/7163","targetHints":{"allow":["GET"]}}],"collection":[{"href":"https:\/\/karinapolymer.com\/tr\/wp-json\/wp\/v2\/product"}],"about":[{"href":"https:\/\/karinapolymer.com\/tr\/wp-json\/wp\/v2\/types\/product"}],"version-history":[{"count":0,"href":"https:\/\/karinapolymer.com\/tr\/wp-json\/wp\/v2\/product\/7163\/revisions"}],"wp:featuredmedia":[{"embeddable":true,"href":"https:\/\/karinapolymer.com\/tr\/wp-json\/wp\/v2\/media\/7164"}],"wp:attachment":[{"href":"https:\/\/karinapolymer.com\/tr\/wp-json\/wp\/v2\/media?parent=7163"}],"wp:term":[{"taxonomy":"product_brand","embeddable":true,"href":"https:\/\/karinapolymer.com\/tr\/wp-json\/wp\/v2\/product_brand?post=7163"},{"taxonomy":"product_cat","embeddable":true,"href":"https:\/\/karinapolymer.com\/tr\/wp-json\/wp\/v2\/product_cat?post=7163"},{"taxonomy":"product_tag","embeddable":true,"href":"https:\/\/karinapolymer.com\/tr\/wp-json\/wp\/v2\/product_tag?post=7163"}],"curies":[{"name":"wp","href":"https:\/\/api.w.org\/{rel}","templated":true}]}}