{"id":7170,"date":"2017-06-14T08:07:28","date_gmt":"2017-06-14T08:07:28","guid":{"rendered":"https:\/\/karinapolymer.com\/product\/polietilen-bilesigi-kr-crg2\/"},"modified":"2024-08-16T15:49:56","modified_gmt":"2024-08-16T15:49:56","slug":"polietilen-bilesigi-kr-crg2","status":"publish","type":"product","link":"https:\/\/karinapolymer.com\/tr\/urun\/polietilen-bilesigi-kr-crg2\/","title":{"rendered":"Polietilen bile\u015fi\u011fi KR-CRG2"},"content":{"rendered":"\t\t<div data-elementor-type=\"wp-post\" data-elementor-id=\"7170\" class=\"elementor elementor-7170 elementor-42\" data-elementor-post-type=\"product\">\n\t\t\t\t\t\t<section class=\"elementor-section elementor-top-section elementor-element elementor-element-5100889 elementor-section-boxed elementor-section-height-default elementor-section-height-default\" data-id=\"5100889\" data-element_type=\"section\" data-e-type=\"section\">\n\t\t\t\t\t\t<div class=\"elementor-container elementor-column-gap-default\">\n\t\t\t\t\t<div class=\"elementor-column elementor-col-100 elementor-top-column elementor-element elementor-element-1234230\" data-id=\"1234230\" data-element_type=\"column\" data-e-type=\"column\">\n\t\t\t<div class=\"elementor-widget-wrap elementor-element-populated\">\n\t\t\t\t\t\t<div class=\"elementor-element elementor-element-9303267 wd-width-100 elementor-widget elementor-widget-wd_title\" data-id=\"9303267\" data-element_type=\"widget\" data-e-type=\"widget\" data-widget_type=\"wd_title.default\">\n\t\t\t\t<div class=\"elementor-widget-container\">\n\t\t\t\t\t\t\t<div class=\"title-wrapper wd-set-mb reset-last-child wd-title-color-default wd-title-style-default wd-title-size-small text-left\">\n\n\t\t\t\n\t\t\t<div class=\"liner-continer\">\n\t\t\t\t<h4 class=\"woodmart-title-container title wd-fontsize-m\">Applications of polyethylene<\/h4> \n\t\t\t\t\t\t\t<\/div>\n\n\t\t\t\t\t<\/div>\n\t\t\t\t\t\t<\/div>\n\t\t\t\t<\/div>\n\t\t\t\t\t<\/div>\n\t\t<\/div>\n\t\t\t\t\t<\/div>\n\t\t<\/section>\n\t\t\t\t<section class=\"elementor-section elementor-top-section elementor-element elementor-element-2452213 elementor-section-content-top elementor-section-boxed elementor-section-height-default elementor-section-height-default\" data-id=\"2452213\" data-element_type=\"section\" data-e-type=\"section\">\n\t\t\t\t\t\t<div class=\"elementor-container elementor-column-gap-default\">\n\t\t\t\t\t<div class=\"elementor-column elementor-col-50 elementor-top-column elementor-element elementor-element-1273395\" data-id=\"1273395\" data-element_type=\"column\" data-e-type=\"column\">\n\t\t\t<div class=\"elementor-widget-wrap elementor-element-populated\">\n\t\t\t\t\t\t<div class=\"elementor-element elementor-element-9891866 color-scheme-inherit text-left elementor-widget elementor-widget-text-editor\" data-id=\"9891866\" data-element_type=\"widget\" data-e-type=\"widget\" data-widget_type=\"text-editor.default\">\n\t\t\t\t\t\t\t\t\t<p style=\"text-align: right;\"><span style=\"color: #000000;\"><strong>Polietilen uygulamalar\u0131:<\/strong><\/span><\/p>\n<ul style=\"text-align: right;\">\n<li><span style=\"color: #000000;\">Boru ve ba\u011flant\u0131 par\u00e7alar\u0131<\/span><\/li>\n<li><span style=\"color: #000000;\">End\u00fcstriyel g\u00f6mlekler<\/span><\/li>\n<li><span style=\"color: #000000;\">Plastik aksesuar \u00fcretimi<\/span><\/li>\n<li><span style=\"color: #000000;\">G\u0131da ambalajlar\u0131 ve plastik po\u015fetler<\/span><\/li>\n<li><span style=\"color: #000000;\">oyuncaklar\u0131<\/span><\/li>\n<li><span style=\"color: #000000;\">laminasyon<\/span><\/li>\n<li><span style=\"color: #000000;\">Enjeksiyon kal\u0131plar\u0131<\/span><\/li>\n<li><span style=\"color: #000000;\">Film ekstr\u00fczyonu<\/span><\/li>\n<li><span style=\"color: #000000;\">Su ve kanalizasyon \u015febekeleri<\/span><\/li>\n<li><span style=\"color: #000000;\">Bina izolasyonu \u00fcretimi<\/span><\/li>\n<\/ul>\n<p style=\"text-align: right;\">\n\t\t\t\t\t\t\t\t<\/div>\n\t\t\t\t\t<\/div>\n\t\t<\/div>\n\t\t\t\t<div class=\"elementor-column elementor-col-50 elementor-top-column elementor-element elementor-element-9438153\" data-id=\"9438153\" data-element_type=\"column\" data-e-type=\"column\">\n\t\t\t<div class=\"elementor-widget-wrap elementor-element-populated\">\n\t\t\t\t\t\t<div class=\"elementor-element elementor-element-5274068 elementor-widget elementor-widget-image\" data-id=\"5274068\" data-element_type=\"widget\" data-e-type=\"widget\" data-widget_type=\"image.default\">\n\t\t\t\t\t\t\t\t\t\t\t\t\t\t\t<img loading=\"lazy\" decoding=\"async\" width=\"500\" height=\"500\" src=\"https:\/\/karinapolymer.com\/wp-content\/uploads\/2017\/06\/etilen.jpg\" class=\"attachment-full size-full wp-image-7176\" alt=\"\" srcset=\"https:\/\/karinapolymer.com\/wp-content\/uploads\/2017\/06\/etilen.jpg 500w, https:\/\/karinapolymer.com\/wp-content\/uploads\/2017\/06\/etilen-300x300.jpg 300w, https:\/\/karinapolymer.com\/wp-content\/uploads\/2017\/06\/etilen-150x150.jpg 150w\" sizes=\"auto, (max-width: 500px) 100vw, 500px\" \/>\t\t\t\t\t\t\t\t\t\t\t\t\t\t\t<\/div>\n\t\t\t\t\t<\/div>\n\t\t<\/div>\n\t\t\t\t\t<\/div>\n\t\t<\/section>\n\t\t\t\t<\/div>\n\t\t","protected":false},"excerpt":{"rendered":"<h3>Polietilen bile\u015fi\u011finin \u00f6zelli\u011fi<\/h3>\n<p> \u2022 Her t\u00fcrl\u00fc asitlere kar\u015f\u0131 dayan\u0131kl\u0131d\u0131r<br \/>\u2022 \u00c7ok az nem ve su emilimi<br \/>\u2022 Elektrik yal\u0131t\u0131m \u00f6zelli\u011fine sahiptir<br \/>\u2022 \u0130nce film formunda \u015feffaf<br \/>\u2022 Darbeye ve \u00e7atlamaya kar\u015f\u0131 dayan\u0131kl\u0131d\u0131r<br \/>\u2022 Her t\u00fcrl\u00fc hava ko\u015fuluna uygun<br \/>\u2022 D\u00fc\u015f\u00fck ve y\u00fcksek s\u0131cakl\u0131klara dayan\u0131kl\u0131<br \/>\u2022 M\u00fckemmel mekanik ve \u00e7ekme mukavemeti&nbsp;<br \/><strong> Polietilen bile\u015fi\u011fi <\/strong>Karina Polimer fabrikas\u0131nda ulusal standart veri sayfas\u0131 ve <strong>SGS ihracat analizleri <\/strong>ile \u00fcretildi\u011fi gibi <strong>plastik \u00fcr\u00fcnlere g\u00f6re de<\/strong> \u00f6zel olarak \u00fcretilmektedir.<\/p>\n","protected":false},"featured_media":7171,"template":"","meta":[],"product_brand":[],"product_cat":[136],"product_tag":[354,349,347,346,352,353,355,351,350,348],"class_list":{"0":"post-7170","1":"product","2":"type-product","3":"status-publish","4":"has-post-thumbnail","6":"product_cat-ekstrude-polietilen","7":"product_tag-borular-icin-polietilen","8":"product_tag-pe-malzemesi","9":"product_tag-polietilen","10":"product_tag-polietilen-bilesigi","11":"product_tag-polietilen-bilesiginin-fiyati","12":"product_tag-polietilen-bilesik-boru","13":"product_tag-polietilen-granuller","14":"product_tag-polietilen-ureticisi","15":"product_tag-siyah-polietilen-bilesigi","16":"product_tag-yeni-urun","18":"first","19":"instock","20":"shipping-taxable","21":"product-type-grouped"},"_links":{"self":[{"href":"https:\/\/karinapolymer.com\/tr\/wp-json\/wp\/v2\/product\/7170","targetHints":{"allow":["GET"]}}],"collection":[{"href":"https:\/\/karinapolymer.com\/tr\/wp-json\/wp\/v2\/product"}],"about":[{"href":"https:\/\/karinapolymer.com\/tr\/wp-json\/wp\/v2\/types\/product"}],"version-history":[{"count":0,"href":"https:\/\/karinapolymer.com\/tr\/wp-json\/wp\/v2\/product\/7170\/revisions"}],"wp:featuredmedia":[{"embeddable":true,"href":"https:\/\/karinapolymer.com\/tr\/wp-json\/wp\/v2\/media\/7171"}],"wp:attachment":[{"href":"https:\/\/karinapolymer.com\/tr\/wp-json\/wp\/v2\/media?parent=7170"}],"wp:term":[{"taxonomy":"product_brand","embeddable":true,"href":"https:\/\/karinapolymer.com\/tr\/wp-json\/wp\/v2\/product_brand?post=7170"},{"taxonomy":"product_cat","embeddable":true,"href":"https:\/\/karinapolymer.com\/tr\/wp-json\/wp\/v2\/product_cat?post=7170"},{"taxonomy":"product_tag","embeddable":true,"href":"https:\/\/karinapolymer.com\/tr\/wp-json\/wp\/v2\/product_tag?post=7170"}],"curies":[{"name":"wp","href":"https:\/\/api.w.org\/{rel}","templated":true}]}}