{"id":7179,"date":"2017-06-14T08:22:56","date_gmt":"2017-06-14T08:22:56","guid":{"rendered":"https:\/\/karinapolymer.com\/product\/geri-donusturulmus-polipropilen-bilesigi-kr-w1800\/"},"modified":"2024-08-16T15:55:58","modified_gmt":"2024-08-16T15:55:58","slug":"geri-donusturulmus-polipropilen-bilesigi-kr-w1800","status":"publish","type":"product","link":"https:\/\/karinapolymer.com\/tr\/urun\/geri-donusturulmus-polipropilen-bilesigi-kr-w1800\/","title":{"rendered":"Geri d\u00f6n\u00fc\u015ft\u00fcr\u00fclm\u00fc\u015f polipropilen bile\u015fi\u011fi KR-W1800"},"content":{"rendered":"\t\t<div data-elementor-type=\"wp-post\" data-elementor-id=\"7179\" class=\"elementor elementor-7179 elementor-45\" data-elementor-post-type=\"product\">\n\t\t\t\t\t\t<section class=\"elementor-section elementor-top-section elementor-element elementor-element-196d93d elementor-section-content-top elementor-section-boxed elementor-section-height-default elementor-section-height-default\" data-id=\"196d93d\" data-element_type=\"section\" data-e-type=\"section\">\n\t\t\t\t\t\t<div class=\"elementor-container elementor-column-gap-default\">\n\t\t\t\t\t<div class=\"elementor-column elementor-col-50 elementor-top-column elementor-element elementor-element-f4d12af\" data-id=\"f4d12af\" data-element_type=\"column\" data-e-type=\"column\">\n\t\t\t<div class=\"elementor-widget-wrap elementor-element-populated\">\n\t\t\t\t\t\t<div class=\"elementor-element elementor-element-4987e94 color-scheme-inherit text-left elementor-widget elementor-widget-text-editor\" data-id=\"4987e94\" data-element_type=\"widget\" data-e-type=\"widget\" data-widget_type=\"text-editor.default\">\n\t\t\t\t\t\t\t\t\t<p style=\"text-align: right;\"><span style=\"color: #000000;\"><strong>Geri d\u00f6n\u00fc\u015ft\u00fcr\u00fclm\u00fc\u015f polipropilen uygulamalar\u0131:<\/strong><\/span><\/p>\n<ul>\n<li style=\"text-align: right;\"><span style=\"color: #000000;\">Filmin kapa\u011f\u0131<\/span><\/li>\n<li style=\"text-align: right;\"><span style=\"color: #000000;\">Plastik levha<\/span><\/li>\n<li style=\"text-align: right;\"><span style=\"color: #000000;\">\u015ei\u015firme<\/span><\/li>\n<li style=\"text-align: right;\"><span style=\"color: #000000;\">Enjeksiyon kal\u0131plama<\/span><\/li>\n<li style=\"text-align: right;\"><span style=\"color: #000000;\">Tekstil<\/span><\/li>\n<li style=\"text-align: right;\"><span style=\"color: #000000;\">g\u0131da ambalaj\u0131<\/span><\/li>\n<li style=\"text-align: right;\"><span style=\"color: #000000;\">Laboratuvar ve t\u0131bbi ekipman \u00fcretimi<\/span><\/li>\n<li style=\"text-align: right;\"><span style=\"color: #000000;\">Yap\u0131 sekt\u00f6r\u00fc<\/span><\/li>\n<\/ul>\t\t\t\t\t\t\t\t<\/div>\n\t\t\t\t\t<\/div>\n\t\t<\/div>\n\t\t\t\t<div class=\"elementor-column elementor-col-50 elementor-top-column elementor-element elementor-element-87b0227\" data-id=\"87b0227\" data-element_type=\"column\" data-e-type=\"column\">\n\t\t\t<div class=\"elementor-widget-wrap elementor-element-populated\">\n\t\t\t\t\t\t<section class=\"elementor-section elementor-inner-section elementor-element elementor-element-e529b05 elementor-section-content-top elementor-section-boxed elementor-section-height-default elementor-section-height-default\" data-id=\"e529b05\" data-element_type=\"section\" data-e-type=\"section\">\n\t\t\t\t\t\t<div class=\"elementor-container elementor-column-gap-default\">\n\t\t\t\t\t<div class=\"elementor-column elementor-col-100 elementor-inner-column elementor-element elementor-element-9068a3e\" data-id=\"9068a3e\" data-element_type=\"column\" data-e-type=\"column\">\n\t\t\t<div class=\"elementor-widget-wrap elementor-element-populated\">\n\t\t\t\t\t\t<div class=\"elementor-element elementor-element-4bbcec7 elementor-widget elementor-widget-wd_infobox\" data-id=\"4bbcec7\" data-element_type=\"widget\" data-e-type=\"widget\" data-widget_type=\"wd_infobox.default\">\n\t\t\t\t<div class=\"elementor-widget-container\">\n\t\t\t\t\t\t\t<div class=\"info-box-wrapper\">\n\t\t\t<div class=\"wd-info-box text-center box-icon-align-top box-style-base color-scheme-\">\n\t\t\t\t\t\t\t\t\t<div class=\"box-icon-wrapper  box-with-icon box-icon-simple\">\n\t\t\t\t\t\t<div class=\"info-box-icon\">\n\t\t\t\t\t\t\t\t\t\t\t\t\t\t\t<img loading=\"lazy\" decoding=\"async\" width=\"500\" height=\"500\" src=\"https:\/\/karinapolymer.com\/wp-content\/uploads\/2017\/06\/karina3.jpg\" class=\"attachment-full size-full\" alt=\"\" srcset=\"https:\/\/karinapolymer.com\/wp-content\/uploads\/2017\/06\/karina3.jpg 500w, https:\/\/karinapolymer.com\/wp-content\/uploads\/2017\/06\/karina3-300x300.jpg 300w, https:\/\/karinapolymer.com\/wp-content\/uploads\/2017\/06\/karina3-150x150.jpg 150w\" sizes=\"auto, (max-width: 500px) 100vw, 500px\" \/>\t\t\t\t\t\t\t\t\t\t\t\t\t<\/div>\n\t\t\t\t\t<\/div>\n\t\t\t\t\n\t\t\t\t<div class=\"info-box-content\">\n\t\t\t\t\t\n\t\t\t\t\t\n\t\t\t\t\t<div class=\"info-box-inner reset-last-child\"data-elementor-setting-key=\"content\"><\/div>\n\n\t\t\t\t\t\t\t\t\t<\/div>\n\n\t\t\t\t\t\t\t\t\t<a href=\"#\" class=\"wd-info-box-link wd-fill\" aria-label=\"Infobox link\"><\/a>\n\t\t\t\t\t\t\t<\/div>\n\t\t<\/div>\n\t\t\t\t\t\t<\/div>\n\t\t\t\t<\/div>\n\t\t\t\t\t<\/div>\n\t\t<\/div>\n\t\t\t\t\t<\/div>\n\t\t<\/section>\n\t\t\t\t\t<\/div>\n\t\t<\/div>\n\t\t\t\t\t<\/div>\n\t\t<\/section>\n\t\t\t\t<\/div>\n\t\t","protected":false},"excerpt":{"rendered":"<h3>Geri d\u00f6n\u00fc\u015ft\u00fcr\u00fclm\u00fc\u015f polipropilenin \u00f6zellikleri:<\/h3>\n<p> \u2022 Kimyasal, alkali ve asidik maddelere kar\u015f\u0131 y\u00fcksek diren\u00e7 \u2022 \u0130mha s\u00fcrecinin kontrol\u00fc \u2022 &nbsp; \u015eeffaf ve parlak <strong>Geri d\u00f6n\u00fc\u015ft\u00fcr\u00fclm\u00fc\u015f polipropilen<\/strong> <strong>ulusal <\/strong>ve <strong>uluslararas\u0131 standartlara<\/strong> sahiptir, ihtiya\u00e7 halinde uzmanlar\u0131m\u0131zla ileti\u015fime ge\u00e7in.<\/p>\n","protected":false},"featured_media":7180,"template":"","meta":[],"product_brand":[],"product_cat":[130,261],"product_tag":[357,356,328,342,358],"class_list":{"0":"post-7179","1":"product","2":"type-product","3":"status-publish","4":"has-post-thumbnail","6":"product_cat-polipropilen-bilesigi","7":"product_cat-geri-donusturulmus-polipropilen-bilesigi","8":"product_tag-geri-donusturulmus-bilesik","9":"product_tag-geri-donusturulmus-polipropilen","10":"product_tag-polipropilen-bilesigi","11":"product_tag-polipropilen-bilesikleri-satin-alin","12":"product_tag-ucuz-polipropilen","14":"first","15":"instock","16":"shipping-taxable","17":"product-type-grouped"},"_links":{"self":[{"href":"https:\/\/karinapolymer.com\/tr\/wp-json\/wp\/v2\/product\/7179","targetHints":{"allow":["GET"]}}],"collection":[{"href":"https:\/\/karinapolymer.com\/tr\/wp-json\/wp\/v2\/product"}],"about":[{"href":"https:\/\/karinapolymer.com\/tr\/wp-json\/wp\/v2\/types\/product"}],"version-history":[{"count":0,"href":"https:\/\/karinapolymer.com\/tr\/wp-json\/wp\/v2\/product\/7179\/revisions"}],"wp:featuredmedia":[{"embeddable":true,"href":"https:\/\/karinapolymer.com\/tr\/wp-json\/wp\/v2\/media\/7180"}],"wp:attachment":[{"href":"https:\/\/karinapolymer.com\/tr\/wp-json\/wp\/v2\/media?parent=7179"}],"wp:term":[{"taxonomy":"product_brand","embeddable":true,"href":"https:\/\/karinapolymer.com\/tr\/wp-json\/wp\/v2\/product_brand?post=7179"},{"taxonomy":"product_cat","embeddable":true,"href":"https:\/\/karinapolymer.com\/tr\/wp-json\/wp\/v2\/product_cat?post=7179"},{"taxonomy":"product_tag","embeddable":true,"href":"https:\/\/karinapolymer.com\/tr\/wp-json\/wp\/v2\/product_tag?post=7179"}],"curies":[{"name":"wp","href":"https:\/\/api.w.org\/{rel}","templated":true}]}}