{"id":7188,"date":"2024-01-18T16:40:25","date_gmt":"2024-01-18T17:40:25","guid":{"rendered":"https:\/\/karinapolymer.com\/product\/polipropilen-bilesigi-homopolimer-kr-b10\/"},"modified":"2024-08-16T15:58:38","modified_gmt":"2024-08-16T15:58:38","slug":"polipropilen-bilesigi-homopolimer-kr-b10","status":"publish","type":"product","link":"https:\/\/karinapolymer.com\/tr\/urun\/polipropilen-bilesigi-homopolimer-kr-b10\/","title":{"rendered":"Polipropilen bile\u015fi\u011fi (homopolimer) KR-B10"},"content":{"rendered":"\t\t<div data-elementor-type=\"product-post\" data-elementor-id=\"7188\" class=\"elementor elementor-7188 elementor-50\" data-elementor-post-type=\"product\">\n\t\t\t\t\t\t<section class=\"elementor-section elementor-top-section elementor-element elementor-element-3706514 elementor-section-content-top elementor-section-boxed elementor-section-height-default elementor-section-height-default\" data-id=\"3706514\" data-element_type=\"section\" data-e-type=\"section\">\n\t\t\t\t\t\t<div class=\"elementor-container elementor-column-gap-default\">\n\t\t\t\t\t<div class=\"elementor-column elementor-col-50 elementor-top-column elementor-element elementor-element-9530970\" data-id=\"9530970\" data-element_type=\"column\" data-e-type=\"column\">\n\t\t\t<div class=\"elementor-widget-wrap elementor-element-populated\">\n\t\t\t\t\t\t<div class=\"elementor-element elementor-element-8721110 wd-width-100 elementor-widget elementor-widget-wd_title\" data-id=\"8721110\" data-element_type=\"widget\" data-e-type=\"widget\" data-widget_type=\"wd_title.default\">\n\t\t\t\t<div class=\"elementor-widget-container\">\n\t\t\t\t\t\t\t<div class=\"title-wrapper wd-set-mb reset-last-child wd-title-color-default wd-title-style-default wd-title-size-default text-right\">\n\n\t\t\t\n\t\t\t<div class=\"liner-continer\">\n\t\t\t\t<h4 class=\"woodmart-title-container title wd-fontsize-l\">Homopolimer uygulamalar\u0131:<\/h4> \n\t\t\t\t\t\t\t<\/div>\n\n\t\t\t\t\t<\/div>\n\t\t\t\t\t\t<\/div>\n\t\t\t\t<\/div>\n\t\t\t\t<div class=\"elementor-element elementor-element-5311416 color-scheme-inherit text-left elementor-widget elementor-widget-text-editor\" data-id=\"5311416\" data-element_type=\"widget\" data-e-type=\"widget\" data-widget_type=\"text-editor.default\">\n\t\t\t\t\t\t\t\t\t<p style=\"text-align: right;\">Cam temizleme b\u00f6lmesine uygun<br \/>Ah\u015fap tutkal\u0131 \u00fcretimi<br \/>Enjeksiyon kal\u0131plama<br \/>Her t\u00fcrl\u00fc k\u0131yafet<br \/>Plastik ambalaj \u00e7e\u015fitleri<br \/>Elyaf \u00fcretimi<br \/>tekstil<br \/>film<br \/>\u00d6zel uygulama se\u00e7enekleri:<br \/>Tekstil ve film <\/p>\n<p style=\"text-align: right;\">Sipari\u015f miktar\u0131:<br \/>Her par\u00e7a 1 tondur<\/p>\n\t\t\t\t\t\t\t\t<\/div>\n\t\t\t\t\t<\/div>\n\t\t<\/div>\n\t\t\t\t<div class=\"elementor-column elementor-col-50 elementor-top-column elementor-element elementor-element-3895673\" data-id=\"3895673\" data-element_type=\"column\" data-e-type=\"column\">\n\t\t\t<div class=\"elementor-widget-wrap elementor-element-populated\">\n\t\t\t\t\t\t<div class=\"elementor-element elementor-element-2771311 elementor-widget elementor-widget-image\" data-id=\"2771311\" data-element_type=\"widget\" data-e-type=\"widget\" data-widget_type=\"image.default\">\n\t\t\t\t\t\t\t\t\t\t\t\t\t\t\t<img loading=\"lazy\" decoding=\"async\" width=\"500\" height=\"500\" src=\"https:\/\/karinapolymer.com\/wp-content\/uploads\/2017\/06\/etilen.jpg\" class=\"attachment-full size-full wp-image-7176\" alt=\"\" srcset=\"https:\/\/karinapolymer.com\/wp-content\/uploads\/2017\/06\/etilen.jpg 500w, https:\/\/karinapolymer.com\/wp-content\/uploads\/2017\/06\/etilen-300x300.jpg 300w, https:\/\/karinapolymer.com\/wp-content\/uploads\/2017\/06\/etilen-150x150.jpg 150w\" sizes=\"auto, (max-width: 500px) 100vw, 500px\" \/>\t\t\t\t\t\t\t\t\t\t\t\t\t\t\t<\/div>\n\t\t\t\t\t<\/div>\n\t\t<\/div>\n\t\t\t\t\t<\/div>\n\t\t<\/section>\n\t\t\t\t<section class=\"elementor-section elementor-top-section elementor-element elementor-element-9959dca elementor-section-content-top elementor-section-boxed elementor-section-height-default elementor-section-height-default\" data-id=\"9959dca\" data-element_type=\"section\" data-e-type=\"section\">\n\t\t\t\t\t\t<div class=\"elementor-container elementor-column-gap-default\">\n\t\t\t\t\t<div class=\"elementor-column elementor-col-50 elementor-top-column elementor-element elementor-element-85d3e84\" data-id=\"85d3e84\" data-element_type=\"column\" data-e-type=\"column\">\n\t\t\t<div class=\"elementor-widget-wrap elementor-element-populated\">\n\t\t\t\t\t\t<div class=\"elementor-element elementor-element-b89b7b7 elementor-widget elementor-widget-image\" data-id=\"b89b7b7\" data-element_type=\"widget\" data-e-type=\"widget\" data-widget_type=\"image.default\">\n\t\t\t\t\t\t\t\t\t\t\t\t\t\t\t<img loading=\"lazy\" decoding=\"async\" width=\"538\" height=\"362\" src=\"https:\/\/karinapolymer.com\/wp-content\/uploads\/2024\/01\/compoundcolor.jpg\" class=\"attachment-full size-full wp-image-7191\" alt=\"\" srcset=\"https:\/\/karinapolymer.com\/wp-content\/uploads\/2024\/01\/compoundcolor.jpg 538w, https:\/\/karinapolymer.com\/wp-content\/uploads\/2024\/01\/compoundcolor-300x202.jpg 300w, https:\/\/karinapolymer.com\/wp-content\/uploads\/2024\/01\/compoundcolor-150x101.jpg 150w\" sizes=\"auto, (max-width: 538px) 100vw, 538px\" \/>\t\t\t\t\t\t\t\t\t\t\t\t\t\t\t<\/div>\n\t\t\t\t\t<\/div>\n\t\t<\/div>\n\t\t\t\t<div class=\"elementor-column elementor-col-50 elementor-top-column elementor-element elementor-element-d52481d\" data-id=\"d52481d\" data-element_type=\"column\" data-e-type=\"column\">\n\t\t\t<div class=\"elementor-widget-wrap elementor-element-populated\">\n\t\t\t\t\t\t<div class=\"elementor-element elementor-element-5997911 color-scheme-inherit text-left elementor-widget elementor-widget-text-editor\" data-id=\"5997911\" data-element_type=\"widget\" data-e-type=\"widget\" data-widget_type=\"text-editor.default\">\n\t\t\t\t\t\t\t\t\t<h3 style=\"text-align: right;\">\u00dcretilen renkler:<\/h3>\n<ul>\n<li style=\"text-align: right;\">beyaz<\/li>\n<li style=\"text-align: right;\">sar\u0131<\/li>\n<li style=\"text-align: right;\">bardak<\/li>\n<li style=\"text-align: right;\">\u00e7ivit mavisi<\/li>\n<\/ul>\n\t\t\t\t\t\t\t\t<\/div>\n\t\t\t\t\t<\/div>\n\t\t<\/div>\n\t\t\t\t\t<\/div>\n\t\t<\/section>\n\t\t\t\t<\/div>\n\t\t","protected":false},"excerpt":{"rendered":"<p>Ev aletlerinin par\u00e7alar\u0131n\u0131n enjeksiyonu, kozmetik ambalajlar\u0131 i\u00e7in uygundur&#8230; <strong>KR-B10 polipropilen bile\u015fik malzemenin \u00f6zellikleri: <\/strong>ucuz fiyat, \u00e7ok hafif, geni\u015f uygulama alan\u0131, b\u00fck\u00fclme kabiliyeti, b\u00fck\u00fclme ve korozyona kar\u015f\u0131 stabilite, g\u00fcne\u015f \u0131\u015f\u0131\u011f\u0131na dayan\u0131kl\u0131, elektrik ve \u0131s\u0131 yal\u0131t\u0131m\u0131, dayan\u0131kl\u0131 Polipropilen (homopolimer) bile\u015fikli kimyasallar Karina Polymer firmas\u0131nda ulusal standart ve SGS ihracat analiz standard\u0131na g\u00f6re \u00fcretilmektedir.<\/p>\n","protected":false},"featured_media":7189,"template":"","meta":[],"product_brand":[],"product_cat":[130],"product_tag":[338,359,360,328,361,336],"class_list":{"0":"post-7188","1":"product","2":"type-product","3":"status-publish","4":"has-post-thumbnail","6":"product_cat-polipropilen-bilesigi","7":"product_tag-polipropilen","8":"product_tag-polipropilen-tr","9":"product_tag-polipropilen-araba-aksesuarlari","10":"product_tag-polipropilen-bilesigi","11":"product_tag-polipropilen-ev-aletleri","12":"product_tag-pp-malzeme","14":"first","15":"instock","16":"shipping-taxable","17":"product-type-grouped"},"_links":{"self":[{"href":"https:\/\/karinapolymer.com\/tr\/wp-json\/wp\/v2\/product\/7188","targetHints":{"allow":["GET"]}}],"collection":[{"href":"https:\/\/karinapolymer.com\/tr\/wp-json\/wp\/v2\/product"}],"about":[{"href":"https:\/\/karinapolymer.com\/tr\/wp-json\/wp\/v2\/types\/product"}],"version-history":[{"count":0,"href":"https:\/\/karinapolymer.com\/tr\/wp-json\/wp\/v2\/product\/7188\/revisions"}],"wp:featuredmedia":[{"embeddable":true,"href":"https:\/\/karinapolymer.com\/tr\/wp-json\/wp\/v2\/media\/7189"}],"wp:attachment":[{"href":"https:\/\/karinapolymer.com\/tr\/wp-json\/wp\/v2\/media?parent=7188"}],"wp:term":[{"taxonomy":"product_brand","embeddable":true,"href":"https:\/\/karinapolymer.com\/tr\/wp-json\/wp\/v2\/product_brand?post=7188"},{"taxonomy":"product_cat","embeddable":true,"href":"https:\/\/karinapolymer.com\/tr\/wp-json\/wp\/v2\/product_cat?post=7188"},{"taxonomy":"product_tag","embeddable":true,"href":"https:\/\/karinapolymer.com\/tr\/wp-json\/wp\/v2\/product_tag?post=7188"}],"curies":[{"name":"wp","href":"https:\/\/api.w.org\/{rel}","templated":true}]}}