{"id":7193,"date":"2017-06-14T08:55:23","date_gmt":"2017-06-14T08:55:23","guid":{"rendered":"https:\/\/karinapolymer.com\/product\/polipropilen-bilesigi-homopolimer-kr-l1\/"},"modified":"2024-08-16T16:03:28","modified_gmt":"2024-08-16T16:03:28","slug":"polipropilen-bilesigi-homopolimer-kr-l1","status":"publish","type":"product","link":"https:\/\/karinapolymer.com\/tr\/urun\/polipropilen-bilesigi-homopolimer-kr-l1\/","title":{"rendered":"Polipropilen bile\u015fi\u011fi (homopolimer) KR-L1"},"content":{"rendered":"\t\t<div data-elementor-type=\"wp-post\" data-elementor-id=\"7193\" class=\"elementor elementor-7193 elementor-51\" data-elementor-post-type=\"product\">\n\t\t\t\t\t\t<section class=\"elementor-section elementor-top-section elementor-element elementor-element-5906960 elementor-section-content-middle elementor-section-boxed elementor-section-height-default elementor-section-height-default\" data-id=\"5906960\" data-element_type=\"section\" data-e-type=\"section\">\n\t\t\t\t\t\t<div class=\"elementor-container elementor-column-gap-default\">\n\t\t\t\t\t<div class=\"elementor-column elementor-col-50 elementor-top-column elementor-element elementor-element-9465087\" data-id=\"9465087\" data-element_type=\"column\" data-e-type=\"column\">\n\t\t\t<div class=\"elementor-widget-wrap elementor-element-populated\">\n\t\t\t\t\t\t<div class=\"elementor-element elementor-element-aca025a elementor-widget elementor-widget-image\" data-id=\"aca025a\" data-element_type=\"widget\" data-e-type=\"widget\" data-widget_type=\"image.default\">\n\t\t\t\t\t\t\t\t\t\t\t\t\t\t\t<img loading=\"lazy\" decoding=\"async\" width=\"538\" height=\"362\" src=\"https:\/\/karinapolymer.com\/wp-content\/uploads\/2024\/01\/compoundcolor.jpg\" class=\"attachment-large size-large wp-image-7191\" alt=\"\" srcset=\"https:\/\/karinapolymer.com\/wp-content\/uploads\/2024\/01\/compoundcolor.jpg 538w, https:\/\/karinapolymer.com\/wp-content\/uploads\/2024\/01\/compoundcolor-300x202.jpg 300w, https:\/\/karinapolymer.com\/wp-content\/uploads\/2024\/01\/compoundcolor-150x101.jpg 150w\" sizes=\"auto, (max-width: 538px) 100vw, 538px\" \/>\t\t\t\t\t\t\t\t\t\t\t\t\t\t\t<\/div>\n\t\t\t\t\t<\/div>\n\t\t<\/div>\n\t\t\t\t<div class=\"elementor-column elementor-col-50 elementor-top-column elementor-element elementor-element-6318546 text-center\" data-id=\"6318546\" data-element_type=\"column\" data-e-type=\"column\">\n\t\t\t<div class=\"elementor-widget-wrap elementor-element-populated\">\n\t\t\t\t\t\t<div class=\"elementor-element elementor-element-497708 wd-width-100 elementor-widget elementor-widget-wd_title\" data-id=\"497708\" data-element_type=\"widget\" data-e-type=\"widget\" data-widget_type=\"wd_title.default\">\n\t\t\t\t<div class=\"elementor-widget-container\">\n\t\t\t\t\t\t\t<div class=\"title-wrapper wd-set-mb reset-last-child wd-title-color-default wd-title-style-default wd-title-size-extra-large text-right\">\n\n\t\t\t\n\t\t\t<div class=\"liner-continer\">\n\t\t\t\t<h4 class=\"woodmart-title-container title wd-fontsize-xxxl\"><\/h4> \n\t\t\t\t\t\t\t<\/div>\n\n\t\t\t\t\t\t\t<div class=\"title-after_title reset-last-child wd-fontsize-s\">\n\t\t\t\t\t<h3>Polipropilen uygulamas\u0131<\/h3><p>Konut i\u00e7in uygun<\/p><p>cam silece\u011fi<\/p><p>Ah\u015fap tutkal\u0131 \u00fcretimi<\/p><p>Enjeksiyon kal\u0131plama<\/p><p>Her t\u00fcrl\u00fc k\u0131yafet<\/p><p>paketler<\/p><p>Elyaf \u00fcretimi<\/p><p>Tekstil<\/p><p>film<\/p><h3>Polipropilen boya<\/h3><p>beyaz<\/p><p>sar\u0131<\/p><p>bardak<\/p><p>\u00e7ivit mavisi<\/p>\t\t\t\t<\/div>\n\t\t\t\t\t<\/div>\n\t\t\t\t\t\t<\/div>\n\t\t\t\t<\/div>\n\t\t\t\t\t<\/div>\n\t\t<\/div>\n\t\t\t\t\t<\/div>\n\t\t<\/section>\n\t\t\t\t<\/div>\n\t\t","protected":false},"excerpt":{"rendered":"<p>Tan\u0131m: Polipropilen bile\u015fi\u011fi veya homopolimer bile\u015fi\u011fi, ambalaj par\u00e7alar\u0131 ile kozmetik ve plastik \u00fcr\u00fcnlerin enjeksiyonu i\u00e7in uygundur M\u00fckemmel kalitede ulusal ve uluslararas\u0131 standartlara sahip &nbsp;<strong>polipropilen bile\u015fi\u011fi<\/strong>, Karina Polymer Company&#8217;de \u00fcretilmekte olup, \u00fcr\u00fcnlere g\u00f6re \u00f6zel bir veri sayfas\u0131nda sipari\u015f edilebilir. plastik par\u00e7alar \u00fcretilmektedir.<\/p>\n","protected":false},"featured_media":7189,"template":"","meta":[],"product_brand":[],"product_cat":[130],"product_tag":[338,328,362,332,339,336],"class_list":{"0":"post-7193","1":"product","2":"type-product","3":"status-publish","4":"has-post-thumbnail","6":"product_cat-polipropilen-bilesigi","7":"product_tag-polipropilen","8":"product_tag-polipropilen-bilesigi","9":"product_tag-polipropilen-homopolimer-bilesigi","10":"product_tag-polipropilen-uretimi","11":"product_tag-pp-malzeme-tr","12":"product_tag-pp-malzeme","14":"first","15":"instock","16":"shipping-taxable","17":"product-type-grouped"},"_links":{"self":[{"href":"https:\/\/karinapolymer.com\/tr\/wp-json\/wp\/v2\/product\/7193","targetHints":{"allow":["GET"]}}],"collection":[{"href":"https:\/\/karinapolymer.com\/tr\/wp-json\/wp\/v2\/product"}],"about":[{"href":"https:\/\/karinapolymer.com\/tr\/wp-json\/wp\/v2\/types\/product"}],"version-history":[{"count":0,"href":"https:\/\/karinapolymer.com\/tr\/wp-json\/wp\/v2\/product\/7193\/revisions"}],"wp:featuredmedia":[{"embeddable":true,"href":"https:\/\/karinapolymer.com\/tr\/wp-json\/wp\/v2\/media\/7189"}],"wp:attachment":[{"href":"https:\/\/karinapolymer.com\/tr\/wp-json\/wp\/v2\/media?parent=7193"}],"wp:term":[{"taxonomy":"product_brand","embeddable":true,"href":"https:\/\/karinapolymer.com\/tr\/wp-json\/wp\/v2\/product_brand?post=7193"},{"taxonomy":"product_cat","embeddable":true,"href":"https:\/\/karinapolymer.com\/tr\/wp-json\/wp\/v2\/product_cat?post=7193"},{"taxonomy":"product_tag","embeddable":true,"href":"https:\/\/karinapolymer.com\/tr\/wp-json\/wp\/v2\/product_tag?post=7193"}],"curies":[{"name":"wp","href":"https:\/\/api.w.org\/{rel}","templated":true}]}}