{"id":7198,"date":"2023-08-24T11:46:32","date_gmt":"2023-08-24T11:46:32","guid":{"rendered":"https:\/\/karinapolymer.com\/product\/kr-crg3-ekstruzyon-sinifi-polipropilen-bilesigi\/"},"modified":"2024-08-16T16:17:09","modified_gmt":"2024-08-16T16:17:09","slug":"kr-crg3-ekstruzyon-sinifi-polipropilen-bilesigi","status":"publish","type":"product","link":"https:\/\/karinapolymer.com\/tr\/urun\/kr-crg3-ekstruzyon-sinifi-polipropilen-bilesigi\/","title":{"rendered":"KR-CRG3 ekstr\u00fczyon s\u0131n\u0131f\u0131 polipropilen bile\u015fi\u011fi"},"content":{"rendered":"\t\t<div data-elementor-type=\"wp-post\" data-elementor-id=\"7198\" class=\"elementor elementor-7198 elementor-2114\" data-elementor-post-type=\"product\">\n\t\t\t\t\t\t<section class=\"elementor-section elementor-top-section elementor-element elementor-element-5100889 elementor-section-boxed elementor-section-height-default elementor-section-height-default\" data-id=\"5100889\" data-element_type=\"section\" data-e-type=\"section\">\n\t\t\t\t\t\t<div class=\"elementor-container elementor-column-gap-default\">\n\t\t\t\t\t<div class=\"elementor-column elementor-col-100 elementor-top-column elementor-element elementor-element-1234230\" data-id=\"1234230\" data-element_type=\"column\" data-e-type=\"column\">\n\t\t\t<div class=\"elementor-widget-wrap elementor-element-populated\">\n\t\t\t\t\t\t<div class=\"elementor-element elementor-element-9303267 wd-width-100 elementor-widget elementor-widget-wd_title\" data-id=\"9303267\" data-element_type=\"widget\" data-e-type=\"widget\" data-widget_type=\"wd_title.default\">\n\t\t\t\t<div class=\"elementor-widget-container\">\n\t\t\t\t\t\t\t<div class=\"title-wrapper wd-set-mb reset-last-child wd-title-color-default wd-title-style-default wd-title-size-small text-left\">\n\n\t\t\t\n\t\t\t<div class=\"liner-continer\">\n\t\t\t\t<h4 class=\"woodmart-title-container title wd-fontsize-m\">Polypropylene applications<\/h4> \n\t\t\t\t\t\t\t<\/div>\n\n\t\t\t\t\t<\/div>\n\t\t\t\t\t\t<\/div>\n\t\t\t\t<\/div>\n\t\t\t\t\t<\/div>\n\t\t<\/div>\n\t\t\t\t\t<\/div>\n\t\t<\/section>\n\t\t\t\t<section class=\"elementor-section elementor-top-section elementor-element elementor-element-2452213 elementor-section-content-top elementor-section-boxed elementor-section-height-default elementor-section-height-default\" data-id=\"2452213\" data-element_type=\"section\" data-e-type=\"section\">\n\t\t\t\t\t\t<div class=\"elementor-container elementor-column-gap-default\">\n\t\t\t\t\t<div class=\"elementor-column elementor-col-50 elementor-top-column elementor-element elementor-element-1273395\" data-id=\"1273395\" data-element_type=\"column\" data-e-type=\"column\">\n\t\t\t<div class=\"elementor-widget-wrap elementor-element-populated\">\n\t\t\t\t\t\t<div class=\"elementor-element elementor-element-9891866 color-scheme-inherit text-left elementor-widget elementor-widget-text-editor\" data-id=\"9891866\" data-element_type=\"widget\" data-e-type=\"widget\" data-widget_type=\"text-editor.default\">\n\t\t\t\t\t\t\t\t\t<p style=\"text-align: right;\"><span style=\"color: #000000;\"><strong>Polipropilen uygulamalar\u0131:<\/strong><\/span><\/p>\n<ul>\n<li style=\"text-align: right;\"><span style=\"color: #000000;\">Spor malzemeleri<\/span><\/li>\n<li style=\"text-align: right;\"><span style=\"color: #000000;\">T\u00fcketim mallar\u0131<\/span><\/li>\n<li style=\"text-align: right;\"><span style=\"color: #000000;\">Oyuncak \u00fcretimi<\/span><\/li>\n<li style=\"text-align: right;\"><span style=\"color: #000000;\">T\u0131bbi malzeme<\/span><\/li>\n<li style=\"text-align: right;\"><span style=\"color: #000000;\">elektrikli ekipman<\/span><\/li>\n<li style=\"text-align: right;\"><span style=\"color: #000000;\">Plastik filmler<\/span><\/li>\n<li style=\"text-align: right;\"><span style=\"color: #000000;\">G\u0131da ambalaj kaplar\u0131<\/span><\/li>\n<li style=\"text-align: right;\"><span style=\"color: #000000;\">Ev Aletleri<\/span><\/li>\n<li style=\"text-align: right;\"><span style=\"color: #000000;\">Otomotiv end\u00fcstrisi<\/span><\/li>\n<\/ul>\n\t\t\t\t\t\t\t\t<\/div>\n\t\t\t\t\t<\/div>\n\t\t<\/div>\n\t\t\t\t<div class=\"elementor-column elementor-col-50 elementor-top-column elementor-element elementor-element-9438153\" data-id=\"9438153\" data-element_type=\"column\" data-e-type=\"column\">\n\t\t\t<div class=\"elementor-widget-wrap elementor-element-populated\">\n\t\t\t\t\t\t<div class=\"elementor-element elementor-element-d8bbe2f elementor-pagination-position-outside elementor-widget elementor-widget-image-carousel\" data-id=\"d8bbe2f\" data-element_type=\"widget\" data-e-type=\"widget\" data-settings=\"{&quot;slides_to_show&quot;:&quot;1&quot;,&quot;navigation&quot;:&quot;dots&quot;,&quot;autoplay&quot;:&quot;yes&quot;,&quot;pause_on_hover&quot;:&quot;yes&quot;,&quot;pause_on_interaction&quot;:&quot;yes&quot;,&quot;autoplay_speed&quot;:5000,&quot;infinite&quot;:&quot;yes&quot;,&quot;effect&quot;:&quot;slide&quot;,&quot;speed&quot;:500}\" data-widget_type=\"image-carousel.default\">\n\t\t\t\t\t\t\t<div class=\"elementor-image-carousel-wrapper swiper\" role=\"region\" aria-roledescription=\"carousel\" aria-label=\"Resim D\u00f6ng\u00fcs\u00fc\" dir=\"ltr\">\n\t\t\t<div class=\"elementor-image-carousel swiper-wrapper\" aria-live=\"off\">\n\t\t\t\t\t\t\t\t<div class=\"swiper-slide\" role=\"group\" aria-roledescription=\"slide\" aria-label=\"1 \/ 2\"><figure class=\"swiper-slide-inner\"><img decoding=\"async\" class=\"swiper-slide-image\" src=\"https:\/\/karinapolymer.com\/wp-content\/uploads\/2023\/08\/karina2.jpg\" alt=\"\u06a9\u0627\u0645\u067e\u0627\u0646\u062f \u067e\u0644\u06cc \u067e\u0631\u0648\u067e\u06cc\u0644\u0646 \u06af\u0631\u06cc\u062f \u0627\u06a9\u0633\u062a\u0631\u0648\u0698\u0646 KR-CRG3\" \/><\/figure><\/div><div class=\"swiper-slide\" role=\"group\" aria-roledescription=\"slide\" aria-label=\"2 \/ 2\"><figure class=\"swiper-slide-inner\"><img decoding=\"async\" class=\"swiper-slide-image\" src=\"https:\/\/karinapolymer.com\/wp-content\/uploads\/2023\/08\/karina1.jpg\" alt=\"\u06a9\u0627\u0645\u067e\u0627\u0646\u062f \u067e\u0644\u06cc \u067e\u0631\u0648\u067e\u06cc\u0644\u0646\" \/><\/figure><\/div>\t\t\t<\/div>\n\t\t\t\t\t\t\t\n\t\t\t\t\t\t\t\t\t<div class=\"swiper-pagination\"><\/div>\n\t\t\t\t\t\t\t\t\t<\/div>\n\t\t\t\t\t\t<\/div>\n\t\t\t\t\t<\/div>\n\t\t<\/div>\n\t\t\t\t\t<\/div>\n\t\t<\/section>\n\t\t\t\t<\/div>\n\t\t","protected":false},"excerpt":{"rendered":"<h3>Polipropilen bile\u015fi\u011finin \u00f6zellikleri:<\/h3>\n<p> \u2022 Geri d\u00f6n\u00fc\u015ft\u00fcr\u00fclebilir \u2022 Kabul edilebilir boyut do\u011frulu\u011fu \u2022 Kolay kal\u0131planabilir \u2022 Y\u00fcksek e\u011filme mukavemeti \u2022 Esnek \u2022 Elektrik yal\u0131t\u0131m\u0131 \u2022 \u00c7ok hafif \u2022 Y\u00fcksek s\u00fcrt\u00fcnme katsay\u0131s\u0131 \u2022 Darbe ve a\u015f\u0131nmaya dayan\u0131kl\u0131 \u2022 Her t\u00fcrl\u00fc \u00e7evresel strese dayan\u0131kl\u0131 \u2022 Polimer \u00c7e\u015fitleri ile ala\u015f\u0131m olarak kullan\u0131labilir \u2022 Nem emmeye ve donmaya kar\u015f\u0131 uygun diren\u00e7 \u2022 \u00c7ok y\u00f6nl\u00fc malzeme \u2022 \u00c7ok d\u00fc\u015f\u00fck erime viskozitesi sayesinde uygun ak\u0131\u015f \u2022 Kimyasallara kar\u015f\u0131 kabul edilebilir diren\u00e7 Karina Firmas\u0131 taraf\u0131ndan \u00f6zelle\u015ftirilmi\u015f veri sayfas\u0131 ile standart olarak SGS ihracat analizi taraf\u0131ndan onaylanm\u0131\u015f ekstr\u00fczyon s\u0131n\u0131f\u0131 polipropilen bile\u015fi\u011fi Polimer \u00fcretilmektedir.<\/p>\n","protected":false},"featured_media":7199,"template":"","meta":[],"product_brand":[],"product_cat":[109],"product_tag":[364,365,328,331,336,363],"class_list":{"0":"post-7198","1":"product","2":"type-product","3":"status-publish","4":"has-post-thumbnail","6":"product_cat-ekstruzyon-dereceli-polipropilen","7":"product_tag-ekstruzyon-dereceli-polipropilen","8":"product_tag-ekstruzyon-polipropilen","9":"product_tag-polipropilen-bilesigi","10":"product_tag-polipropilen-ureticisi","11":"product_tag-pp-malzeme","12":"product_tag-siyah-polipropilen-bilesigi","14":"first","15":"instock","16":"shipping-taxable","17":"product-type-simple"},"_links":{"self":[{"href":"https:\/\/karinapolymer.com\/tr\/wp-json\/wp\/v2\/product\/7198","targetHints":{"allow":["GET"]}}],"collection":[{"href":"https:\/\/karinapolymer.com\/tr\/wp-json\/wp\/v2\/product"}],"about":[{"href":"https:\/\/karinapolymer.com\/tr\/wp-json\/wp\/v2\/types\/product"}],"version-history":[{"count":0,"href":"https:\/\/karinapolymer.com\/tr\/wp-json\/wp\/v2\/product\/7198\/revisions"}],"wp:featuredmedia":[{"embeddable":true,"href":"https:\/\/karinapolymer.com\/tr\/wp-json\/wp\/v2\/media\/7199"}],"wp:attachment":[{"href":"https:\/\/karinapolymer.com\/tr\/wp-json\/wp\/v2\/media?parent=7198"}],"wp:term":[{"taxonomy":"product_brand","embeddable":true,"href":"https:\/\/karinapolymer.com\/tr\/wp-json\/wp\/v2\/product_brand?post=7198"},{"taxonomy":"product_cat","embeddable":true,"href":"https:\/\/karinapolymer.com\/tr\/wp-json\/wp\/v2\/product_cat?post=7198"},{"taxonomy":"product_tag","embeddable":true,"href":"https:\/\/karinapolymer.com\/tr\/wp-json\/wp\/v2\/product_tag?post=7198"}],"curies":[{"name":"wp","href":"https:\/\/api.w.org\/{rel}","templated":true}]}}