{"id":7207,"date":"2017-06-22T09:11:07","date_gmt":"2017-06-22T09:11:07","guid":{"rendered":"https:\/\/karinapolymer.com\/product\/bilesigi-kr-y3-abs\/"},"modified":"2024-08-16T16:35:39","modified_gmt":"2024-08-16T16:35:39","slug":"bilesigi-kr-y3-abs","status":"publish","type":"product","link":"https:\/\/karinapolymer.com\/tr\/urun\/bilesigi-kr-y3-abs\/","title":{"rendered":"bile\u015fi\u011fi KR-Y3 ABS"},"content":{"rendered":"\t\t<div data-elementor-type=\"wp-post\" data-elementor-id=\"7207\" class=\"elementor elementor-7207 elementor-370\" data-elementor-post-type=\"product\">\n\t\t\t\t\t\t<section class=\"elementor-section elementor-top-section elementor-element elementor-element-39211897 wd-section-stretch elementor-section-content-middle elementor-section-boxed elementor-section-height-default elementor-section-height-default\" data-id=\"39211897\" data-element_type=\"section\" data-e-type=\"section\" data-settings=\"{&quot;background_background&quot;:&quot;classic&quot;}\">\n\t\t\t\t\t\t<div class=\"elementor-container elementor-column-gap-default\">\n\t\t\t\t\t<div class=\"elementor-column elementor-col-50 elementor-top-column elementor-element elementor-element-3b34eb21 text-center\" data-id=\"3b34eb21\" data-element_type=\"column\" data-e-type=\"column\">\n\t\t\t<div class=\"elementor-widget-wrap elementor-element-populated\">\n\t\t\t\t\t\t<div class=\"elementor-element elementor-element-536df4bc wd-width-100 elementor-widget elementor-widget-wd_title\" data-id=\"536df4bc\" data-element_type=\"widget\" data-e-type=\"widget\" data-widget_type=\"wd_title.default\">\n\t\t\t\t<div class=\"elementor-widget-container\">\n\t\t\t\t\t\t\t<div class=\"title-wrapper wd-set-mb reset-last-child wd-title-color-default wd-title-style-default wd-title-size-medium text-right\">\n\n\t\t\t\n\t\t\t<div class=\"liner-continer\">\n\t\t\t\t<h4 class=\"woodmart-title-container title wd-fontsize-xl\">ABS bile\u015fi\u011finin uygulamalar\u0131: <\/h4> \n\t\t\t\t\t\t\t<\/div>\n\n\t\t\t\t\t\t\t<div class=\"title-after_title reset-last-child wd-fontsize-s\">\n\t\t\t\t\t<p>Plastik enjeksiyon sekt\u00f6r\u00fc<\/p><p>Bilgisayar par\u00e7alar\u0131 \u00fcretimi<\/p><p>Koruyucu kaplamalar\u0131n \u00fcretimi<\/p><p>Depolama ve tek kullan\u0131ml\u0131k kaplar<\/p><p>\u00c7e\u015fitli profillerin ekstr\u00fczyonu<\/p><p>Petrol ta\u015f\u0131ma borular\u0131<\/p><p>Elektrikli par\u00e7alar ve ba\u011flant\u0131 par\u00e7alar\u0131<\/p><p>Oto par\u00e7alar\u0131<\/p><p>Ev aletleri yapmak<\/p><p>T\u0131bbi malzeme<\/p>\t\t\t\t<\/div>\n\t\t\t\t\t<\/div>\n\t\t\t\t\t\t<\/div>\n\t\t\t\t<\/div>\n\t\t\t\t\t<\/div>\n\t\t<\/div>\n\t\t\t\t<div class=\"elementor-column elementor-col-50 elementor-top-column elementor-element elementor-element-41838d6f\" data-id=\"41838d6f\" data-element_type=\"column\" data-e-type=\"column\">\n\t\t\t<div class=\"elementor-widget-wrap elementor-element-populated\">\n\t\t\t\t\t\t<div class=\"elementor-element elementor-element-1eb2f1b7 wd-width-100 elementor-widget elementor-widget-wd_images_gallery\" data-id=\"1eb2f1b7\" data-element_type=\"widget\" data-e-type=\"widget\" data-widget_type=\"wd_images_gallery.default\">\n\t\t\t\t<div class=\"elementor-widget-container\">\n\t\t\t\t\t\t\t<div class=\"wd-images-gallery photoswipe-images\" style=\"--wd-align-items:center; --wd-justify-content:center;\">\n\t\t\t\t\t\t<div class=\"wd-grid-g\" style=\"--wd-col-lg:2;--wd-col-md:2;--wd-col-sm:1;--wd-gap-lg:0px;\" >\n\t\t\t\t\t\t\t\t\t\t\t\t\t\t\t\t\t\t<div class=\"wd-gallery-item wd-col\">\n\t\t\t\t\t\t\t\t\t\t\t\t\t<a  href=\"https:\/\/karinapolymer.com\/wp-content\/uploads\/2023\/08\/PE-compound66.jpg\" data-width=\"600\" data-height=\"600\" data-index=\"1\" data-elementor-open-lightbox=\"no\">\n\t\t\t\t\t\t\n\t\t\t\t\t\t<img loading=\"lazy\" decoding=\"async\" width=\"600\" height=\"600\" src=\"https:\/\/karinapolymer.com\/wp-content\/uploads\/2023\/08\/PE-compound66.jpg\" class=\"attachment-full size-full\" alt=\"\u06a9\u0627\u0645\u067e\u0627\u0646\u062fKR-Y3 ABS\" srcset=\"https:\/\/karinapolymer.com\/wp-content\/uploads\/2023\/08\/PE-compound66.jpg 600w, https:\/\/karinapolymer.com\/wp-content\/uploads\/2023\/08\/PE-compound66-300x300.jpg 300w, https:\/\/karinapolymer.com\/wp-content\/uploads\/2023\/08\/PE-compound66-150x150.jpg 150w\" sizes=\"auto, (max-width: 600px) 100vw, 600px\" \/>\n\t\t\t\t\t\t\t\t\t\t\t\t\t<\/a>\n\t\t\t\t\t\t\t\t\t\t\t<\/div>\n\t\t\t\t\t\t\t\t\t\t\t\t\t<\/div>\n\t\t\t\t\t<\/div>\n\t\t\t\t\t\t<\/div>\n\t\t\t\t<\/div>\n\t\t\t\t\t<\/div>\n\t\t<\/div>\n\t\t\t\t\t<\/div>\n\t\t<\/section>\n\t\t\t\t<\/div>\n\t\t","protected":false},"excerpt":{"rendered":"<h3>ABS bile\u015fi\u011finin \u00f6zellikleri<\/h3>\n<p> \u2022 Y\u00fcksek plastisite \u2022 Dielektrik \u00f6zellik \u2022 \u0130yi \u00e7ekme mukavemeti \u2022 Kimyasal reaksiyonlara kar\u015f\u0131 kabul edilebilir diren\u00e7 \u2022 \u0130\u015flenebilirlik \u2022 Y\u00fcksek \u0131s\u0131 direnci \u2022 Darbe, a\u015f\u0131nma ve \u00e7izilmeye kar\u015f\u0131 dayan\u0131kl\u0131 \u2022 \u00c7ok sert y\u00fczey i\u00e7erir \u2022 Uygun fiyat \u2022 \u015eeffaf ve Parlak \u2022 Di\u011fer polimerlerle kombine edilebilir \u2022 \u0130yi i\u015flenebilirlik Uluslararas\u0131 standartta ve m\u00fckemmel kalitede <strong>ABS bile\u015fi\u011fi<\/strong> Karina Polymer firmas\u0131nda \u00fcretilmekte olup, sipari\u015f edilmesi durumunda plastik \u00fcr\u00fcn ve par\u00e7alara uygun \u00f6zel bilgi formu halinde \u00fcretilmektedir.<\/p>\n","protected":false},"featured_media":7208,"template":"","meta":[],"product_brand":[],"product_cat":[119],"product_tag":[368,121,367,120,369],"class_list":{"0":"post-7207","1":"product","2":"type-product","3":"status-publish","4":"has-post-thumbnail","6":"product_cat-abs-plastik","7":"product_tag-abs-bilesigi-tr","8":"product_tag-abs-bilesigi","9":"product_tag-abs-bilesigi-satin-alin","10":"product_tag-abs-compound-tr","11":"product_tag-abs-malzemesi","13":"first","14":"instock","15":"shipping-taxable","16":"product-type-grouped"},"_links":{"self":[{"href":"https:\/\/karinapolymer.com\/tr\/wp-json\/wp\/v2\/product\/7207","targetHints":{"allow":["GET"]}}],"collection":[{"href":"https:\/\/karinapolymer.com\/tr\/wp-json\/wp\/v2\/product"}],"about":[{"href":"https:\/\/karinapolymer.com\/tr\/wp-json\/wp\/v2\/types\/product"}],"version-history":[{"count":0,"href":"https:\/\/karinapolymer.com\/tr\/wp-json\/wp\/v2\/product\/7207\/revisions"}],"wp:featuredmedia":[{"embeddable":true,"href":"https:\/\/karinapolymer.com\/tr\/wp-json\/wp\/v2\/media\/7208"}],"wp:attachment":[{"href":"https:\/\/karinapolymer.com\/tr\/wp-json\/wp\/v2\/media?parent=7207"}],"wp:term":[{"taxonomy":"product_brand","embeddable":true,"href":"https:\/\/karinapolymer.com\/tr\/wp-json\/wp\/v2\/product_brand?post=7207"},{"taxonomy":"product_cat","embeddable":true,"href":"https:\/\/karinapolymer.com\/tr\/wp-json\/wp\/v2\/product_cat?post=7207"},{"taxonomy":"product_tag","embeddable":true,"href":"https:\/\/karinapolymer.com\/tr\/wp-json\/wp\/v2\/product_tag?post=7207"}],"curies":[{"name":"wp","href":"https:\/\/api.w.org\/{rel}","templated":true}]}}