{"id":7213,"date":"2024-08-16T10:49:45","date_gmt":"2024-08-16T10:49:45","guid":{"rendered":"https:\/\/karinapolymer.com\/product\/rafya-sinifi-polipropilen-bilesigi-tekstil-kr-rf300\/"},"modified":"2024-08-16T16:35:39","modified_gmt":"2024-08-16T16:35:39","slug":"rafya-sinifi-polipropilen-bilesigi-tekstil-kr-rf300","status":"publish","type":"product","link":"https:\/\/karinapolymer.com\/tr\/urun\/rafya-sinifi-polipropilen-bilesigi-tekstil-kr-rf300\/","title":{"rendered":"Rafya s\u0131n\u0131f\u0131 polipropilen bile\u015fi\u011fi (tekstil) KR-RF300"},"content":{"rendered":"\t\t<div data-elementor-type=\"wp-post\" data-elementor-id=\"7213\" class=\"elementor elementor-7213 elementor-7088\" data-elementor-post-type=\"product\">\n\t\t\t\t\t\t<section class=\"elementor-section elementor-top-section elementor-element elementor-element-3706514 elementor-section-content-top elementor-section-boxed elementor-section-height-default elementor-section-height-default\" data-id=\"3706514\" data-element_type=\"section\" data-e-type=\"section\">\n\t\t\t\t\t\t<div class=\"elementor-container elementor-column-gap-default\">\n\t\t\t\t\t<div class=\"elementor-column elementor-col-50 elementor-top-column elementor-element elementor-element-9530970\" data-id=\"9530970\" data-element_type=\"column\" data-e-type=\"column\">\n\t\t\t<div class=\"elementor-widget-wrap elementor-element-populated\">\n\t\t\t\t\t\t<div class=\"elementor-element elementor-element-8721110 wd-width-100 elementor-widget elementor-widget-wd_title\" data-id=\"8721110\" data-element_type=\"widget\" data-e-type=\"widget\" data-widget_type=\"wd_title.default\">\n\t\t\t\t<div class=\"elementor-widget-container\">\n\t\t\t\t\t\t\t<div class=\"title-wrapper wd-set-mb reset-last-child wd-title-color-default wd-title-style-default wd-title-size-default text-right\">\n\n\t\t\t\n\t\t\t<div class=\"liner-continer\">\n\t\t\t\t<h4 class=\"woodmart-title-container title wd-fontsize-l\">Rafya s\u0131n\u0131f\u0131 bile\u015fi\u011fin uygulanmas\u0131:<\/h4> \n\t\t\t\t\t\t\t<\/div>\n\n\t\t\t\t\t<\/div>\n\t\t\t\t\t\t<\/div>\n\t\t\t\t<\/div>\n\t\t\t\t<div class=\"elementor-element elementor-element-5311416 color-scheme-inherit text-left elementor-widget elementor-widget-text-editor\" data-id=\"5311416\" data-element_type=\"widget\" data-e-type=\"widget\" data-widget_type=\"text-editor.default\">\n\t\t\t\t\t\t\t\t\t<p style=\"text-align: right;\">Tekstil \u00fcr\u00fcnlerinin \u00fcretimine uygun tekstil s\u0131n\u0131f\u0131 bile\u015fikler:<\/p>\n<ul>\n<li style=\"text-align: right;\">Tekstil elyaflar\u0131<\/li>\n<li style=\"text-align: right;\">Hal\u0131lar ve kilimler<\/li>\n<li style=\"text-align: right;\">\u00e7uval \u00fcretimi<\/li>\n<li style=\"text-align: right;\">Jumbo \u00c7anta<\/li>\n<li style=\"text-align: right;\">\u0130plik \u00fcretimi<\/li>\n<li style=\"text-align: right;\">Hal\u0131 \u00fcretimi<\/li>\n<li style=\"text-align: right;\">Dokusuz \u00fcretim<\/li>\n<\/ul>\n<p style=\"text-align: right;\"><strong>Sipari\u015f miktar\u0131:<\/strong><br \/>Her par\u00e7a 1 tondur<\/p>\n\t\t\t\t\t\t\t\t<\/div>\n\t\t\t\t\t<\/div>\n\t\t<\/div>\n\t\t\t\t<div class=\"elementor-column elementor-col-50 elementor-top-column elementor-element elementor-element-3895673\" data-id=\"3895673\" data-element_type=\"column\" data-e-type=\"column\">\n\t\t\t<div class=\"elementor-widget-wrap elementor-element-populated\">\n\t\t\t\t\t\t<div class=\"elementor-element elementor-element-2771311 elementor-widget elementor-widget-image\" data-id=\"2771311\" data-element_type=\"widget\" data-e-type=\"widget\" data-widget_type=\"image.default\">\n\t\t\t\t\t\t\t\t\t\t\t\t\t\t\t<img loading=\"lazy\" decoding=\"async\" width=\"500\" height=\"500\" src=\"https:\/\/karinapolymer.com\/wp-content\/uploads\/2024\/08\/kave\u0627\u0627r.jpg\" class=\"attachment-full size-full wp-image-7106\" alt=\"\" srcset=\"https:\/\/karinapolymer.com\/wp-content\/uploads\/2024\/08\/kave\u0627\u0627r.jpg 500w, https:\/\/karinapolymer.com\/wp-content\/uploads\/2024\/08\/kave\u0627\u0627r-300x300.jpg 300w, https:\/\/karinapolymer.com\/wp-content\/uploads\/2024\/08\/kave\u0627\u0627r-150x150.jpg 150w\" sizes=\"auto, (max-width: 500px) 100vw, 500px\" \/>\t\t\t\t\t\t\t\t\t\t\t\t\t\t\t<\/div>\n\t\t\t\t\t<\/div>\n\t\t<\/div>\n\t\t\t\t\t<\/div>\n\t\t<\/section>\n\t\t\t\t<section class=\"elementor-section elementor-top-section elementor-element elementor-element-9959dca elementor-section-content-top elementor-section-boxed elementor-section-height-default elementor-section-height-default\" data-id=\"9959dca\" data-element_type=\"section\" data-e-type=\"section\">\n\t\t\t\t\t\t<div class=\"elementor-container elementor-column-gap-default\">\n\t\t\t\t\t<div class=\"elementor-column elementor-col-50 elementor-top-column elementor-element elementor-element-85d3e84\" data-id=\"85d3e84\" data-element_type=\"column\" data-e-type=\"column\">\n\t\t\t<div class=\"elementor-widget-wrap elementor-element-populated\">\n\t\t\t\t\t\t<div class=\"elementor-element elementor-element-b89b7b7 elementor-widget elementor-widget-image\" data-id=\"b89b7b7\" data-element_type=\"widget\" data-e-type=\"widget\" data-widget_type=\"image.default\">\n\t\t\t\t\t\t\t\t\t\t\t\t\t\t\t<img loading=\"lazy\" decoding=\"async\" width=\"500\" height=\"500\" src=\"https:\/\/karinapolymer.com\/wp-content\/uploads\/2024\/08\/polyester.jpg\" class=\"attachment-full size-full wp-image-7111\" alt=\"\" srcset=\"https:\/\/karinapolymer.com\/wp-content\/uploads\/2024\/08\/polyester.jpg 500w, https:\/\/karinapolymer.com\/wp-content\/uploads\/2024\/08\/polyester-300x300.jpg 300w, https:\/\/karinapolymer.com\/wp-content\/uploads\/2024\/08\/polyester-150x150.jpg 150w\" sizes=\"auto, (max-width: 500px) 100vw, 500px\" \/>\t\t\t\t\t\t\t\t\t\t\t\t\t\t\t<\/div>\n\t\t\t\t\t<\/div>\n\t\t<\/div>\n\t\t\t\t<div class=\"elementor-column elementor-col-50 elementor-top-column elementor-element elementor-element-d52481d\" data-id=\"d52481d\" data-element_type=\"column\" data-e-type=\"column\">\n\t\t\t<div class=\"elementor-widget-wrap elementor-element-populated\">\n\t\t\t\t\t\t<div class=\"elementor-element elementor-element-5997911 color-scheme-inherit text-left elementor-widget elementor-widget-text-editor\" data-id=\"5997911\" data-element_type=\"widget\" data-e-type=\"widget\" data-widget_type=\"text-editor.default\">\n\t\t\t\t\t\t\t\t\t<h3 style=\"text-align: right;\">Tekstil s\u0131n\u0131f\u0131 polipropilen hakk\u0131nda:<\/h3>\n<ul>\n<li style=\"text-align: right;\">Kolay enjeksiyon<\/li>\n<li style=\"text-align: right;\">H\u0131zl\u0131 entegrasyon<\/li>\n<li style=\"text-align: right;\">\u00dcr\u00fcn b\u00fct\u00fcnl\u00fc\u011f\u00fc<\/li>\n<li style=\"text-align: right;\">Bir standard\u0131 var<\/li>\n<li style=\"text-align: right;\">C30S&#8217;nin yerini al\u0131r<\/li>\n<\/ul>\n\t\t\t\t\t\t\t\t<\/div>\n\t\t\t\t\t<\/div>\n\t\t<\/div>\n\t\t\t\t\t<\/div>\n\t\t<\/section>\n\t\t\t\t<\/div>\n\t\t","protected":false},"excerpt":{"rendered":"<p>Rafya s\u0131n\u0131f\u0131, enjeksiyonla kal\u0131planm\u0131\u015f tekstiller ve \u00f6zellikle dokuma torbalar ve hal\u0131 elyaflar\u0131 olmak \u00fczere plastik elyaflar\u0131n \u00fcretiminde kullan\u0131labilen bir polipropilen alt k\u00fcmesidir. <strong>Tekstil bile\u015fi\u011fi malzemelerinin \u00f6zellikleri:<\/strong><\/p>\n<ul>\n<li>\u00e7ok yumu\u015fak<\/li>\n<li>Tekstilde uygulama<\/li>\n<li>Enjekte edilebilir<\/li>\n<li>Kimyasallara kar\u015f\u0131 dayan\u0131kl\u0131<\/li>\n<li>H\u0131zl\u0131 enjeksiyon<\/li>\n<li>S\u0131cakl\u0131k direnci<\/li>\n<li>Y\u00fcksek \u00e7ekme mukavemeti<\/li>\n<\/ul>\n<p> Polipropilen rafya bile\u015fi\u011fi veya tekstil bile\u015fi\u011fi, Karina Polimer \u00fcretim \u015firketinde ulusal standart ve SGS ihracat analiz standard\u0131na g\u00f6re \u00fcretilmektedir.<\/p>\n","protected":false},"featured_media":7096,"template":"","meta":[],"product_brand":[],"product_cat":[130],"product_tag":[372,371,370,373],"class_list":{"0":"post-7213","1":"product","2":"type-product","3":"status-publish","4":"has-post-thumbnail","6":"product_cat-polipropilen-bilesigi","7":"product_tag-rafya-dereceli-bilesik","8":"product_tag-rafya-dereceli-polipropilen","9":"product_tag-tekstil-bilesigi","10":"product_tag-tekstil-polipropilen","12":"first","13":"instock","14":"shipping-taxable","15":"product-type-grouped"},"_links":{"self":[{"href":"https:\/\/karinapolymer.com\/tr\/wp-json\/wp\/v2\/product\/7213","targetHints":{"allow":["GET"]}}],"collection":[{"href":"https:\/\/karinapolymer.com\/tr\/wp-json\/wp\/v2\/product"}],"about":[{"href":"https:\/\/karinapolymer.com\/tr\/wp-json\/wp\/v2\/types\/product"}],"version-history":[{"count":0,"href":"https:\/\/karinapolymer.com\/tr\/wp-json\/wp\/v2\/product\/7213\/revisions"}],"wp:featuredmedia":[{"embeddable":true,"href":"https:\/\/karinapolymer.com\/tr\/wp-json\/wp\/v2\/media\/7096"}],"wp:attachment":[{"href":"https:\/\/karinapolymer.com\/tr\/wp-json\/wp\/v2\/media?parent=7213"}],"wp:term":[{"taxonomy":"product_brand","embeddable":true,"href":"https:\/\/karinapolymer.com\/tr\/wp-json\/wp\/v2\/product_brand?post=7213"},{"taxonomy":"product_cat","embeddable":true,"href":"https:\/\/karinapolymer.com\/tr\/wp-json\/wp\/v2\/product_cat?post=7213"},{"taxonomy":"product_tag","embeddable":true,"href":"https:\/\/karinapolymer.com\/tr\/wp-json\/wp\/v2\/product_tag?post=7213"}],"curies":[{"name":"wp","href":"https:\/\/api.w.org\/{rel}","templated":true}]}}