{"id":9138,"date":"2025-02-26T13:35:34","date_gmt":"2025-02-26T14:35:34","guid":{"rendered":"https:\/\/karinapolymer.com\/?post_type=product&#038;p=9138"},"modified":"2025-03-04T11:57:58","modified_gmt":"2025-03-04T12:57:58","slug":"genel-polistiren-bilesik-gpps-1540","status":"publish","type":"product","link":"https:\/\/karinapolymer.com\/tr\/urun\/genel-polistiren-bilesik-gpps-1540\/","title":{"rendered":"Genel Polistiren Bile\u015fik GPPS 1540"},"content":{"rendered":"\t\t<div data-elementor-type=\"product-post\" data-elementor-id=\"9138\" class=\"elementor elementor-9138 elementor-9134\" data-elementor-post-type=\"product\">\n\t\t\t\t\t\t<section class=\"elementor-section elementor-top-section elementor-element elementor-element-3706514 elementor-section-content-top elementor-section-boxed elementor-section-height-default elementor-section-height-default\" data-id=\"3706514\" data-element_type=\"section\" data-e-type=\"section\">\n\t\t\t\t\t\t<div class=\"elementor-container elementor-column-gap-default\">\n\t\t\t\t\t<div class=\"elementor-column elementor-col-50 elementor-top-column elementor-element elementor-element-9530970\" data-id=\"9530970\" data-element_type=\"column\" data-e-type=\"column\">\n\t\t\t<div class=\"elementor-widget-wrap elementor-element-populated\">\n\t\t\t\t\t\t<div class=\"elementor-element elementor-element-8721110 wd-width-100 elementor-widget elementor-widget-wd_title\" data-id=\"8721110\" data-element_type=\"widget\" data-e-type=\"widget\" data-widget_type=\"wd_title.default\">\n\t\t\t\t<div class=\"elementor-widget-container\">\n\t\t\t\t\t\t\t<div class=\"title-wrapper wd-set-mb reset-last-child wd-title-color-default wd-title-style-default wd-title-size-default text-right\">\n\n\t\t\t\n\t\t\t<div class=\"liner-continer\">\n\t\t\t\t<h4 class=\"woodmart-title-container title wd-fontsize-l\">Genel Polistiren Bile\u015fi\u011fi 1540'\u0131n Uygulamas\u0131<\/h4> \n\t\t\t\t\t\t\t<\/div>\n\n\t\t\t\t\t<\/div>\n\t\t\t\t\t\t<\/div>\n\t\t\t\t<\/div>\n\t\t\t\t<div class=\"elementor-element elementor-element-5311416 color-scheme-inherit text-left elementor-widget elementor-widget-text-editor\" data-id=\"5311416\" data-element_type=\"widget\" data-e-type=\"widget\" data-widget_type=\"text-editor.default\">\n\t\t\t\t\t\t\t\t\t<p style=\"text-align: justify;\"><span style=\"color: #000000;\">Genel s\u0131n\u0131f polistiren bile\u015fi\u011fi GPPS 1540 en yayg\u0131n kullan\u0131lan bile\u015fik \u00fcr\u00fcnlerinden biri olarak kabul edilir. Polistiren bile\u015fi\u011fi 1540 genel bir s\u0131n\u0131ft\u0131r ve \u00e7e\u015fitli end\u00fcstrilerde en iyi \u015fekilde kullan\u0131labilir. Y\u00fcksek \u0131s\u0131 direncine sahiptir ve y\u00fcksek s\u0131cakl\u0131k ortamlar\u0131na dayan\u0131kl\u0131d\u0131r. Polistiren 1540&#8217;\u0131n olumlu \u00f6zelli\u011fi elektrik ak\u0131m\u0131na kar\u015f\u0131 yal\u0131tkan olmas\u0131, yani elektri\u011fi iletmemesi ve anti-statik olmas\u0131d\u0131r. General Polistiren Bile\u015fik 1540\u2019\u0131n avantajlar\u0131ndan biri de y\u00fcksek darbe dayan\u0131m\u0131na sahip olmas\u0131 ve bu nedenle darbe an\u0131nda \u00e7atlamamas\u0131d\u0131r.   <\/span><\/p>\n<p style=\"text-align: justify;\"><span style=\"color: #000000;\">Genel polistiren 1540&#8217;\u0131n ba\u015fl\u0131ca uygulamalar\u0131 \u015funlard\u0131r:<\/span><\/p>\n<ul>\n<li style=\"text-align: right;\"><span style=\"color: #000000;\"><strong>Ambalajlamada uygulama<\/strong><\/span><\/li>\n<\/ul>\n<p style=\"text-align: justify;\"><span style=\"color: #000000;\">\u015eeffaf tek kullan\u0131ml\u0131k bardaklar, kapaklar, salata kaseleri ve tepsiler gibi yemek gere\u00e7leri. <\/span><br \/><span style=\"color: #000000;\">T\u00fcketim mallar\u0131 ambalajlar\u0131: kozmetik, oyuncak veya k\u0131rtasiye malzemeleri i\u00e7in blister ambalajlar, kapakl\u0131 ambalajlar ve te\u015fhir kutular\u0131, CD\/DVD kutular\u0131 ve \u015feffaf koruyucu kapaklar.  <\/span><\/p>\n<ul>\n<li style=\"text-align: right;\"><span style=\"color: #000000;\"><strong>T\u00fcketim mallar\u0131n\u0131n \u00fcretimi<\/strong><\/span><\/li>\n<\/ul>\n<p style=\"text-align: justify;\"><span style=\"color: #000000;\">Tek kullan\u0131ml\u0131k \u00e7atal, ka\u015f\u0131k, b\u0131\u00e7ak gibi tek kullan\u0131ml\u0131k sofra gere\u00e7lerinin \u00fcretiminde. <\/span><br \/><span style=\"color: #000000;\">\u015eeffaf saklama kutular\u0131, ask\u0131lar veya buzdolab\u0131 par\u00e7alar\u0131 gibi ev e\u015fyalar\u0131. <\/span><br \/><span style=\"color: #000000;\">Lego par\u00e7alar\u0131 veya montaj modelleri gibi hassas olmayan par\u00e7alara sahip oyuncaklar.<\/span><\/p>\n<ul>\n<li style=\"text-align: right;\"><span style=\"color: #000000;\"><strong>Elektronik end\u00fcstrileri<\/strong><\/span><\/li>\n<\/ul>\n<p style=\"text-align: justify;\"><span style=\"color: #000000;\">Optik \u015feffafl\u0131\u011f\u0131 nedeniyle lamba kapaklar\u0131 veya dif\u00fcz\u00f6rler gibi ayd\u0131nlatma aksesuarlar\u0131. <\/span><br \/><span style=\"color: #000000;\">\u015eeffaf d\u00fc\u011fme kapaklar\u0131, pil b\u00f6lmeleri veya k\u00fc\u00e7\u00fck elektronik kasalar gibi cihaz muhafazalar\u0131.<\/span><\/p>\n<ul>\n<li style=\"text-align: right;\"><strong><span style=\"color: #000000;\">T\u0131bbi veya sa\u011fl\u0131k<\/span><\/strong><\/li>\n<\/ul>\n<p style=\"text-align: justify;\"><span style=\"color: #000000;\">Petri kaplar\u0131, test t\u00fcpleri veya numune kaplar\u0131 (implante edilemeyen ve tek kullan\u0131ml\u0131k) gibi laboratuvar ekipmanlar\u0131n\u0131n \u00fcretiminde. <\/span><br \/><span style=\"color: #000000;\">T\u0131bbi cihazlar i\u00e7in \u015feffaf par\u00e7alar gibi te\u015fhis ekipmanlar\u0131n\u0131n \u00fcretiminde genel polistiren 1540.<\/span><\/p>\n<ul>\n<li style=\"text-align: right;\"><span style=\"color: #000000;\"><strong>End\u00fcstriyel uygulamalar<\/strong><\/span><\/li>\n<\/ul>\n<p style=\"text-align: justify;\"><span style=\"color: #000000;\">\u00dcretim s\u00fcreci s\u0131ras\u0131nda y\u00fczeyleri ge\u00e7ici olarak koruyan koruyucu filmler \u00fcretmek i\u00e7in genel ama\u00e7l\u0131 polistiren bile\u015fi\u011fi 1540 kullan\u0131n. <\/span><br \/><span style=\"color: #000000;\">Ayr\u0131ca tabela ve te\u015fhirlerde kullan\u0131lmak \u00fczere ekstr\u00fcde edilmi\u015f levhalar.<\/span><\/p>\n<ul>\n<li style=\"text-align: right;\"><strong><span style=\"color: #000000;\">\u00dcretim s\u00fcre\u00e7lerinde uygulama<\/span><\/strong><\/li>\n<\/ul>\n<p style=\"text-align: justify;\"><span style=\"color: #000000;\">Karma\u015f\u0131k \u015fekilli par\u00e7alar\u0131n seri \u00fcretimi i\u00e7in genel polistiren 1540&#8217;\u0131n enjeksiyon kal\u0131plamas\u0131nda. <\/span><span style=\"color: #000000;\">Ekstr\u00fczyonda genel polistiren bile\u015fi\u011fi 1540 levha, film veya profil yapmak i\u00e7in de kullan\u0131l\u0131r.<\/span><\/p>\n\t\t\t\t\t\t\t\t<\/div>\n\t\t\t\t\t<\/div>\n\t\t<\/div>\n\t\t\t\t<div class=\"elementor-column elementor-col-50 elementor-top-column elementor-element elementor-element-3895673\" data-id=\"3895673\" data-element_type=\"column\" data-e-type=\"column\">\n\t\t\t<div class=\"elementor-widget-wrap elementor-element-populated\">\n\t\t\t\t\t\t<div class=\"elementor-element elementor-element-2771311 elementor-widget elementor-widget-image\" data-id=\"2771311\" data-element_type=\"widget\" data-e-type=\"widget\" data-widget_type=\"image.default\">\n\t\t\t\t\t\t\t\t\t\t\t\t\t\t\t<img loading=\"lazy\" decoding=\"async\" width=\"500\" height=\"500\" src=\"https:\/\/karinapolymer.com\/wp-content\/uploads\/2025\/02\/GPPS-15401-2.jpg\" class=\"attachment-full size-full wp-image-9204\" alt=\"\u06a9\u0627\u0631\u0628\u0631\u062f\u0647\u0627\u06cc \u0627\u0635\u0644\u06cc \u067e\u0644\u06cc \u0627\u0633\u062a\u0627\u06cc\u0631\u0646 \u0639\u0645\u0648\u0645\u06cc \u06f1\u06f5\u06f4\u06f0\" srcset=\"https:\/\/karinapolymer.com\/wp-content\/uploads\/2025\/02\/GPPS-15401-2.jpg 500w, https:\/\/karinapolymer.com\/wp-content\/uploads\/2025\/02\/GPPS-15401-2-300x300.jpg 300w, https:\/\/karinapolymer.com\/wp-content\/uploads\/2025\/02\/GPPS-15401-2-150x150.jpg 150w\" sizes=\"auto, (max-width: 500px) 100vw, 500px\" \/>\t\t\t\t\t\t\t\t\t\t\t\t\t\t\t<\/div>\n\t\t\t\t<div class=\"elementor-element elementor-element-4157924 color-scheme-inherit text-left elementor-widget elementor-widget-text-editor\" data-id=\"4157924\" data-element_type=\"widget\" data-e-type=\"widget\" data-widget_type=\"text-editor.default\">\n\t\t\t\t\t\t\t\t\t<h4 style=\"text-align: justify;\"><span style=\"color: #000000;\">Polistiren 1540 kullanman\u0131n avantajlar\u0131<\/span><\/h4>\n<p style=\"text-align: justify;\"><span style=\"color: #000000;\">Genel polistiren bile\u015fi\u011fi 1540&#8217;tan iyi boyut kararl\u0131l\u0131\u011f\u0131, y\u00fcksek \u015feffafl\u0131k, uygun fiyat, gama radyasyon direnci, y\u00fcksek sertlik ve elektriklenmeme, y\u00fcksek mukavemet vb. bahsedilebilir.<\/span><\/p>\n<p style=\"text-align: justify;\"><span style=\"color: #000000;\">Bu polimer kategorisinin s\u0131n\u0131rlamalar\u0131 aras\u0131nda \u015funlar yer almaktad\u0131r: <\/span><\/p>\n<p style=\"text-align: justify;\"><span style=\"color: #000000;\">Ortam s\u0131cakl\u0131\u011f\u0131nda k\u0131r\u0131lganl\u0131k, UV&#8217;ye duyarl\u0131l\u0131k, y\u00fcksek yan\u0131c\u0131l\u0131k, \u00f6zellikle organik \u00e7\u00f6z\u00fcc\u00fclere kar\u015f\u0131 zay\u0131f kimyasal diren\u00e7 vb.<\/span><\/p>\n<h4 style=\"text-align: justify;\"><span style=\"color: #000000;\">GPPS1540&#8217;\u0131 d\u0131\u015fa aktar<\/span><\/h4>\n<p style=\"text-align: justify;\"><span style=\"color: #000000;\">Karina Polymer fabrikas\u0131nda \u00fcretilen t\u00fcm bile\u015fik \u00fcr\u00fcnler uluslararas\u0131 SGS standart derecesine sahiptir. Y\u0131llar\u0131n deneyimi ve \u00e7e\u015fitli bile\u015fiklerin \u00fcretimiyle, enjeksiyon ve ekstr\u00fczyon derecelerinde \u00e7e\u015fitli bile\u015fiklerin yan\u0131 s\u0131ra genel polistiren bile\u015fi\u011fi 1540&#8217;\u0131n ihracat\u0131nda i\u015fbirli\u011fi yapmaya, dan\u0131\u015fmanl\u0131k vermeye ve \u00f6zelle\u015ftirilmi\u015f bile\u015fikler \u00fcretmeye ve tedarik etmeye haz\u0131r\u0131z.<\/span><\/p>\n\t\t\t\t\t\t\t\t<\/div>\n\t\t\t\t\t<\/div>\n\t\t<\/div>\n\t\t\t\t\t<\/div>\n\t\t<\/section>\n\t\t\t\t<section class=\"elementor-section elementor-top-section elementor-element elementor-element-9959dca elementor-section-content-top elementor-section-boxed elementor-section-height-default elementor-section-height-default\" data-id=\"9959dca\" data-element_type=\"section\" data-e-type=\"section\">\n\t\t\t\t\t\t<div class=\"elementor-container elementor-column-gap-default\">\n\t\t\t\t\t<div class=\"elementor-column elementor-col-50 elementor-top-column elementor-element elementor-element-85d3e84\" data-id=\"85d3e84\" data-element_type=\"column\" data-e-type=\"column\">\n\t\t\t<div class=\"elementor-widget-wrap elementor-element-populated\">\n\t\t\t\t\t\t<div class=\"elementor-element elementor-element-b89b7b7 elementor-widget elementor-widget-image\" data-id=\"b89b7b7\" data-element_type=\"widget\" data-e-type=\"widget\" data-widget_type=\"image.default\">\n\t\t\t\t\t\t\t\t\t\t\t\t\t\t\t<img loading=\"lazy\" decoding=\"async\" width=\"500\" height=\"500\" src=\"https:\/\/karinapolymer.com\/wp-content\/uploads\/2025\/02\/GPPS-15401-1.jpg\" class=\"attachment-full size-full wp-image-9198\" alt=\"\u06a9\u0627\u0631\u0628\u0631\u062f \u067e\u0644\u06cc \u0627\u0633\u062a\u0627\u06cc\u0631\u0646 \u06f1\u06f5\u06f4\u06f0\" srcset=\"https:\/\/karinapolymer.com\/wp-content\/uploads\/2025\/02\/GPPS-15401-1.jpg 500w, https:\/\/karinapolymer.com\/wp-content\/uploads\/2025\/02\/GPPS-15401-1-300x300.jpg 300w, https:\/\/karinapolymer.com\/wp-content\/uploads\/2025\/02\/GPPS-15401-1-150x150.jpg 150w\" sizes=\"auto, (max-width: 500px) 100vw, 500px\" \/>\t\t\t\t\t\t\t\t\t\t\t\t\t\t\t<\/div>\n\t\t\t\t\t<\/div>\n\t\t<\/div>\n\t\t\t\t<div class=\"elementor-column elementor-col-50 elementor-top-column elementor-element elementor-element-d52481d\" data-id=\"d52481d\" data-element_type=\"column\" data-e-type=\"column\">\n\t\t\t<div class=\"elementor-widget-wrap elementor-element-populated\">\n\t\t\t\t\t\t<div class=\"elementor-element elementor-element-5997911 color-scheme-inherit text-left elementor-widget elementor-widget-text-editor\" data-id=\"5997911\" data-element_type=\"widget\" data-e-type=\"widget\" data-widget_type=\"text-editor.default\">\n\t\t\t\t\t\t\t\t\t<h3 style=\"text-align: right;\"><span style=\"color: #000000;\">Genel polistiren bile\u015fi\u011fi 1540&#8217;\u0131n daha fazla a\u00e7\u0131klamas\u0131<\/span><\/h3>\n<p style=\"text-align: justify;\"><span style=\"color: #000000;\">GPPS 1540 bile\u015fi\u011fi, y\u00fcksek darbeye dayan\u0131kl\u0131 polistiren (HIPS) ile kar\u015f\u0131la\u015ft\u0131r\u0131ld\u0131\u011f\u0131nda k\u0131r\u0131lgan olup, darbe direncinden \u00e7ok berrakl\u0131\u011f\u0131n ve sertli\u011fin daha \u00f6nemli oldu\u011fu uygulamalar i\u00e7in se\u00e7ilir. <\/span><\/p>\n<p style=\"text-align: justify;\"><strong><span style=\"color: #000000;\">\u00c7evresel hususlar<\/span><\/strong><\/p>\n<ul>\n<li style=\"text-align: right;\"><span style=\"color: #000000;\">Biyolojik olarak par\u00e7alanmaz; \u00d6zel geri d\u00f6n\u00fc\u015f\u00fcm veya bertaraf gerektirir.<\/span><\/li>\n<li style=\"text-align: right;\"><span style=\"color: #000000;\">Belirli \u00f6zellikler (\u0131s\u0131ya dayan\u0131kl\u0131l\u0131k veya katk\u0131 maddeleri gibi) i\u00e7in daima \u00fcreticinin teknik veri sayfas\u0131n\u0131 kontrol edin.<\/span><\/li>\n<\/ul>\n<p style=\"text-align: justify;\"><span style=\"color: #000000;\">&#8220;GPPS 1540&#8221; ifadesi \u00fcreticinin \u00f6zel form\u00fclasyonunu ifade ediyorsa, daha ayr\u0131nt\u0131l\u0131 uygulamalar i\u00e7in ilgili teknik dok\u00fcmanlar\u0131 kontrol edin.<\/span><\/p>\n<p style=\"text-align: justify;\"><strong><span style=\"color: #000000;\">Al\u0131c\u0131lar\u0131n dikkati<\/span><\/strong><\/p>\n<p style=\"text-align: justify;\"><span style=\"color: #000000;\">Polimer malzemelerde, \u00f6zellikle bile\u015fiklerde, en ucuz fiyata dikkat etmek en uygun maliyetli se\u00e7enek de\u011fildir ve d\u00fc\u015f\u00fck kaliteli bile\u015fikler sat\u0131n almak ve kullanmak nihai \u00fcr\u00fcn\u00fcn\u00fcz \u00fczerinde olumsuz etkilere sahiptir. Bu nedenle, do\u011frudan genel polistiren bile\u015fi\u011fi 1540 sat\u0131n al\u0131rken, l\u00fctfen \u00f6nce Karina Polymer&#8217;in teknik birimindeki bir uzmandan tavsiye al\u0131n.<\/span><\/p>\n\t\t\t\t\t\t\t\t<\/div>\n\t\t\t\t<div class=\"elementor-element elementor-element-83fd826 color-scheme-inherit text-left elementor-widget elementor-widget-text-editor\" data-id=\"83fd826\" data-element_type=\"widget\" data-e-type=\"widget\" data-widget_type=\"text-editor.default\">\n\t\t\t\t\t\t\t\t\t<p style=\"text-align: justify;\"><span style=\"color: #000000;\"><b>\u00d6nemli \u00fcreticiler<\/b><\/span><\/p>\n<p style=\"text-align: justify;\"><span style=\"color: #000000;\">Genel polistiren bile\u015fi\u011fi 1540&#8217;\u0131n \u00f6nemli avantajlar\u0131 g\u00f6z \u00f6n\u00fcne al\u0131nd\u0131\u011f\u0131nda, \u00e7e\u015fitli end\u00fcstrilerde genel plastik \u00fcr\u00fcnlerin \u00fcretiminde yayg\u0131n olarak kullan\u0131lmaktad\u0131r. Sonu\u00e7 olarak, polistiren 1540 kullanma se\u00e7imi \u00fcr\u00fcn\u00fcn t\u00fcr\u00fcne ve nihai kullan\u0131m\u0131na ba\u011fl\u0131d\u0131r ve avantajlar\u0131 ve dezavantajlar\u0131 dikkate al\u0131narak dikkatlice yap\u0131lmal\u0131d\u0131r. Bu konuda l\u00fctfen Sharma Karina Polymer&#8217;e dan\u0131\u015f\u0131n.<\/span><\/p>\n\t\t\t\t\t\t\t\t<\/div>\n\t\t\t\t\t<\/div>\n\t\t<\/div>\n\t\t\t\t\t<\/div>\n\t\t<\/section>\n\t\t\t\t<\/div>\n\t\t","protected":false},"excerpt":{"rendered":"<p style=\"text-align: justify;\"><span style=\"color: #000000;\">Genel Ama\u00e7l\u0131 Polistiren Bile\u015fi\u011fi GPPS 1540, \u015feffafl\u0131\u011f\u0131, sertli\u011fi ve kolay i\u015flenebilirli\u011fi nedeniyle \u00e7e\u015fitli uygulamalarda kullan\u0131lan sert ve \u015feffaf bir termoplastiktir.<\/span><\/p>\n<p><span style=\"color: #000000;\"><strong>Genel Polistiren Bile\u015fik 1540 \u00d6zellikleri<\/strong><\/span><\/p>\n<ul>\n<li><span style=\"color: #000000;\"><strong>\u00c7ok y\u00fcksek erime noktas\u0131<\/strong><\/span><\/li>\n<li><span style=\"color: #000000;\"><strong>Genel kullan\u0131m<\/strong><\/span><\/li>\n<li><span style=\"color: #000000;\"><strong>Darbe direnci<\/strong><\/span><\/li>\n<li><span style=\"color: #000000;\"><strong>Anti-elektrik (elektrik ak\u0131m\u0131na kar\u015f\u0131 yal\u0131tkan)<\/strong><\/span><\/li>\n<li><span style=\"color: #000000;\"><strong>Uluslararas\u0131 standart (ihracat i\u00e7in)<\/strong><\/span><\/li>\n<li><span style=\"color: #000000;\"><strong>Koku ve tat eksikli\u011fi<\/strong><\/span><\/li>\n<li><span style=\"color: #000000;\"><strong>Kal\u0131planabilirlik<\/strong><\/span><\/li>\n<li><span style=\"color: #000000;\"><strong>\u015eeffafl\u0131k ve parlakl\u0131k<\/strong><\/span><\/li>\n<li><span style=\"color: #000000;\"><strong>Kabul s\u00fcreci<\/strong><\/span><\/li>\n<li><span style=\"color: #000000;\"><strong>UV \u0131\u015f\u0131nlar\u0131na dayan\u0131kl\u0131<\/strong><\/span><\/li>\n<\/ul>\n<p><a href=\"https:\/\/karinapolymer.com\/wp-content\/uploads\/2025\/03\/ContemporaryNovel2.pdf\"><span style=\"color: #0000ff;\"><strong><span class=\"HwtZe\" lang=\"tr\"><span class=\"jCAhz ChMk0b\"><span class=\"ryNqvb\">GPPS 1540 Polistiren Bile\u015fik Katalo\u011funu indirmek i\u00e7in t\u0131klay\u0131n<\/span><\/span><\/span><\/strong><\/span><\/a><\/p>\n<p><span style=\"color: #000000;\"><strong>Genel polistiren 1540 fiyat\u0131 ve sipari\u015fi<\/strong><\/span><\/p>\n<p style=\"text-align: justify;\"><span style=\"color: #000000;\">Karina Polimer Fabrikas\u0131, en iyi kalite ve uygun fiyatla genel polistiren bile\u015fi\u011fi 1540 \u00fcretmektedir. Bu \u015firket, i\u00e7 pazar i\u00e7in ulusal standartlara ve d\u0131\u015f pazarlar ve ihracat i\u00e7in SGS ihracat standartlar\u0131na sahip \u00f6zel bir \u00fcretim hatt\u0131na sahiptir ve ambalaj, ila\u00e7 ve elektronikle ilgili \u00fcretim end\u00fcstrileri ve farkl\u0131 \u00fclkelere ihracat i\u00e7in sayg\u0131n t\u00fcccarlarla i\u015fbirli\u011fi yapmaya haz\u0131rd\u0131r.<\/span><\/p>\n<p style=\"text-align: justify;\"><span style=\"color: #000000;\">Karina Polimer firmas\u0131ndan genel polistiren bile\u015fi\u011fi 1540&#8217;\u0131 <strong>veri sayfas\u0131<\/strong> ve <strong>laboratuvar analizleriyle<\/strong> birlikte en iyi fiyat ve <strong>kalite g\u00fcvencesiyle<\/strong> telefon ve WhatsApp \u00fczerinden sorgulayabilir ve sat\u0131n alabilirsiniz.<\/span><\/p>\n","protected":false},"featured_media":9143,"template":"","meta":[],"product_brand":[],"product_cat":[306],"product_tag":[462,460,466,467,463,465,464,461],"class_list":{"0":"post-9138","1":"product","2":"type-product","3":"status-publish","4":"has-post-thumbnail","6":"product_cat-kristal-bilesigi","7":"product_tag-genel-polistiren-1540","8":"product_tag-genel-polistiren-bilesigi-1540","9":"product_tag-gpps-1540-tr","10":"product_tag-gpps-compound-tr","11":"product_tag-polistiren-1540","12":"product_tag-polistiren-bilesik-gpps-1540","13":"product_tag-polistiren-ureticisi-1540","14":"product_tag-polistiren-uretimi-1540","16":"first","17":"instock","18":"shipping-taxable","19":"product-type-grouped"},"_links":{"self":[{"href":"https:\/\/karinapolymer.com\/tr\/wp-json\/wp\/v2\/product\/9138","targetHints":{"allow":["GET"]}}],"collection":[{"href":"https:\/\/karinapolymer.com\/tr\/wp-json\/wp\/v2\/product"}],"about":[{"href":"https:\/\/karinapolymer.com\/tr\/wp-json\/wp\/v2\/types\/product"}],"version-history":[{"count":0,"href":"https:\/\/karinapolymer.com\/tr\/wp-json\/wp\/v2\/product\/9138\/revisions"}],"wp:featuredmedia":[{"embeddable":true,"href":"https:\/\/karinapolymer.com\/tr\/wp-json\/wp\/v2\/media\/9143"}],"wp:attachment":[{"href":"https:\/\/karinapolymer.com\/tr\/wp-json\/wp\/v2\/media?parent=9138"}],"wp:term":[{"taxonomy":"product_brand","embeddable":true,"href":"https:\/\/karinapolymer.com\/tr\/wp-json\/wp\/v2\/product_brand?post=9138"},{"taxonomy":"product_cat","embeddable":true,"href":"https:\/\/karinapolymer.com\/tr\/wp-json\/wp\/v2\/product_cat?post=9138"},{"taxonomy":"product_tag","embeddable":true,"href":"https:\/\/karinapolymer.com\/tr\/wp-json\/wp\/v2\/product_tag?post=9138"}],"curies":[{"name":"wp","href":"https:\/\/api.w.org\/{rel}","templated":true}]}}