{"id":9309,"date":"2025-03-12T04:45:24","date_gmt":"2025-03-12T05:45:24","guid":{"rendered":"https:\/\/karinapolymer.com\/?post_type=product&#038;p=9309"},"modified":"2025-03-14T08:30:21","modified_gmt":"2025-03-14T09:30:21","slug":"thermoplastic-elastomer","status":"publish","type":"product","link":"https:\/\/karinapolymer.com\/tr\/urun\/thermoplastic-elastomer\/","title":{"rendered":"\u015eeffaf termoplastik elastomer bile\u015fi\u011fi TPE"},"content":{"rendered":"\t\t<div data-elementor-type=\"product-post\" data-elementor-id=\"9309\" class=\"elementor elementor-9309 elementor-9305\" data-elementor-post-type=\"product\">\n\t\t\t\t\t\t<section class=\"elementor-section elementor-top-section elementor-element elementor-element-3706514 elementor-section-content-top elementor-section-boxed elementor-section-height-default elementor-section-height-default\" data-id=\"3706514\" data-element_type=\"section\" data-e-type=\"section\">\n\t\t\t\t\t\t<div class=\"elementor-container elementor-column-gap-default\">\n\t\t\t\t\t<div class=\"elementor-column elementor-col-50 elementor-top-column elementor-element elementor-element-9530970\" data-id=\"9530970\" data-element_type=\"column\" data-e-type=\"column\">\n\t\t\t<div class=\"elementor-widget-wrap elementor-element-populated\">\n\t\t\t\t\t\t<div class=\"elementor-element elementor-element-8721110 wd-width-100 elementor-widget elementor-widget-wd_title\" data-id=\"8721110\" data-element_type=\"widget\" data-e-type=\"widget\" data-widget_type=\"wd_title.default\">\n\t\t\t\t<div class=\"elementor-widget-container\">\n\t\t\t\t\t\t\t<div class=\"title-wrapper wd-set-mb reset-last-child wd-title-color-default wd-title-style-default wd-title-size-default text-right\">\n\n\t\t\t\n\t\t\t<div class=\"liner-continer\">\n\t\t\t\t<h4 class=\"woodmart-title-container title wd-fontsize-l\">\u015eeffaf termoplastik elastomer bile\u015fi\u011fi TPE'nin uygulanmas\u0131<\/h4> \n\t\t\t\t\t\t\t<\/div>\n\n\t\t\t\t\t<\/div>\n\t\t\t\t\t\t<\/div>\n\t\t\t\t<\/div>\n\t\t\t\t<div class=\"elementor-element elementor-element-5311416 color-scheme-inherit text-left elementor-widget elementor-widget-text-editor\" data-id=\"5311416\" data-element_type=\"widget\" data-e-type=\"widget\" data-widget_type=\"text-editor.default\">\n\t\t\t\t\t\t\t\t\t<p style=\"text-align: justify;\"><span style=\"color: #000000;\">\u015eeffaf termoplastik elastomer bile\u015fi\u011fi (TPE), TPE \u00fcr\u00fcn form\u00fclasyonunda bulunan termoplastik ve elastomer kombinasyonunun faydal\u0131 \u00f6zelliklerine ba\u011fl\u0131 olarak \u00e7e\u015fitli yararl\u0131 uygulamalara sahip olabilir.<\/span><\/p>\n<p style=\"text-align: justify;\"><span style=\"color: #000000;\">TPE bile\u015fi\u011fi \u0131s\u0131t\u0131ld\u0131\u011f\u0131nda yumu\u015fak ve esnektir ve so\u011futuldu\u011funda orijinal haline d\u00f6ner. Ayr\u0131ca elastik ve dayan\u0131kl\u0131d\u0131r ve bu iki \u00f6nemli neden, \u00f6zellikleriyle ilgili uygulamalar\u0131 olan \u00e7e\u015fitli end\u00fcstrilerde kullan\u0131lmas\u0131d\u0131r.<\/span><\/p>\n<p style=\"text-align: justify;\"><span style=\"color: #000000;\">\u015eeffaf termoplastik elastomer bile\u015fi\u011fi TPE&#8217;nin esas itibariyle benzersiz \u00f6zelli\u011fi, eritildi\u011finde elastikiyetinin artmas\u0131 ve tekrar yumu\u015famas\u0131, elastikiyet ve gerilebilirlik \u00f6zelli\u011fidir.<\/span><\/p>\n<p style=\"text-align: justify;\"><span style=\"color: #000000;\">\u015eeffaf termoplastik elastomer (TPE) bile\u015fiklerinin \u00f6nemli uygulamalar\u0131 \u015funlard\u0131r:<\/span><\/p>\n<ul>\n<li style=\"text-align: right;\">\n<div><span style=\"color: #000000;\"><strong>Otomotiv end\u00fcstrisi<\/strong><\/span><\/div>\n<\/li>\n<\/ul>\n<p style=\"text-align: justify;\"><span style=\"color: #000000;\">\u015eeffaf termoplastik elastomer (TPE), vites topuzu, direksiyon k\u0131l\u0131f\u0131 ve g\u00f6sterge paneli gibi ara\u00e7 i\u00e7 par\u00e7alar\u0131n\u0131n \u00fcretiminde kullan\u0131labilir.<br \/><\/span><span style=\"color: #000000;\"><strong>Kau\u00e7uk <\/strong><strong>conta <\/strong>ve <strong>contalar<\/strong>, <strong>s\u00fcspansiyon sistemi par\u00e7alar\u0131<\/strong> ve <strong>amortis\u00f6rlerde de kullan\u0131l\u0131r.<\/strong><\/span><\/p>\n<ul>\n<li style=\"text-align: right;\"><span style=\"color: #000000;\"><strong>T\u0131bbi ve sa\u011fl\u0131k malzemeleri \u00fcretimi<\/strong><\/span><\/li>\n<\/ul>\n<p style=\"text-align: justify;\"><span style=\"color: #000000;\">T\u0131bbi cihazlar\u0131n \u00fcretiminde \u015feffaf termoplastik elastomer bile\u015fikleri (TPE) kullan\u0131l\u0131r, \u00f6rne\u011fin:<\/span><\/p>\n<p style=\"text-align: justify;\"><span style=\"color: #000000;\">\u015e\u0131r\u0131ngalar ve enjeksiyon ekipmanlar\u0131<br \/>T\u0131bbi t\u00fcpler ve ba\u011flant\u0131 par\u00e7alar\u0131<br \/>Cerrahi aletler i\u00e7in kaymay\u0131 \u00f6nleyici saplar<br \/>T\u0131bbi alet k\u0131l\u0131f\u0131<br \/><\/span><\/p>\n<ul>\n<li style=\"text-align: right;\"><span style=\"color: #000000;\"><strong>Ambalaj end\u00fcstrisi<\/strong><\/span><\/li>\n<\/ul>\n<p style=\"text-align: justify;\"><span style=\"color: #000000;\">\u015eeffaf termoplastik elastomer bile\u015fi\u011fi TPE, <strong>yumu\u015fak \u015fi\u015fe<\/strong> ve kap kapaklar\u0131n\u0131n \u00fcretiminde, esnek <strong>ambalaj filmlerinin \u00fcretiminde<\/strong> ve son olarak s\u0131zd\u0131rmazl\u0131k <strong>contalar\u0131n\u0131n \u00fcretiminde kullan\u0131l\u0131r<\/strong>.<\/span><\/p>\n<ul>\n<li style=\"text-align: right;\"><span style=\"color: #000000;\"><strong>Elektrik ve elektronik end\u00fcstrileri<\/strong><\/span><\/li>\n<\/ul>\n<p style=\"text-align: justify;\"><span style=\"color: #000000;\">Termoplastik elastomer bile\u015fikleri, <strong>tel ve kablo k\u0131l\u0131flar\u0131<\/strong>, elektronik ekipmanlar i\u00e7in <strong>darbeye dayan\u0131kl\u0131 koruyucular<\/strong> ve elektronik cihazlarda <strong>kaymay\u0131 \u00f6nleyici<\/strong> par\u00e7alar gibi \u00f6zel elektronik bile\u015fenlerin \u00fcretiminde kullan\u0131l\u0131r.<\/span><\/p>\n\t\t\t\t\t\t\t\t<\/div>\n\t\t\t\t\t<\/div>\n\t\t<\/div>\n\t\t\t\t<div class=\"elementor-column elementor-col-50 elementor-top-column elementor-element elementor-element-3895673\" data-id=\"3895673\" data-element_type=\"column\" data-e-type=\"column\">\n\t\t\t<div class=\"elementor-widget-wrap elementor-element-populated\">\n\t\t\t\t\t\t<div class=\"elementor-element elementor-element-2771311 elementor-widget elementor-widget-image\" data-id=\"2771311\" data-element_type=\"widget\" data-e-type=\"widget\" data-widget_type=\"image.default\">\n\t\t\t\t\t\t\t\t\t\t\t\t\t\t\t<img loading=\"lazy\" decoding=\"async\" width=\"500\" height=\"500\" src=\"https:\/\/karinapolymer.com\/wp-content\/uploads\/2025\/03\/polystyrene-compound-1540-3.jpg\" class=\"attachment-full size-full wp-image-9383\" alt=\"\u06a9\u0627\u0631\u0628\u0631\u062f \u06a9\u0627\u0645\u067e\u0627\u0646\u062f \u0627\u0644\u0627\u0633\u062a\u0648\u0645\u0631 \u062a\u0631\u0645\u0648\u067e\u0644\u0627\u0633\u062a\u06cc\u06a9\" srcset=\"https:\/\/karinapolymer.com\/wp-content\/uploads\/2025\/03\/polystyrene-compound-1540-3.jpg 500w, https:\/\/karinapolymer.com\/wp-content\/uploads\/2025\/03\/polystyrene-compound-1540-3-300x300.jpg 300w, https:\/\/karinapolymer.com\/wp-content\/uploads\/2025\/03\/polystyrene-compound-1540-3-150x150.jpg 150w\" sizes=\"auto, (max-width: 500px) 100vw, 500px\" \/>\t\t\t\t\t\t\t\t\t\t\t\t\t\t\t<\/div>\n\t\t\t\t<div class=\"elementor-element elementor-element-4157924 color-scheme-inherit text-left elementor-widget elementor-widget-text-editor\" data-id=\"4157924\" data-element_type=\"widget\" data-e-type=\"widget\" data-widget_type=\"text-editor.default\">\n\t\t\t\t\t\t\t\t\t<ul>\n<li style=\"text-align: justify;\"><span style=\"color: #000000;\"><strong>Ev ve t\u00fcketim \u00fcr\u00fcnleri<\/strong><\/span><\/li>\n<\/ul>\n<p style=\"text-align: justify;\"><span style=\"color: #000000;\">\u015eeffaf termoplastik elastomer bile\u015fi\u011fi TPE, yumu\u015fak olmas\u0131na ra\u011fmen <strong>\u00f6zel mukavemet<\/strong> ve elastikiyet gerektiren alet saplar\u0131, makaslar, tornavidalar gibi t\u00fcketici ev \u00fcr\u00fcnlerinin \u00fcretiminde, ayr\u0131ca oyuncak ve spor malzemeleri \u00fcretiminde, kaymay\u0131 \u00f6nleyici pedler ve d\u00f6\u015femelerin \u00fcretiminde kullan\u0131l\u0131r.<\/span><\/p>\n<ul style=\"text-align: justify;\">\n<li><span style=\"color: #000000;\"><strong>Ayakkab\u0131 ve giyim sekt\u00f6r\u00fc<\/strong><\/span><\/li>\n<\/ul>\n<p style=\"text-align: justify;\"><span style=\"color: #000000;\">\u015eeffaf termoplastik elastomer (TPE) bile\u015fi\u011fi spor ayakkab\u0131lar\u0131n <strong>taban <\/strong>ve<strong> i\u00e7 tabanlar\u0131nda<\/strong>, su ge\u00e7irmez <strong>k\u0131yafetlerde lastik bantlarda<\/strong>, esnek ve <strong>rahat kay\u0131\u015flarda kullan\u0131l\u0131r<\/strong>.<\/span><\/p>\n<ul style=\"text-align: justify;\">\n<li><span style=\"color: #000000;\"><strong>\u0130n\u015faat sekt\u00f6r\u00fc<\/strong><\/span><\/li>\n<\/ul>\n<p style=\"text-align: justify;\"><span style=\"color: #000000;\">\u015eeffaf termoplastik elastomer bile\u015fi\u011fi TPE, s\u0131zd\u0131rmazl\u0131k bantlar\u0131 ve mastikleri gibi in\u015faat \u00fcr\u00fcnlerinin yan\u0131 s\u0131ra darbeye dayan\u0131kl\u0131 fayans ve kaplamalar\u0131n \u00fcretiminde de kullan\u0131lmaktad\u0131r.<\/span><\/p>\n\t\t\t\t\t\t\t\t<\/div>\n\t\t\t\t\t<\/div>\n\t\t<\/div>\n\t\t\t\t\t<\/div>\n\t\t<\/section>\n\t\t\t\t<section class=\"elementor-section elementor-top-section elementor-element elementor-element-9959dca elementor-section-content-top elementor-section-boxed elementor-section-height-default elementor-section-height-default\" data-id=\"9959dca\" data-element_type=\"section\" data-e-type=\"section\">\n\t\t\t\t\t\t<div class=\"elementor-container elementor-column-gap-default\">\n\t\t\t\t\t<div class=\"elementor-column elementor-col-50 elementor-top-column elementor-element elementor-element-85d3e84\" data-id=\"85d3e84\" data-element_type=\"column\" data-e-type=\"column\">\n\t\t\t<div class=\"elementor-widget-wrap elementor-element-populated\">\n\t\t\t\t\t\t<div class=\"elementor-element elementor-element-b89b7b7 elementor-widget elementor-widget-image\" data-id=\"b89b7b7\" data-element_type=\"widget\" data-e-type=\"widget\" data-widget_type=\"image.default\">\n\t\t\t\t\t\t\t\t\t\t\t\t\t\t\t<img loading=\"lazy\" decoding=\"async\" width=\"500\" height=\"500\" src=\"https:\/\/karinapolymer.com\/wp-content\/uploads\/2025\/03\/polystyrene-compound-1540-2.jpg\" class=\"attachment-full size-full wp-image-9389\" alt=\"\u06a9\u0627\u0631\u0628\u0631\u062f \u06a9\u0627\u0645\u067e\u0627\u0646\u062f \u0627\u0644\u0627\u0633\u062a\u0648\u0645\u0631 \u062a\u0631\u0645\u0648\u067e\u0644\u0627\u0633\u062a\u06cc\u06a9 \u0634\u0641\u0627\u0641 TPE\" srcset=\"https:\/\/karinapolymer.com\/wp-content\/uploads\/2025\/03\/polystyrene-compound-1540-2.jpg 500w, https:\/\/karinapolymer.com\/wp-content\/uploads\/2025\/03\/polystyrene-compound-1540-2-300x300.jpg 300w, https:\/\/karinapolymer.com\/wp-content\/uploads\/2025\/03\/polystyrene-compound-1540-2-150x150.jpg 150w\" sizes=\"auto, (max-width: 500px) 100vw, 500px\" \/>\t\t\t\t\t\t\t\t\t\t\t\t\t\t\t<\/div>\n\t\t\t\t\t<\/div>\n\t\t<\/div>\n\t\t\t\t<div class=\"elementor-column elementor-col-50 elementor-top-column elementor-element elementor-element-d52481d\" data-id=\"d52481d\" data-element_type=\"column\" data-e-type=\"column\">\n\t\t\t<div class=\"elementor-widget-wrap elementor-element-populated\">\n\t\t\t\t\t\t<div class=\"elementor-element elementor-element-5997911 color-scheme-inherit text-left elementor-widget elementor-widget-text-editor\" data-id=\"5997911\" data-element_type=\"widget\" data-e-type=\"widget\" data-widget_type=\"text-editor.default\">\n\t\t\t\t\t\t\t\t\t<h3 style=\"text-align: right;\"><span style=\"color: #000000;\">TPE termoplastik elastomer bile\u015fi\u011finin daha ayr\u0131nt\u0131l\u0131 a\u00e7\u0131klamas\u0131<\/span><\/h3>\n<p style=\"text-align: justify;\"><span style=\"color: #000000;\">TPE \u015feffaf termoplastik elastomer bile\u015fi\u011fi, di\u011fer elastomerlere k\u0131yasla y\u00fcksek elastikiyet ve dayan\u0131kl\u0131l\u0131k \u00f6zelliklerine sahiptir ve elastomer ve termoplasti\u011fin bir arada kullan\u0131ld\u0131\u011f\u0131 \u00f6zelliklere ba\u011fl\u0131 olarak kaliteli \u00fcr\u00fcnler \u00fcretmek i\u00e7in \u00e7e\u015fitli uygulamalara sahiptir.<\/span><\/p>\n<p style=\"text-align: justify;\"><span style=\"color: #000000;\"><strong>\u00c7evresel hususlar<\/strong><\/span><\/p>\n<ul>\n<li style=\"text-align: right;\"><span style=\"color: #000000;\">Neyse ki \u015feffaf termoplastik elastomer bile\u015fi\u011fi TPE geri <strong>d\u00f6n\u00fc\u015ft\u00fcr\u00fclebilir<\/strong>.<\/span><\/li>\n<li style=\"text-align: right;\"><span style=\"color: #000000;\">T\u00fcketimden sonra termoplastik elastomer bile\u015fi\u011fi tekrar \u00fcretim d\u00f6ng\u00fcs\u00fcne d\u00f6nd\u00fcr\u00fclebilir ve yeniden kullan\u0131labilir.<\/span><\/li>\n<\/ul>\n<p style=\"text-align: justify;\"><span style=\"color: #000000;\">\u015eeffaf termoplastik elastomer TPE bile\u015fi\u011finin haz\u0131rlanmas\u0131, belirli \u00fcr\u00fcnlerin \u00fcretimi i\u00e7in \u00f6zel bir form\u00fclasyona at\u0131fta bulunuyorsa, daha detayl\u0131 uygulamalar i\u00e7in ilgili teknik dok\u00fcmantasyonu Karina \u015eirketi uzman\u0131na g\u00f6nderin ve inceledikten sonra tavsiye al\u0131n.<\/span><\/p>\n<h4 style=\"text-align: justify;\"><span style=\"color: #000000;\">\u015eeffaf termoplastik elastomer bile\u015fi\u011fi TPE&#8217;nin kullan\u0131m\u0131n\u0131n avantajlar\u0131<\/span><\/h4>\n<p style=\"text-align: justify;\"><span style=\"color: #000000;\">\u00c7ok esnektir ve hava ko\u015fullar\u0131na ve kimyasallara kar\u015f\u0131 olduk\u00e7a dayan\u0131kl\u0131d\u0131r. Bu TPE bile\u015fi\u011fi enjeksiyon ve ekstr\u00fczyon y\u00f6ntemlerinde mevcuttur ve plastik \u00fcr\u00fcnlerin \u00fcretim s\u00fcrecini kolayla\u015ft\u0131r\u0131r.<\/span><\/p>\n<h4 style=\"text-align: justify;\"><span style=\"color: #000000;\">TPE bile\u015fi\u011finin ihracat\u0131<\/span><\/h4>\n<p style=\"text-align: justify;\"><span style=\"color: #000000;\">Karina Polymer fabrikas\u0131nda \u00fcretilen t\u00fcm bile\u015fik \u00fcr\u00fcnler uluslararas\u0131 SGS standart derecesine sahiptir. Y\u0131llar\u0131n deneyimi ve \u00e7e\u015fitli bile\u015fiklerin \u00fcretimiyle, enjeksiyon ve ekstr\u00fczyon derecelerinde \u00e7e\u015fitli bile\u015fiklerin yan\u0131 s\u0131ra genel polistiren bile\u015fi\u011fi 1540&#8217;\u0131n ihracat\u0131nda i\u015fbirli\u011fi yapmaya, dan\u0131\u015fmanl\u0131k vermeye ve \u00f6zelle\u015ftirilmi\u015f bile\u015fikler \u00fcretmeye ve tedarik etmeye haz\u0131r\u0131z.<\/span><\/p>\n\t\t\t\t\t\t\t\t<\/div>\n\t\t\t\t\t<\/div>\n\t\t<\/div>\n\t\t\t\t\t<\/div>\n\t\t<\/section>\n\t\t\t\t<\/div>\n\t\t","protected":false},"excerpt":{"rendered":"<p style=\"text-align: justify;\"><span style=\"color: #000000;\">Termoplastik Elastomer (TPE) bile\u015fi\u011fi, kau\u00e7u\u011fun elastik \u00f6zelliklerini ve plasti\u011fin i\u015flenebilirli\u011fini birle\u015ftiren bir polimer t\u00fcr\u00fcd\u00fcr. Bu malzemeler oda s\u0131cakl\u0131\u011f\u0131nda kau\u00e7uk gibi esnektir, ancak \u0131s\u0131yla yumu\u015far ve kolayca \u015fekil al\u0131rlar. <\/span><\/p>\n<p><span style=\"color: #000000;\"><strong>Termoplastik elastomerlerin \u00f6zellikleri<\/strong><\/span><\/p>\n<ul>\n<li><span style=\"color: #000000;\"><strong>Y\u00fcksek esneklik<\/strong><\/span><\/li>\n<li><span style=\"color: #000000;\"><strong>Hava ko\u015fullar\u0131na ve kimyasallara dayan\u0131kl\u0131l\u0131k<\/strong><\/span><\/li>\n<li><span style=\"color: #000000;\"><strong>Enjeksiyon ve ekstr\u00fczyon y\u00f6ntemleriyle kolay i\u015fleme<\/strong><\/span><\/li>\n<li><span style=\"color: #000000;\"><strong>Geri d\u00f6n\u00fc\u015ft\u00fcr\u00fclebilirlik ve yeniden kullan\u0131labilirlik<\/strong><\/span><\/li>\n<li><span style=\"color: #000000;\"><strong>M\u00fckemmel b\u00fck\u00fclme direnci<\/strong><\/span><\/li>\n<li><span style=\"color: #000000;\"><strong>Y\u00fcksek renk hasl\u0131\u011f\u0131<\/strong><\/span><\/li>\n<li><span style=\"color: #000000;\"><strong>Yeterli g\u00fc\u00e7<\/strong><\/span><\/li>\n<li><span style=\"color: #000000;\"><strong>Korozyon direnci<\/strong><\/span><\/li>\n<\/ul>\n<p><span style=\"color: #000000;\"><strong>Termoplastik Elastomerler Katalo\u011funu indirmek i\u00e7in t\u0131klay\u0131n<\/strong><\/span><\/p>\n<p style=\"text-align: justify;\"><span style=\"color: #000000;\">TPE bile\u015fi\u011fi \u00e7e\u015fitli end\u00fcstrilerde en yayg\u0131n kullan\u0131lan ve faydal\u0131 bile\u015fiklerden biri olup, plastiklerin hammaddesi olarak yayg\u0131n olarak kullan\u0131lmaktad\u0131r.<\/span><\/p>\n<p style=\"text-align: justify;\"><span style=\"color: #000000;\">Termoplastikler ve elastomerlerin birle\u015fik \u00f6zelliklerinden dolay\u0131, s\u0131cakl\u0131k artt\u0131k\u00e7a ve erime noktas\u0131na ula\u015ft\u0131klar\u0131nda erimeleri, s\u0131cakl\u0131k d\u00fc\u015ft\u00fck\u00e7e tekrar kat\u0131 hale d\u00f6nmeleri ve bu s\u00fcrecin bir\u00e7ok kez tekrarlanmas\u0131 m\u00fcmk\u00fcnd\u00fcr.<\/span><\/p>\n<p style=\"text-align: justify;\"><span style=\"color: #000000;\">\u015eeffaf TPE bile\u015fi\u011fi y\u00fcksek esnekli\u011fe sahip termoplastiklerden biridir.<\/span><\/p>\n<p><span style=\"color: #000000;\"><strong>Termoplastik elastomer fiyat\u0131<\/strong><\/span><\/p>\n<p style=\"text-align: justify;\"><span style=\"color: #000000;\">Karina Polimer Fabrikas\u0131, en iyi kalite ve uygun fiyatla \u015feffaf termoplastik elastomer polimer bile\u015fi\u011fi TPE \u00fcretmektedir. \u015eirket, i\u00e7 pazar i\u00e7in ulusal standartlara ve d\u0131\u015f pazarlar ve ihracat i\u00e7in SGS ihracat standartlar\u0131na sahip \u00f6zel bir \u00fcretim hatt\u0131na sahiptir ve ambalaj, ila\u00e7 ve elektronikle ilgili \u00fcretim end\u00fcstrileri ve farkl\u0131 \u00fclkelere ihracat i\u00e7in sayg\u0131n t\u00fcccarlarla i\u015fbirli\u011fi yapmaya haz\u0131rd\u0131r.<\/span><\/p>\n<p><span style=\"color: #000000;\"><strong>Termoplastik elastomer sat\u0131n al ve sipari\u015f et<\/strong><\/span><\/p>\n<p style=\"text-align: justify;\"><span style=\"color: #000000;\">Karina Polimer firmas\u0131ndan \u015feffaf termoplastik elastomeri en <strong>uygun fiyat<\/strong> ve <strong>kalite g\u00fcvencesiyle<\/strong>, veri sayfalar\u0131 ve <strong>laboratuvar analizleriyle<\/strong> birlikte telefon ve WhatsApp \u00fczerinden sorgulayabilir ve sat\u0131n alabilirsiniz.<\/span><\/p>\n","protected":false},"featured_media":9328,"template":"","meta":[],"product_brand":[],"product_cat":[511],"product_tag":[518,516,514,515,512,513,517],"class_list":{"0":"post-9309","1":"product","2":"type-product","3":"status-publish","4":"has-post-thumbnail","6":"product_cat-termoplastik-elastomer-bilesigi","7":"product_tag-seffaf-termoplastik-elastomer","8":"product_tag-termoplastik-elastomer","9":"product_tag-termoplastik-elastomer-bilesigi","10":"product_tag-termoplastik-elastomer-bilesigi-tr","11":"product_tag-termoplastik-elastomer-bilesikleri","12":"product_tag-termoplastik-elastomerler","13":"product_tag-tpe-bilesigi","15":"first","16":"instock","17":"shipping-taxable","18":"product-type-grouped"},"_links":{"self":[{"href":"https:\/\/karinapolymer.com\/tr\/wp-json\/wp\/v2\/product\/9309","targetHints":{"allow":["GET"]}}],"collection":[{"href":"https:\/\/karinapolymer.com\/tr\/wp-json\/wp\/v2\/product"}],"about":[{"href":"https:\/\/karinapolymer.com\/tr\/wp-json\/wp\/v2\/types\/product"}],"version-history":[{"count":0,"href":"https:\/\/karinapolymer.com\/tr\/wp-json\/wp\/v2\/product\/9309\/revisions"}],"wp:featuredmedia":[{"embeddable":true,"href":"https:\/\/karinapolymer.com\/tr\/wp-json\/wp\/v2\/media\/9328"}],"wp:attachment":[{"href":"https:\/\/karinapolymer.com\/tr\/wp-json\/wp\/v2\/media?parent=9309"}],"wp:term":[{"taxonomy":"product_brand","embeddable":true,"href":"https:\/\/karinapolymer.com\/tr\/wp-json\/wp\/v2\/product_brand?post=9309"},{"taxonomy":"product_cat","embeddable":true,"href":"https:\/\/karinapolymer.com\/tr\/wp-json\/wp\/v2\/product_cat?post=9309"},{"taxonomy":"product_tag","embeddable":true,"href":"https:\/\/karinapolymer.com\/tr\/wp-json\/wp\/v2\/product_tag?post=9309"}],"curies":[{"name":"wp","href":"https:\/\/api.w.org\/{rel}","templated":true}]}}