{"id":10346,"date":"2025-02-08T14:09:14","date_gmt":"2025-02-08T15:09:14","guid":{"rendered":"https:\/\/karinapolymer.com\/product\/f7000-polietilen-birikmasi\/"},"modified":"2025-08-12T18:00:22","modified_gmt":"2025-08-12T18:00:22","slug":"f7000-polietilen-birikmasi","status":"publish","type":"product","link":"https:\/\/karinapolymer.com\/uz\/mahsulot\/f7000-polietilen-birikmasi\/","title":{"rendered":"F7000 polietilen birikmasi"},"content":{"rendered":"\t\t<div data-elementor-type=\"product-post\" data-elementor-id=\"10346\" class=\"elementor elementor-10346 elementor-8711\" data-elementor-post-type=\"product\">\n\t\t\t\t\t\t<section class=\"elementor-section elementor-top-section elementor-element elementor-element-3706514 elementor-section-content-top elementor-section-boxed elementor-section-height-default elementor-section-height-default\" data-id=\"3706514\" data-element_type=\"section\" data-e-type=\"section\">\n\t\t\t\t\t\t<div class=\"elementor-container elementor-column-gap-default\">\n\t\t\t\t\t<div class=\"elementor-column elementor-col-50 elementor-top-column elementor-element elementor-element-9530970\" data-id=\"9530970\" data-element_type=\"column\" data-e-type=\"column\">\n\t\t\t<div class=\"elementor-widget-wrap elementor-element-populated\">\n\t\t\t\t\t\t<div class=\"elementor-element elementor-element-8721110 wd-width-100 elementor-widget elementor-widget-wd_title\" data-id=\"8721110\" data-element_type=\"widget\" data-e-type=\"widget\" data-widget_type=\"wd_title.default\">\n\t\t\t\t<div class=\"elementor-widget-container\">\n\t\t\t\t\t\t\t<div class=\"title-wrapper wd-set-mb reset-last-child wd-title-color-default wd-title-style-default wd-title-size-default text-right\">\n\n\t\t\t\n\t\t\t<div class=\"liner-continer\">\n\t\t\t\t<h4 class=\"woodmart-title-container title wd-fontsize-l\">F7000 polietilen birikmasini qo'llash<\/h4> \n\t\t\t\t\t\t\t<\/div>\n\n\t\t\t\t\t<\/div>\n\t\t\t\t\t\t<\/div>\n\t\t\t\t<\/div>\n\t\t\t\t<div class=\"elementor-element elementor-element-5311416 color-scheme-inherit text-left elementor-widget elementor-widget-text-editor\" data-id=\"5311416\" data-element_type=\"widget\" data-e-type=\"widget\" data-widget_type=\"text-editor.default\">\n\t\t\t\t\t\t\t\t\t<p style=\"text-align: justify;\"><span style=\"color: #000000;\">F7000 polietilenining asosiy qo&#8217;llanilishi quyidagilardan iborat:<\/span><\/p><ul><li style=\"text-align: right;\"><span style=\"color: #000000;\"><strong>Qadoqlash filmlari<\/strong><\/span><\/li><\/ul><p style=\"text-align: justify;\"><span style=\"color: #000000;\">F7000 polietilenidan o&#8217;zining moslashuvchan xususiyatlari va yirtilib ketish va teshilishlarga<\/span> <span style=\"color: #000000;\">nisbatan yuqori chidamliligi (yuqori tortishish kuchi) tufayli oziq-ovqat mahsulotlarini qadoqlash plyonkalari, polietilen plyonkalar va polietilen paketlar ishlab chiqarishda keng qo&#8217;llaniladi.<\/span><\/p><ul><li style=\"text-align: right;\"><strong><span style=\"color: #000000;\">Qishloq xo&#8217;jaligi uchun filmlar<\/span><\/strong><\/li><\/ul><p style=\"text-align: justify;\"><span style=\"color: #000000;\">F7000 birikmasi issiqxona neylonlari va qishloq xo&#8217;jaligi erlarini qoplash uchun metrik neylonlar va namlikni saqlash va begona o&#8217;tlarni nazorat qilish uchun ishlatiladigan mulch plyonkalari kabi qishloq xo&#8217;jaligi plyonkalarini ishlab chiqarishda qo&#8217;llaniladi.<\/span><\/p><p style=\"text-align: justify;\"><br><strong><span style=\"color: #000000;\">Plastik himoya qoplamalari<\/span><\/strong><\/p><p style=\"text-align: justify;\"><span style=\"color: #000000;\">F7000 polietilen sanoat oziq-ovqat xom ashyosini, ayniqsa oziq-ovqat mahsulotlarini tashishda himoya qilish kabi nozik tovarlarni namlik va changdan himoya qilish uchun sanoat qadoqlashda ishlatiladigan himoya materialidir.<\/span><\/p><p style=\"text-align: justify;\"><br><strong><span style=\"color: #000000;\">Inyeksion kal\u0131plama qismlari<\/span><\/strong><\/p><p style=\"text-align: justify;\"> <span style=\"color: #000000;\">Mexanik xususiyatlariga ko&#8217;ra, F7000 polietilen qoliplash operatsiyalari uchun mos keladi va<\/span> <span style=\"color: #000000;\">o&#8217;yinchoqlar, konteynerlar va plastmassa uskunalari kabi inyeksion kal\u0131planm\u0131\u015f qismlarni ishlab chiqarish uchun ishlatiladi.<\/span><\/p><ul><li style=\"text-align: right;\"><strong><span style=\"color: #000000;\">Axlat qoplarini ishlab chiqarish<\/span><\/strong><\/li><\/ul><p style=\"text-align: justify;\"><span style=\"color: #000000;\">F7000 polietilen yuqori quvvat va yuqori moslashuvchanlikka ega bo&#8217;lgan turli xil axlat qoplarini ishlab chiqarish uchun ishlatiladi.<\/span><br><span style=\"color: #000000;\">Va F7000 polietilenining xarakteristikalari uning ko&#8217;pgina sohalarda qimmatbaho material sifatida keng qo&#8217;llanilishiga sabab bo&#8217;ladi va u har tomonlama turli xil ilovalarga ega.<\/span><\/p>\t\t\t\t\t\t\t\t<\/div>\n\t\t\t\t\t<\/div>\n\t\t<\/div>\n\t\t\t\t<div class=\"elementor-column elementor-col-50 elementor-top-column elementor-element elementor-element-3895673\" data-id=\"3895673\" data-element_type=\"column\" data-e-type=\"column\">\n\t\t\t<div class=\"elementor-widget-wrap elementor-element-populated\">\n\t\t\t\t\t\t<div class=\"elementor-element elementor-element-2771311 elementor-widget elementor-widget-image\" data-id=\"2771311\" data-element_type=\"widget\" data-e-type=\"widget\" data-widget_type=\"image.default\">\n\t\t\t\t\t\t\t\t\t\t\t\t\t\t\t<img loading=\"lazy\" decoding=\"async\" width=\"500\" height=\"500\" src=\"https:\/\/karinapolymer.com\/wp-content\/uploads\/2025\/02\/pe-f7000-use.jpg\" class=\"attachment-full size-full wp-image-8784\" alt=\"\u06a9\u0627\u0631\u0628\u0631\u062f \u06a9\u0627\u0645\u067e\u0627\u0646\u062f \u067e\u0644\u06cc \u0627\u062a\u06cc\u0644\u0646 F7000\" srcset=\"https:\/\/karinapolymer.com\/wp-content\/uploads\/2025\/02\/pe-f7000-use.jpg 500w, https:\/\/karinapolymer.com\/wp-content\/uploads\/2025\/02\/pe-f7000-use-300x300.jpg 300w, https:\/\/karinapolymer.com\/wp-content\/uploads\/2025\/02\/pe-f7000-use-150x150.jpg 150w\" sizes=\"auto, (max-width: 500px) 100vw, 500px\" \/>\t\t\t\t\t\t\t\t\t\t\t\t\t\t\t<\/div>\n\t\t\t\t<div class=\"elementor-element elementor-element-4157924 color-scheme-inherit text-left elementor-widget elementor-widget-text-editor\" data-id=\"4157924\" data-element_type=\"widget\" data-e-type=\"widget\" data-widget_type=\"text-editor.default\">\n\t\t\t\t\t\t\t\t\t<p style=\"text-align: justify;\"><span style=\"color: #000000;\">F7000 materiallarining boshqa qo&#8217;llanilishi quyida keltirilgan:<\/span><\/p><ul><li style=\"text-align: justify;\"><span style=\"color: #000000;\">Bir martalik qo&#8217;lqoplar ishlab chiqarish<\/span><\/li><li style=\"text-align: justify;\"><span style=\"color: #000000;\"> Muzlatgich sumkasi ishlab chiqarish<\/span><\/li><li style=\"text-align: justify;\"><span style=\"color: #000000;\">Oziq-ovqat va mevalarni tashish uchun sumkalar ishlab chiqarish<\/span><\/li><li style=\"text-align: justify;\"><span style=\"color: #000000;\">Tibbiy xalat ishlab chiqarish<\/span><\/li><\/ul>\t\t\t\t\t\t\t\t<\/div>\n\t\t\t\t\t<\/div>\n\t\t<\/div>\n\t\t\t\t\t<\/div>\n\t\t<\/section>\n\t\t\t\t<section class=\"elementor-section elementor-top-section elementor-element elementor-element-9959dca elementor-section-content-top elementor-section-boxed elementor-section-height-default elementor-section-height-default\" data-id=\"9959dca\" data-element_type=\"section\" data-e-type=\"section\">\n\t\t\t\t\t\t<div class=\"elementor-container elementor-column-gap-default\">\n\t\t\t\t\t<div class=\"elementor-column elementor-col-50 elementor-top-column elementor-element elementor-element-85d3e84\" data-id=\"85d3e84\" data-element_type=\"column\" data-e-type=\"column\">\n\t\t\t<div class=\"elementor-widget-wrap elementor-element-populated\">\n\t\t\t\t\t\t<div class=\"elementor-element elementor-element-b89b7b7 elementor-widget elementor-widget-image\" data-id=\"b89b7b7\" data-element_type=\"widget\" data-e-type=\"widget\" data-widget_type=\"image.default\">\n\t\t\t\t\t\t\t\t\t\t\t\t\t\t\t<img loading=\"lazy\" decoding=\"async\" width=\"500\" height=\"500\" src=\"https:\/\/karinapolymer.com\/wp-content\/uploads\/2025\/02\/pe-f7000-use2.jpg\" class=\"attachment-full size-full wp-image-8793\" alt=\"\u06a9\u0627\u0631\u0628\u0631\u062f \u06a9\u0627\u0645\u067e\u0627\u0646\u062fF7000\" srcset=\"https:\/\/karinapolymer.com\/wp-content\/uploads\/2025\/02\/pe-f7000-use2.jpg 500w, https:\/\/karinapolymer.com\/wp-content\/uploads\/2025\/02\/pe-f7000-use2-300x300.jpg 300w, https:\/\/karinapolymer.com\/wp-content\/uploads\/2025\/02\/pe-f7000-use2-150x150.jpg 150w\" sizes=\"auto, (max-width: 500px) 100vw, 500px\" \/>\t\t\t\t\t\t\t\t\t\t\t\t\t\t\t<\/div>\n\t\t\t\t<div class=\"elementor-element elementor-element-c6288fb color-scheme-inherit text-left elementor-widget elementor-widget-text-editor\" data-id=\"c6288fb\" data-element_type=\"widget\" data-e-type=\"widget\" data-widget_type=\"text-editor.default\">\n\t\t\t\t\t\t\t\t\t<h3 style=\"text-align: right;\"><span style=\"color: #000000;\">F7000 birikmasining sifati va standarti<\/span><\/h3><p style=\"text-align: justify;\"><strong><span style=\"color: #000000;\">Sifat nazorati va standartlari<\/span><\/strong><br><span style=\"color: #000000;\">F7000 polietilenini ishlab chiqarishda sifat uning nozik foydalanish holatlari tufayli alohida ahamiyatga ega. Turli sohalarda qo&#8217;llanilishining keng doirasi tufayli F7000 birikmasi xalqaro standartlarga muvofiq ishlab chiqarilishi kerak. Sifatni nazorat qilish jarayoni xom ashyoni tanlashdan ishlab chiqarish oxirigacha davom etadi va turli sinovlar va batafsil tekshiruvlarni o&#8217;z ichiga oladi.  <\/span><\/p><p style=\"text-align: justify;\"><span style=\"color: #000000;\">ISO va SGS standartlari F7000 mahsulotini tekshirish uchun eng yaxshi standart turi hisoblanadi va aralashmaning xaridori buyurtma berishda ishonchga ega bo&#8217;ladi va yakuniy mahsulotlar kerakli fizik va kimyoviy xususiyatlarga ega bo&#8217;ladi.<\/span><\/p><p style=\"text-align: justify;\"><span style=\"color: #000000;\">F7000 polietilen uchun valentlik, zarba va harorat sinovlari kabi maxsus sinovlar F7000 ishlab chiqarish namunalarida amalga oshirilgan muhim sinovlar qatoriga kiradi.<\/span><\/p><p style=\"text-align: justify;\"><span style=\"color: #000000;\">Shuningdek, F7000 polietilen ishlab chiqarish jarayoni ustidan doimiy ravishda Karina Polymer kompaniyasi mutaxassislarining bevosita nazorati va qayta ko&#8217;rib chiqilishi sifatni saqlab qolish va kamchiliklarni kamaytirishga yordam beradi. <strong>Ushbu sharhlar F7000 polietilenining<\/strong> sifatini mahalliy va xorijiy ishlab chiqaruvchilar uchun ideal variantga aylantiradi va Murakkab mijozlar F7000 polietileniga ko&#8217;proq ishonch bilan buyurtma berishadi.<\/span><\/p>\t\t\t\t\t\t\t\t<\/div>\n\t\t\t\t<div class=\"elementor-element elementor-element-1ecce8d elementor-widget elementor-widget-image\" data-id=\"1ecce8d\" data-element_type=\"widget\" data-e-type=\"widget\" data-widget_type=\"image.default\">\n\t\t\t\t\t\t\t\t\t\t\t\t\t\t\t<img loading=\"lazy\" decoding=\"async\" width=\"500\" height=\"500\" src=\"https:\/\/karinapolymer.com\/wp-content\/uploads\/2025\/02\/pe-f7000-3.jpg\" class=\"attachment-full size-full wp-image-8802\" alt=\"\u06a9\u0627\u0645\u067e\u0627\u0646\u062f \u067e\u0644\u06cc \u0627\u062a\u06cc\u0644\u0646 F7000\" srcset=\"https:\/\/karinapolymer.com\/wp-content\/uploads\/2025\/02\/pe-f7000-3.jpg 500w, https:\/\/karinapolymer.com\/wp-content\/uploads\/2025\/02\/pe-f7000-3-300x300.jpg 300w, https:\/\/karinapolymer.com\/wp-content\/uploads\/2025\/02\/pe-f7000-3-150x150.jpg 150w\" sizes=\"auto, (max-width: 500px) 100vw, 500px\" \/>\t\t\t\t\t\t\t\t\t\t\t\t\t\t\t<\/div>\n\t\t\t\t\t<\/div>\n\t\t<\/div>\n\t\t\t\t<div class=\"elementor-column elementor-col-50 elementor-top-column elementor-element elementor-element-d52481d\" data-id=\"d52481d\" data-element_type=\"column\" data-e-type=\"column\">\n\t\t\t<div class=\"elementor-widget-wrap elementor-element-populated\">\n\t\t\t\t\t\t<div class=\"elementor-element elementor-element-5997911 color-scheme-inherit text-left elementor-widget elementor-widget-text-editor\" data-id=\"5997911\" data-element_type=\"widget\" data-e-type=\"widget\" data-widget_type=\"text-editor.default\">\n\t\t\t\t\t\t\t\t\t<h3 style=\"text-align: right;\"><span style=\"color: #000000;\">F7000 birikmasining qo&#8217;shimcha tushuntirishlari<\/span><\/h3><p style=\"text-align: justify;\"><span style=\"color: #000000;\">F7000 birikmasi har xil turlarda ishlab chiqariladi va har bir turi turli sohalarda foydalanish uchun javob beradi. Karina Polymer Compound F7000 ishlab chiqarish zavodi turli foizlar va turli xil xususiyatlarga ega bo&#8217;lishi mumkin. Siz zavodingiz va biznesingizga muvofiq F7000 birikmasining har xil turlaridan birini buyurtma qilishingiz mumkin.<\/span><\/p><p style=\"text-align: justify;\"><span style=\"color: #000000;\">Ushbu birikma unda ishlatiladigan qo&#8217;shimchalar turiga qarab har xil turlarga bo&#8217;linadi va biz quyida ushbu turlarning har birini ko&#8217;rib chiqamiz.<\/span><\/p><p style=\"text-align: justify;\"><span style=\"color: #000000;\">Issiqlikka chidamli F7000 birikmasi: Ushbu turdagi birikma yuqori issiqlikka chidamliligiga ega va yuqori haroratga (masalan, dvigatel qismlari) ta&#8217;sir qiladigan mahsulotlarni ishlab chiqarishda qo&#8217;llaniladi. <\/span><br><span style=\"color: #000000;\">UVga chidamli F7000 birikmasi: Ushbu turdagi birikma ultrabinafsha nurlanishiga yuqori qarshilikka ega va quyosh nuri ta&#8217;sirida bo&#8217;lgan mahsulotlarni ishlab chiqarishda (masalan, sug&#8217;orish quvurlari) ishlatiladi. <\/span><br><span style=\"color: #000000;\"><strong>F7000 yong&#8217;inga chidamli birikma<\/strong>: Ushbu turdagi birikma yuqori yong&#8217;inga chidamliligiga ega va yong&#8217;in xavfsizligi muhim bo&#8217;lgan mahsulotlarni (kabel va simlar kabi) ishlab chiqarishda qo&#8217;llaniladi.<\/span><\/p><p style=\"text-align: justify;\"><span style=\"color: #000000;\">F7000 birikmasining turlari va uning turli sohalarda qo\u2018llanilishi haqida ko\u2018proq ma\u2019lumot olish uchun avvalo Karina Polimer kompaniyasining savdo bo\u2018limi mutaxassisi bilan maslahatlashib, hamyonbop narxda eng sifatli F7000 birikmasini tanlashingiz kerak.<\/span><\/p><p style=\"text-align: justify;\"><span style=\"color: #000000;\">Eslatma:<\/span><\/p><p style=\"text-align: justify;\"><span style=\"color: #000000;\">Polimer rejimida, ayniqsa aralashmada, eng arzon narxga e&#8217;tibor berish eng tejamkor variant emas va past sifatli aralashmani sotib olish va ishlatish yakuniy mahsulotingizga salbiy ta&#8217;sir ko&#8217;rsatishi mumkin. Shuning uchun F7000 polimer birikmasini to&#8217;g&#8217;ridan-to&#8217;g&#8217;ri sotib olish uchun biz bilan bog&#8217;laning va maslahat oling. <\/span><\/p>\t\t\t\t\t\t\t\t<\/div>\n\t\t\t\t<div class=\"elementor-element elementor-element-b54625d color-scheme-inherit text-left elementor-widget elementor-widget-text-editor\" data-id=\"b54625d\" data-element_type=\"widget\" data-e-type=\"widget\" data-widget_type=\"text-editor.default\">\n\t\t\t\t\t\t\t\t\t<p style=\"text-align: right;\"><span style=\"color: #000000;\"><strong>HDPE F7000 birikmasining afzalliklari<\/strong><\/span><\/p><p style=\"text-align: justify;\"><span style=\"color: #000000;\">F7000 birikmasining muhim afzalliklari orasida i<strong>ssiqlik va ta&#8217;sirga nisbatan yuqori qarshilik<\/strong>, <strong>qayta ishlanishi<\/strong>, <strong>mos elektr xususiyatlari<\/strong>, <strong>tutilishga qarshi<\/strong> va <strong>valentlik kuchi kiradi<\/strong>.<\/span><\/p><p style=\"text-align: justify;\"><span style=\"color: #000000;\"><strong>F7000 birikmasining yuqori issiqlikka <\/strong>chidamliligi uni issiq va sovuq sharoitlarda ishlatishga yaroqli qiladi.<\/span><\/p><p style=\"text-align: justify;\"><span style=\"color: #000000;\"><strong>Murakkab F7000<\/strong> <strong>ning qulay elektr<\/strong> xususiyatlari uni elektr komponentlarini ishlab chiqarish uchun juda mos qiladi.<\/span><\/p><p style=\"text-align: justify;\"><span style=\"color: #000000;\"><strong>Uzilish nuqtasidagi kuchlanish kuchi <\/strong>24 MPa = &gt;. Bu polietilenning sinishidan oldin bardosh bera oladigan maksimal kuchdir. Bu shuni ko&#8217;rsatadiki, bu xususiyat katta ahamiyatga ega va F7000 polietilen birikmasining sifati uchun standart sinovda ustuvor ahamiyatga ega. Shuning uchun, tanaffusdagi tortishish kuchi polietilenning qattiq kuchlanishga qarshi umumiy mustahkamligini o&#8217;lchashda muhim ahamiyatga ega. <\/span><\/p><p style=\"text-align: justify;\"><span style=\"color: #000000;\">Shuningdek, F7000 polietilenining chiqish nuqtasida <strong>kuchlanish kuchi<\/strong> 27 MPa ni tashkil qiladi, bu kuchlanish (kuch) miqdorini ifodalaydi. Chiqishdagi kuchlanish xususiyati polietilenning uzoq muddatli cho\u2018zilishga chidamliligini baholash uchun foydalidir va F7000 birikmasi plastik shaklga o\u2018tmaguncha (asl shakliga qaytmasdan) bardosh bera oladi.<\/span><\/p><p style=\"text-align: justify;\"><span style=\"color: #000000;\">F7000 birikmasining <strong>uzilish cho\u2018zilishi<\/strong>, uzilishdagi cho\u2018zilish= &gt;500, F7000 polietilenining sinishidan oldin sinash mumkin bo\u2018lgan cho\u2018zilish foizini ko\u2018rsatadi. Ushbu yuqori qiymat polietilenda yuqori moslashuvchanlikni ko&#8217;rsatadi, bu plastik plyonkalar kabi moslashuvchanlikni talab qiladigan ilovalarda muhim ahamiyatga ega. <\/span><\/p><p style=\"text-align: right;\"><span style=\"color: #000000;\"><strong>F7000 birikmasini cheklash<\/strong><\/span><\/p><p style=\"text-align: justify;\"><span style=\"color: #000000;\">F7000 polietilen birikmasining bir cheklovi shundaki, u quyoshdan keladigan UV nuriga sezgir bo&#8217;lib, quyoshda foydalanish uchun maxsus ishlov berish va uskunalar talab qilinadi, bu esa ishlab chiqarish xarajatlarini oshirishi mumkin. Shuning uchun, F7000 polietilen birikmasini ochiq muhitda yoki to&#8217;g&#8217;ridan-to&#8217;g&#8217;ri quyosh nuri ta&#8217;sirida ishlatish tavsiya etilmaydi.<\/span><\/p>\t\t\t\t\t\t\t\t<\/div>\n\t\t\t\t<div class=\"elementor-element elementor-element-83fd826 color-scheme-inherit text-left elementor-widget elementor-widget-text-editor\" data-id=\"83fd826\" data-element_type=\"widget\" data-e-type=\"widget\" data-widget_type=\"text-editor.default\">\n\t\t\t\t\t\t\t\t\t<p style=\"text-align: justify;\"><span style=\"color: #000000;\"><strong>Yakuniy <\/strong><strong>tush<\/strong><strong>untirish<\/strong><\/span><\/p><p style=\"text-align: justify;\"><span style=\"color: #000000;\">HDPE F7000 birikmasining muhim afzalliklarini hisobga olgan holda, u turli sohalarda keng foydalanish uchun mos alternativ hisoblanadi. Oxir oqibat, HDPE F 7000 birikmasidan foydalanishni tanlash mahsulotning turiga va yakuniy ishlatilishiga bog&#8217;liq bo&#8217;lib, ehtiyotkorlik bilan va uning afzalliklari va kamchiliklariga e&#8217;tibor qaratish lozim. Bu borada maslahat olish uchun Sharma Karina Polimer kompaniyasiga murojaat qiling.<\/span><\/p>\t\t\t\t\t\t\t\t<\/div>\n\t\t\t\t\t<\/div>\n\t\t<\/div>\n\t\t\t\t\t<\/div>\n\t\t<\/section>\n\t\t\t\t<\/div>\n\t\t","protected":false},"excerpt":{"rendered":"<p style=\"text-align: justify;\"><span style=\"color: #000000;\">Murakkab F7000 &#8211; bu plastik va plastmassa plyonka ishlab chiqarish sanoatida qo&#8217;llaniladigan polietilen asosidagi polimer mahsulotining bir turi. <strong>Murakkab F7000<\/strong> xususiyatlaridan kelib chiqqan holda, u nozik va engil plyonkalarni tayyorlash uchun mos keladi va yuqori qarshilikka ega. F7000 birikmasi plastmassa ishlab chiqarish sanoatida ham qo&#8217;llaniladi.  <\/span><\/p>\n<p style=\"text-align: justify;\"><span style=\"color: #000000;\">F7000 birikmasining zichligi yoki yuqori zichligi polietilen darajasida va bozorda katta talabga ega va eng amaliy og&#8217;ir polietilen birikmalaridan biri hisoblanadi. Albatta, agar F7000 birikmasi quyosh nuri va oksidlovchilardan uzoqda saqlansa, u uzoq vaqt davomida o&#8217;z xususiyatlarini saqlab qolishi mumkin.<\/span><\/p>\n<p><span style=\"color: #000000;\"><strong>F7000 Murakkab materialning xususiyatlari<\/strong><\/span><\/p>\n<ul>\n<li><span style=\"color: #000000;\"> Yuqori quvvat<\/span><\/li>\n<li><span style=\"color: #000000;\">Qabul qilinadigan puflangan filmlar<\/span><\/li>\n<li><span style=\"color: #000000;\">Yuqori molekulyar og&#8217;irlik<\/span><\/li>\n<li><span style=\"color: #000000;\">Xalqaro standart (eksport uchun)<\/span><\/li>\n<li><span style=\"color: #000000;\">A\u015f\u0131nmaya yuqori qarshilik<\/span><\/li>\n<li><span style=\"color: #000000;\">Juda yuqori erish nuqtasi<\/span><\/li>\n<li><span style=\"color: #000000;\">Yorilishga qarshilik<\/span><\/li>\n<\/ul>\n<p><span style=\"color: #000000;\"><strong>F7000 birikmasining narxi va tartibi<\/strong><\/span><\/p>\n<p style=\"text-align: justify;\"><span style=\"color: #000000;\">Karina Polimer fabrikasi ichki bozor uchun milliy standartlar va tashqi bozorlar va eksport uchun SGS eksport standartlari bilan eng sifatli va maqbul narxga ega F7000 Compound uchun maxsus ishlab chiqarish liniyasiga ega va sanoat va qishloq xo&#8217;jaligi plyonkalarini qadoqlash va ishlab chiqarish tarmoqlarida, shuningdek eksport uchun hurmatli savdogarlar bilan hamkorlik qilishga tayyor.<\/span><\/p>\n","protected":false},"featured_media":8767,"template":"","meta":[],"product_brand":[],"product_cat":[659],"product_tag":[724,725,726,727],"class_list":{"0":"post-10346","1":"product","2":"type-product","3":"status-publish","4":"has-post-thumbnail","6":"product_cat-ekstrudirovka-qilingan-polietilen","7":"product_tag-f7000-birikmasini-ishlab-chiqarish","8":"product_tag-f7000-birikmasini-ishlab-chiqarish-uz","9":"product_tag-f7000-polietilen-birikmasi","10":"product_tag-polietilen-birikmasini-ishlab-chiqarish","12":"first","13":"instock","14":"shipping-taxable","15":"product-type-grouped"},"_links":{"self":[{"href":"https:\/\/karinapolymer.com\/uz\/wp-json\/wp\/v2\/product\/10346","targetHints":{"allow":["GET"]}}],"collection":[{"href":"https:\/\/karinapolymer.com\/uz\/wp-json\/wp\/v2\/product"}],"about":[{"href":"https:\/\/karinapolymer.com\/uz\/wp-json\/wp\/v2\/types\/product"}],"version-history":[{"count":0,"href":"https:\/\/karinapolymer.com\/uz\/wp-json\/wp\/v2\/product\/10346\/revisions"}],"wp:featuredmedia":[{"embeddable":true,"href":"https:\/\/karinapolymer.com\/uz\/wp-json\/wp\/v2\/media\/8767"}],"wp:attachment":[{"href":"https:\/\/karinapolymer.com\/uz\/wp-json\/wp\/v2\/media?parent=10346"}],"wp:term":[{"taxonomy":"product_brand","embeddable":true,"href":"https:\/\/karinapolymer.com\/uz\/wp-json\/wp\/v2\/product_brand?post=10346"},{"taxonomy":"product_cat","embeddable":true,"href":"https:\/\/karinapolymer.com\/uz\/wp-json\/wp\/v2\/product_cat?post=10346"},{"taxonomy":"product_tag","embeddable":true,"href":"https:\/\/karinapolymer.com\/uz\/wp-json\/wp\/v2\/product_tag?post=10346"}],"curies":[{"name":"wp","href":"https:\/\/api.w.org\/{rel}","templated":true}]}}